{"id":21352,"date":"2022-04-11T17:31:18","date_gmt":"2022-04-11T16:31:18","guid":{"rendered":"https:\/\/neformemeaulonen.com\/?post_type=product&#038;p=21352"},"modified":"2022-11-08T13:43:59","modified_gmt":"2022-11-08T12:43:59","slug":"strece-amara","status":"publish","type":"product","link":"https:\/\/v1.neformemeaulonen.com\/en\/bli\/strece-amara\/","title":{"rendered":"Strece &#8211; Amara"},"content":{"rendered":"","protected":false},"excerpt":{"rendered":"<p>Nj\u00eb kostum q\u00eb do t\u2019ju b\u00ebj\u00eb t\u00eb ndiheni bukur dhe komode. Nj\u00eb material q\u00eb b\u00ebn diferenc\u00ebn n\u00eb prekje dhe imazh. Gjithcka \u00ebsht\u00eb krijuar q\u00eb t\u2019ju b\u00ebj\u00eb t\u00eb dukeni nj\u00eb mas\u00eb m\u00eb pak kjo fal\u00eb materialit q\u00eb t\u00eb mbledh, thekson belin e q\u00eb ka zero tejdukshm\u00ebri. Detaj mjaft interesant jan\u00eb xhepat an\u00ebsor\u00eb, ku mund t\u00eb vendosni dhe celularin nd\u00ebrkoh\u00eb q\u00eb jeni duke u stervitur Mund t\u2019I porosisni vecmas ose set I plot\u00eb.<\/p>\n<p><strong>\u2022 Masat S deri n\u00eb XL<\/strong><br \/>\n<strong>\u2022 Squat proof<\/strong><br \/>\n<strong>\u2022 0 tejdukshm\u00ebri<\/strong><br \/>\n<strong>\u2022 T\u00eb tregon nj\u00eb mas\u00eb m\u00eb pak<\/strong><\/p>","protected":false},"featured_media":21353,"comment_status":"open","ping_status":"closed","template":"","meta":[],"product_cat":[144,156],"product_tag":[],"class_list":{"0":"post-21352","1":"product","2":"type-product","3":"status-publish","4":"has-post-thumbnail","6":"product_cat-nfma-wear","7":"product_cat-strecet","9":"first","10":"instock","11":"taxable","12":"shipping-taxable","13":"purchasable","14":"product-type-variable"},"yoast_head":"<!-- This site is optimized with the Yoast SEO plugin v22.6 - https:\/\/yoast.com\/wordpress\/plugins\/seo\/ -->\n<title>Strece - Amara - N\u00eb form\u00eb me Aulonen<\/title>\n<meta name=\"robots\" content=\"index, follow, max-snippet:-1, max-image-preview:large, max-video-preview:-1\" \/>\n<link rel=\"canonical\" href=\"https:\/\/v1.neformemeaulonen.com\/en\/bli\/strece-amara\/\" \/>\n<meta property=\"og:locale\" content=\"en_US\" \/>\n<meta property=\"og:type\" content=\"article\" \/>\n<meta property=\"og:title\" content=\"Strece - Amara - N\u00eb form\u00eb me Aulonen\" \/>\n<meta property=\"og:description\" content=\"Nj\u00eb kostum q\u00eb do t\u2019ju b\u00ebj\u00eb t\u00eb ndiheni bukur dhe komode. Nj\u00eb material q\u00eb b\u00ebn diferenc\u00ebn n\u00eb prekje dhe imazh. Gjithcka \u00ebsht\u00eb krijuar q\u00eb t\u2019ju b\u00ebj\u00eb t\u00eb dukeni nj\u00eb mas\u00eb m\u00eb pak kjo fal\u00eb materialit q\u00eb t\u00eb mbledh, thekson belin e q\u00eb ka zero tejdukshm\u00ebri. Detaj mjaft interesant jan\u00eb xhepat an\u00ebsor\u00eb, ku mund t\u00eb vendosni dhe celularin nd\u00ebrkoh\u00eb q\u00eb jeni duke u stervitur Mund t\u2019I porosisni vecmas ose set I plot\u00eb.  \u2022 Masat S deri n\u00eb XL \u2022 Squat proof \u2022 0 tejdukshm\u00ebri \u2022 T\u00eb tregon nj\u00eb mas\u00eb m\u00eb pak\" \/>\n<meta property=\"og:url\" content=\"https:\/\/v1.neformemeaulonen.com\/en\/bli\/strece-amara\/\" \/>\n<meta property=\"og:site_name\" content=\"N\u00eb form\u00eb me Aulonen\" \/>\n<meta property=\"article:publisher\" content=\"https:\/\/www.facebook.com\/Ne-forme-me-Aulonen-101759141608331\/\" \/>\n<meta property=\"article:modified_time\" content=\"2022-11-08T12:43:59+00:00\" \/>\n<meta property=\"og:image\" content=\"https:\/\/v1.neformemeaulonen.com\/wp-content\/uploads\/2021\/11\/1-5.jpg\" \/>\n\t<meta property=\"og:image:width\" content=\"600\" \/>\n\t<meta property=\"og:image:height\" content=\"915\" \/>\n\t<meta property=\"og:image:type\" content=\"image\/jpeg\" \/>\n<meta name=\"twitter:card\" content=\"summary_large_image\" \/>\n<script type=\"application\/ld+json\" class=\"yoast-schema-graph\">{\"@context\":\"https:\/\/schema.org\",\"@graph\":[{\"@type\":\"WebPage\",\"@id\":\"https:\/\/v1.neformemeaulonen.com\/bli\/strece-amara\/\",\"url\":\"https:\/\/v1.neformemeaulonen.com\/bli\/strece-amara\/\",\"name\":\"Strece - Amara - N\u00eb form\u00eb me Aulonen\",\"isPartOf\":{\"@id\":\"https:\/\/v1.neformemeaulonen.com\/#website\"},\"primaryImageOfPage\":{\"@id\":\"https:\/\/v1.neformemeaulonen.com\/bli\/strece-amara\/#primaryimage\"},\"image\":{\"@id\":\"https:\/\/v1.neformemeaulonen.com\/bli\/strece-amara\/#primaryimage\"},\"thumbnailUrl\":\"https:\/\/v1.neformemeaulonen.com\/wp-content\/uploads\/2021\/11\/1-5.jpg\",\"datePublished\":\"2022-04-11T16:31:18+00:00\",\"dateModified\":\"2022-11-08T12:43:59+00:00\",\"breadcrumb\":{\"@id\":\"https:\/\/v1.neformemeaulonen.com\/bli\/strece-amara\/#breadcrumb\"},\"inLanguage\":\"en-US\",\"potentialAction\":[{\"@type\":\"ReadAction\",\"target\":[\"https:\/\/v1.neformemeaulonen.com\/bli\/strece-amara\/\"]}]},{\"@type\":\"ImageObject\",\"inLanguage\":\"en-US\",\"@id\":\"https:\/\/v1.neformemeaulonen.com\/bli\/strece-amara\/#primaryimage\",\"url\":\"https:\/\/v1.neformemeaulonen.com\/wp-content\/uploads\/2021\/11\/1-5.jpg\",\"contentUrl\":\"https:\/\/v1.neformemeaulonen.com\/wp-content\/uploads\/2021\/11\/1-5.jpg\",\"width\":600,\"height\":915},{\"@type\":\"BreadcrumbList\",\"@id\":\"https:\/\/v1.neformemeaulonen.com\/bli\/strece-amara\/#breadcrumb\",\"itemListElement\":[{\"@type\":\"ListItem\",\"position\":1,\"name\":\"Home\",\"item\":\"https:\/\/v1.neformemeaulonen.com\/\"},{\"@type\":\"ListItem\",\"position\":2,\"name\":\"Shop\",\"item\":\"https:\/\/v1.neformemeaulonen.com\/shop\/\"},{\"@type\":\"ListItem\",\"position\":3,\"name\":\"Strece &#8211; Amara\"}]},{\"@type\":\"WebSite\",\"@id\":\"https:\/\/v1.neformemeaulonen.com\/#website\",\"url\":\"https:\/\/v1.neformemeaulonen.com\/\",\"name\":\"N\u00eb form\u00eb me Aulonen\",\"description\":\"Aulona\",\"publisher\":{\"@id\":\"https:\/\/v1.neformemeaulonen.com\/#organization\"},\"potentialAction\":[{\"@type\":\"SearchAction\",\"target\":{\"@type\":\"EntryPoint\",\"urlTemplate\":\"https:\/\/v1.neformemeaulonen.com\/?s={search_term_string}\"},\"query-input\":\"required name=search_term_string\"}],\"inLanguage\":\"en-US\"},{\"@type\":\"Organization\",\"@id\":\"https:\/\/v1.neformemeaulonen.com\/#organization\",\"name\":\"Ne Forme Me Aulonen\",\"url\":\"https:\/\/v1.neformemeaulonen.com\/\",\"logo\":{\"@type\":\"ImageObject\",\"inLanguage\":\"en-US\",\"@id\":\"https:\/\/v1.neformemeaulonen.com\/#\/schema\/logo\/image\/\",\"url\":\"https:\/\/i0.wp.com\/neformemeaulonen.com\/wp-content\/uploads\/2021\/02\/cropped-logo-2.png?fit=512%2C512&ssl=1\",\"contentUrl\":\"https:\/\/i0.wp.com\/neformemeaulonen.com\/wp-content\/uploads\/2021\/02\/cropped-logo-2.png?fit=512%2C512&ssl=1\",\"width\":512,\"height\":512,\"caption\":\"Ne Forme Me Aulonen\"},\"image\":{\"@id\":\"https:\/\/v1.neformemeaulonen.com\/#\/schema\/logo\/image\/\"},\"sameAs\":[\"https:\/\/www.facebook.com\/Ne-forme-me-Aulonen-101759141608331\/\",\"https:\/\/www.instagram.com\/ne_forme_me_aulonen\/\"]}]}<\/script>\n<!-- \/ Yoast SEO plugin. -->","yoast_head_json":{"title":"Strece - Amara - N\u00eb form\u00eb me Aulonen","robots":{"index":"index","follow":"follow","max-snippet":"max-snippet:-1","max-image-preview":"max-image-preview:large","max-video-preview":"max-video-preview:-1"},"canonical":"https:\/\/v1.neformemeaulonen.com\/en\/bli\/strece-amara\/","og_locale":"en_US","og_type":"article","og_title":"Strece - Amara - N\u00eb form\u00eb me Aulonen","og_description":"Nj\u00eb kostum q\u00eb do t\u2019ju b\u00ebj\u00eb t\u00eb ndiheni bukur dhe komode. Nj\u00eb material q\u00eb b\u00ebn diferenc\u00ebn n\u00eb prekje dhe imazh. Gjithcka \u00ebsht\u00eb krijuar q\u00eb t\u2019ju b\u00ebj\u00eb t\u00eb dukeni nj\u00eb mas\u00eb m\u00eb pak kjo fal\u00eb materialit q\u00eb t\u00eb mbledh, thekson belin e q\u00eb ka zero tejdukshm\u00ebri. Detaj mjaft interesant jan\u00eb xhepat an\u00ebsor\u00eb, ku mund t\u00eb vendosni dhe celularin nd\u00ebrkoh\u00eb q\u00eb jeni duke u stervitur Mund t\u2019I porosisni vecmas ose set I plot\u00eb.  \u2022 Masat S deri n\u00eb XL \u2022 Squat proof \u2022 0 tejdukshm\u00ebri \u2022 T\u00eb tregon nj\u00eb mas\u00eb m\u00eb pak","og_url":"https:\/\/v1.neformemeaulonen.com\/en\/bli\/strece-amara\/","og_site_name":"N\u00eb form\u00eb me Aulonen","article_publisher":"https:\/\/www.facebook.com\/Ne-forme-me-Aulonen-101759141608331\/","article_modified_time":"2022-11-08T12:43:59+00:00","og_image":[{"width":600,"height":915,"url":"https:\/\/v1.neformemeaulonen.com\/wp-content\/uploads\/2021\/11\/1-5.jpg","type":"image\/jpeg"}],"twitter_card":"summary_large_image","schema":{"@context":"https:\/\/schema.org","@graph":[{"@type":"WebPage","@id":"https:\/\/v1.neformemeaulonen.com\/bli\/strece-amara\/","url":"https:\/\/v1.neformemeaulonen.com\/bli\/strece-amara\/","name":"Strece - Amara - N\u00eb form\u00eb me Aulonen","isPartOf":{"@id":"https:\/\/v1.neformemeaulonen.com\/#website"},"primaryImageOfPage":{"@id":"https:\/\/v1.neformemeaulonen.com\/bli\/strece-amara\/#primaryimage"},"image":{"@id":"https:\/\/v1.neformemeaulonen.com\/bli\/strece-amara\/#primaryimage"},"thumbnailUrl":"https:\/\/v1.neformemeaulonen.com\/wp-content\/uploads\/2021\/11\/1-5.jpg","datePublished":"2022-04-11T16:31:18+00:00","dateModified":"2022-11-08T12:43:59+00:00","breadcrumb":{"@id":"https:\/\/v1.neformemeaulonen.com\/bli\/strece-amara\/#breadcrumb"},"inLanguage":"en-US","potentialAction":[{"@type":"ReadAction","target":["https:\/\/v1.neformemeaulonen.com\/bli\/strece-amara\/"]}]},{"@type":"ImageObject","inLanguage":"en-US","@id":"https:\/\/v1.neformemeaulonen.com\/bli\/strece-amara\/#primaryimage","url":"https:\/\/v1.neformemeaulonen.com\/wp-content\/uploads\/2021\/11\/1-5.jpg","contentUrl":"https:\/\/v1.neformemeaulonen.com\/wp-content\/uploads\/2021\/11\/1-5.jpg","width":600,"height":915},{"@type":"BreadcrumbList","@id":"https:\/\/v1.neformemeaulonen.com\/bli\/strece-amara\/#breadcrumb","itemListElement":[{"@type":"ListItem","position":1,"name":"Home","item":"https:\/\/v1.neformemeaulonen.com\/"},{"@type":"ListItem","position":2,"name":"Shop","item":"https:\/\/v1.neformemeaulonen.com\/shop\/"},{"@type":"ListItem","position":3,"name":"Strece &#8211; Amara"}]},{"@type":"WebSite","@id":"https:\/\/v1.neformemeaulonen.com\/#website","url":"https:\/\/v1.neformemeaulonen.com\/","name":"N\u00eb form\u00eb me Aulonen","description":"Aulona","publisher":{"@id":"https:\/\/v1.neformemeaulonen.com\/#organization"},"potentialAction":[{"@type":"SearchAction","target":{"@type":"EntryPoint","urlTemplate":"https:\/\/v1.neformemeaulonen.com\/?s={search_term_string}"},"query-input":"required name=search_term_string"}],"inLanguage":"en-US"},{"@type":"Organization","@id":"https:\/\/v1.neformemeaulonen.com\/#organization","name":"Ne Forme Me Aulonen","url":"https:\/\/v1.neformemeaulonen.com\/","logo":{"@type":"ImageObject","inLanguage":"en-US","@id":"https:\/\/v1.neformemeaulonen.com\/#\/schema\/logo\/image\/","url":"https:\/\/i0.wp.com\/neformemeaulonen.com\/wp-content\/uploads\/2021\/02\/cropped-logo-2.png?fit=512%2C512&ssl=1","contentUrl":"https:\/\/i0.wp.com\/neformemeaulonen.com\/wp-content\/uploads\/2021\/02\/cropped-logo-2.png?fit=512%2C512&ssl=1","width":512,"height":512,"caption":"Ne Forme Me Aulonen"},"image":{"@id":"https:\/\/v1.neformemeaulonen.com\/#\/schema\/logo\/image\/"},"sameAs":["https:\/\/www.facebook.com\/Ne-forme-me-Aulonen-101759141608331\/","https:\/\/www.instagram.com\/ne_forme_me_aulonen\/"]}]}},"_links":{"self":[{"href":"https:\/\/v1.neformemeaulonen.com\/en\/wp-json\/wp\/v2\/product\/21352","targetHints":{"allow":["GET"]}}],"collection":[{"href":"https:\/\/v1.neformemeaulonen.com\/en\/wp-json\/wp\/v2\/product"}],"about":[{"href":"https:\/\/v1.neformemeaulonen.com\/en\/wp-json\/wp\/v2\/types\/product"}],"replies":[{"embeddable":true,"href":"https:\/\/v1.neformemeaulonen.com\/en\/wp-json\/wp\/v2\/comments?post=21352"}],"wp:featuredmedia":[{"embeddable":true,"href":"https:\/\/v1.neformemeaulonen.com\/en\/wp-json\/wp\/v2\/media\/21353"}],"wp:attachment":[{"href":"https:\/\/v1.neformemeaulonen.com\/en\/wp-json\/wp\/v2\/media?parent=21352"}],"wp:term":[{"taxonomy":"product_cat","embeddable":true,"href":"https:\/\/v1.neformemeaulonen.com\/en\/wp-json\/wp\/v2\/product_cat?post=21352"},{"taxonomy":"product_tag","embeddable":true,"href":"https:\/\/v1.neformemeaulonen.com\/en\/wp-json\/wp\/v2\/product_tag?post=21352"}],"curies":[{"name":"wp","href":"https:\/\/api.w.org\/{rel}","templated":true}]}}