{"id":12353,"date":"2021-02-24T09:16:50","date_gmt":"2021-02-24T08:16:50","guid":{"rendered":"https:\/\/neformemeaulonen.com\/?post_type=product&#038;p=12353"},"modified":"2022-12-26T00:01:48","modified_gmt":"2022-12-25T23:01:48","slug":"regjimi-ushqimor-per-shtim-peshe","status":"publish","type":"product","link":"https:\/\/v1.neformemeaulonen.com\/en\/bli\/regjimi-ushqimor-per-shtim-peshe\/","title":{"rendered":"Diet for weight gain"},"content":{"rendered":"","protected":false},"excerpt":{"rendered":"<p>This package contains the diet for 8 weeks. Applies to all those who want to gain weight. The regimen contains 3 main meals and 2 snacks during the day, for each day of the week. The term of this package expires after 10 weeks.<\/p>","protected":false},"featured_media":12361,"comment_status":"open","ping_status":"closed","template":"","meta":[],"product_cat":[153,64],"product_tag":[],"class_list":{"0":"post-12353","1":"product","2":"type-product","3":"status-publish","4":"has-post-thumbnail","6":"product_cat-dieta","7":"product_cat-shtim-ne-peshe","9":"first","10":"instock","11":"virtual","12":"sold-individually","13":"taxable","14":"purchasable","15":"product-type-simple"},"yoast_head":"<!-- This site is optimized with the Yoast SEO plugin v22.6 - https:\/\/yoast.com\/wordpress\/plugins\/seo\/ -->\n<title>Regjimi ushqimor per shtim peshe - N\u00eb form\u00eb me Aulonen<\/title>\n<meta name=\"robots\" content=\"index, follow, max-snippet:-1, max-image-preview:large, max-video-preview:-1\" \/>\n<link rel=\"canonical\" href=\"https:\/\/v1.neformemeaulonen.com\/en\/bli\/regjimi-ushqimor-per-shtim-peshe\/\" \/>\n<meta property=\"og:locale\" content=\"en_US\" \/>\n<meta property=\"og:type\" content=\"article\" \/>\n<meta property=\"og:title\" content=\"Regjimi ushqimor per shtim peshe - N\u00eb form\u00eb me Aulonen\" \/>\n<meta property=\"og:description\" content=\"Kjo paket\u00eb p\u00ebrmban regjimin ushqimor p\u00ebr 8 jav\u00eb. Vlen p\u00ebr t\u00eb gjitha ato q\u00eb duan t\u00eb shtojn\u00eb pesh\u00eb. Regjimi p\u00ebrmban 3 vaktet kryesore dhe 2 snack gjat\u00eb dit\u00ebs, p\u00ebr cdo dit\u00eb t\u00eb jav\u00ebs.Afati i kesaj pakete skadon pas 10-javesh.\" \/>\n<meta property=\"og:url\" content=\"https:\/\/v1.neformemeaulonen.com\/en\/bli\/regjimi-ushqimor-per-shtim-peshe\/\" \/>\n<meta property=\"og:site_name\" content=\"N\u00eb form\u00eb me Aulonen\" \/>\n<meta property=\"article:publisher\" content=\"https:\/\/www.facebook.com\/Ne-forme-me-Aulonen-101759141608331\/\" \/>\n<meta property=\"article:modified_time\" content=\"2022-12-25T23:01:48+00:00\" \/>\n<meta property=\"og:image\" content=\"https:\/\/v1.neformemeaulonen.com\/wp-content\/uploads\/2021\/02\/shtim_peshe.png\" \/>\n\t<meta property=\"og:image:width\" content=\"1041\" \/>\n\t<meta property=\"og:image:height\" content=\"780\" \/>\n\t<meta property=\"og:image:type\" content=\"image\/png\" \/>\n<meta name=\"twitter:card\" content=\"summary_large_image\" \/>\n<script type=\"application\/ld+json\" class=\"yoast-schema-graph\">{\"@context\":\"https:\/\/schema.org\",\"@graph\":[{\"@type\":\"WebPage\",\"@id\":\"https:\/\/v1.neformemeaulonen.com\/bli\/regjimi-ushqimor-per-shtim-peshe\/\",\"url\":\"https:\/\/v1.neformemeaulonen.com\/bli\/regjimi-ushqimor-per-shtim-peshe\/\",\"name\":\"Regjimi ushqimor per shtim peshe - N\u00eb form\u00eb me Aulonen\",\"isPartOf\":{\"@id\":\"https:\/\/v1.neformemeaulonen.com\/#website\"},\"primaryImageOfPage\":{\"@id\":\"https:\/\/v1.neformemeaulonen.com\/bli\/regjimi-ushqimor-per-shtim-peshe\/#primaryimage\"},\"image\":{\"@id\":\"https:\/\/v1.neformemeaulonen.com\/bli\/regjimi-ushqimor-per-shtim-peshe\/#primaryimage\"},\"thumbnailUrl\":\"https:\/\/v1.neformemeaulonen.com\/wp-content\/uploads\/2021\/02\/shtim_peshe.png\",\"datePublished\":\"2021-02-24T08:16:50+00:00\",\"dateModified\":\"2022-12-25T23:01:48+00:00\",\"breadcrumb\":{\"@id\":\"https:\/\/v1.neformemeaulonen.com\/bli\/regjimi-ushqimor-per-shtim-peshe\/#breadcrumb\"},\"inLanguage\":\"en-US\",\"potentialAction\":[{\"@type\":\"ReadAction\",\"target\":[\"https:\/\/v1.neformemeaulonen.com\/bli\/regjimi-ushqimor-per-shtim-peshe\/\"]}]},{\"@type\":\"ImageObject\",\"inLanguage\":\"en-US\",\"@id\":\"https:\/\/v1.neformemeaulonen.com\/bli\/regjimi-ushqimor-per-shtim-peshe\/#primaryimage\",\"url\":\"https:\/\/v1.neformemeaulonen.com\/wp-content\/uploads\/2021\/02\/shtim_peshe.png\",\"contentUrl\":\"https:\/\/v1.neformemeaulonen.com\/wp-content\/uploads\/2021\/02\/shtim_peshe.png\",\"width\":1041,\"height\":780},{\"@type\":\"BreadcrumbList\",\"@id\":\"https:\/\/v1.neformemeaulonen.com\/bli\/regjimi-ushqimor-per-shtim-peshe\/#breadcrumb\",\"itemListElement\":[{\"@type\":\"ListItem\",\"position\":1,\"name\":\"Home\",\"item\":\"https:\/\/v1.neformemeaulonen.com\/\"},{\"@type\":\"ListItem\",\"position\":2,\"name\":\"Shop\",\"item\":\"https:\/\/v1.neformemeaulonen.com\/shop\/\"},{\"@type\":\"ListItem\",\"position\":3,\"name\":\"Regjimi ushqimor per shtim peshe\"}]},{\"@type\":\"WebSite\",\"@id\":\"https:\/\/v1.neformemeaulonen.com\/#website\",\"url\":\"https:\/\/v1.neformemeaulonen.com\/\",\"name\":\"N\u00eb form\u00eb me Aulonen\",\"description\":\"Aulona\",\"publisher\":{\"@id\":\"https:\/\/v1.neformemeaulonen.com\/#organization\"},\"potentialAction\":[{\"@type\":\"SearchAction\",\"target\":{\"@type\":\"EntryPoint\",\"urlTemplate\":\"https:\/\/v1.neformemeaulonen.com\/?s={search_term_string}\"},\"query-input\":\"required name=search_term_string\"}],\"inLanguage\":\"en-US\"},{\"@type\":\"Organization\",\"@id\":\"https:\/\/v1.neformemeaulonen.com\/#organization\",\"name\":\"Ne Forme Me Aulonen\",\"url\":\"https:\/\/v1.neformemeaulonen.com\/\",\"logo\":{\"@type\":\"ImageObject\",\"inLanguage\":\"en-US\",\"@id\":\"https:\/\/v1.neformemeaulonen.com\/#\/schema\/logo\/image\/\",\"url\":\"https:\/\/i0.wp.com\/neformemeaulonen.com\/wp-content\/uploads\/2021\/02\/cropped-logo-2.png?fit=512%2C512&ssl=1\",\"contentUrl\":\"https:\/\/i0.wp.com\/neformemeaulonen.com\/wp-content\/uploads\/2021\/02\/cropped-logo-2.png?fit=512%2C512&ssl=1\",\"width\":512,\"height\":512,\"caption\":\"Ne Forme Me Aulonen\"},\"image\":{\"@id\":\"https:\/\/v1.neformemeaulonen.com\/#\/schema\/logo\/image\/\"},\"sameAs\":[\"https:\/\/www.facebook.com\/Ne-forme-me-Aulonen-101759141608331\/\",\"https:\/\/www.instagram.com\/ne_forme_me_aulonen\/\"]}]}<\/script>\n<!-- \/ Yoast SEO plugin. -->","yoast_head_json":{"title":"Regjimi ushqimor per shtim peshe - N\u00eb form\u00eb me Aulonen","robots":{"index":"index","follow":"follow","max-snippet":"max-snippet:-1","max-image-preview":"max-image-preview:large","max-video-preview":"max-video-preview:-1"},"canonical":"https:\/\/v1.neformemeaulonen.com\/en\/bli\/regjimi-ushqimor-per-shtim-peshe\/","og_locale":"en_US","og_type":"article","og_title":"Regjimi ushqimor per shtim peshe - N\u00eb form\u00eb me Aulonen","og_description":"Kjo paket\u00eb p\u00ebrmban regjimin ushqimor p\u00ebr 8 jav\u00eb. Vlen p\u00ebr t\u00eb gjitha ato q\u00eb duan t\u00eb shtojn\u00eb pesh\u00eb. Regjimi p\u00ebrmban 3 vaktet kryesore dhe 2 snack gjat\u00eb dit\u00ebs, p\u00ebr cdo dit\u00eb t\u00eb jav\u00ebs.Afati i kesaj pakete skadon pas 10-javesh.","og_url":"https:\/\/v1.neformemeaulonen.com\/en\/bli\/regjimi-ushqimor-per-shtim-peshe\/","og_site_name":"N\u00eb form\u00eb me Aulonen","article_publisher":"https:\/\/www.facebook.com\/Ne-forme-me-Aulonen-101759141608331\/","article_modified_time":"2022-12-25T23:01:48+00:00","og_image":[{"width":1041,"height":780,"url":"https:\/\/v1.neformemeaulonen.com\/wp-content\/uploads\/2021\/02\/shtim_peshe.png","type":"image\/png"}],"twitter_card":"summary_large_image","schema":{"@context":"https:\/\/schema.org","@graph":[{"@type":"WebPage","@id":"https:\/\/v1.neformemeaulonen.com\/bli\/regjimi-ushqimor-per-shtim-peshe\/","url":"https:\/\/v1.neformemeaulonen.com\/bli\/regjimi-ushqimor-per-shtim-peshe\/","name":"Regjimi ushqimor per shtim peshe - N\u00eb form\u00eb me Aulonen","isPartOf":{"@id":"https:\/\/v1.neformemeaulonen.com\/#website"},"primaryImageOfPage":{"@id":"https:\/\/v1.neformemeaulonen.com\/bli\/regjimi-ushqimor-per-shtim-peshe\/#primaryimage"},"image":{"@id":"https:\/\/v1.neformemeaulonen.com\/bli\/regjimi-ushqimor-per-shtim-peshe\/#primaryimage"},"thumbnailUrl":"https:\/\/v1.neformemeaulonen.com\/wp-content\/uploads\/2021\/02\/shtim_peshe.png","datePublished":"2021-02-24T08:16:50+00:00","dateModified":"2022-12-25T23:01:48+00:00","breadcrumb":{"@id":"https:\/\/v1.neformemeaulonen.com\/bli\/regjimi-ushqimor-per-shtim-peshe\/#breadcrumb"},"inLanguage":"en-US","potentialAction":[{"@type":"ReadAction","target":["https:\/\/v1.neformemeaulonen.com\/bli\/regjimi-ushqimor-per-shtim-peshe\/"]}]},{"@type":"ImageObject","inLanguage":"en-US","@id":"https:\/\/v1.neformemeaulonen.com\/bli\/regjimi-ushqimor-per-shtim-peshe\/#primaryimage","url":"https:\/\/v1.neformemeaulonen.com\/wp-content\/uploads\/2021\/02\/shtim_peshe.png","contentUrl":"https:\/\/v1.neformemeaulonen.com\/wp-content\/uploads\/2021\/02\/shtim_peshe.png","width":1041,"height":780},{"@type":"BreadcrumbList","@id":"https:\/\/v1.neformemeaulonen.com\/bli\/regjimi-ushqimor-per-shtim-peshe\/#breadcrumb","itemListElement":[{"@type":"ListItem","position":1,"name":"Home","item":"https:\/\/v1.neformemeaulonen.com\/"},{"@type":"ListItem","position":2,"name":"Shop","item":"https:\/\/v1.neformemeaulonen.com\/shop\/"},{"@type":"ListItem","position":3,"name":"Regjimi ushqimor per shtim peshe"}]},{"@type":"WebSite","@id":"https:\/\/v1.neformemeaulonen.com\/#website","url":"https:\/\/v1.neformemeaulonen.com\/","name":"N\u00eb form\u00eb me Aulonen","description":"Aulona","publisher":{"@id":"https:\/\/v1.neformemeaulonen.com\/#organization"},"potentialAction":[{"@type":"SearchAction","target":{"@type":"EntryPoint","urlTemplate":"https:\/\/v1.neformemeaulonen.com\/?s={search_term_string}"},"query-input":"required name=search_term_string"}],"inLanguage":"en-US"},{"@type":"Organization","@id":"https:\/\/v1.neformemeaulonen.com\/#organization","name":"Ne Forme Me Aulonen","url":"https:\/\/v1.neformemeaulonen.com\/","logo":{"@type":"ImageObject","inLanguage":"en-US","@id":"https:\/\/v1.neformemeaulonen.com\/#\/schema\/logo\/image\/","url":"https:\/\/i0.wp.com\/neformemeaulonen.com\/wp-content\/uploads\/2021\/02\/cropped-logo-2.png?fit=512%2C512&ssl=1","contentUrl":"https:\/\/i0.wp.com\/neformemeaulonen.com\/wp-content\/uploads\/2021\/02\/cropped-logo-2.png?fit=512%2C512&ssl=1","width":512,"height":512,"caption":"Ne Forme Me Aulonen"},"image":{"@id":"https:\/\/v1.neformemeaulonen.com\/#\/schema\/logo\/image\/"},"sameAs":["https:\/\/www.facebook.com\/Ne-forme-me-Aulonen-101759141608331\/","https:\/\/www.instagram.com\/ne_forme_me_aulonen\/"]}]}},"_links":{"self":[{"href":"https:\/\/v1.neformemeaulonen.com\/en\/wp-json\/wp\/v2\/product\/12353","targetHints":{"allow":["GET"]}}],"collection":[{"href":"https:\/\/v1.neformemeaulonen.com\/en\/wp-json\/wp\/v2\/product"}],"about":[{"href":"https:\/\/v1.neformemeaulonen.com\/en\/wp-json\/wp\/v2\/types\/product"}],"replies":[{"embeddable":true,"href":"https:\/\/v1.neformemeaulonen.com\/en\/wp-json\/wp\/v2\/comments?post=12353"}],"wp:featuredmedia":[{"embeddable":true,"href":"https:\/\/v1.neformemeaulonen.com\/en\/wp-json\/wp\/v2\/media\/12361"}],"wp:attachment":[{"href":"https:\/\/v1.neformemeaulonen.com\/en\/wp-json\/wp\/v2\/media?parent=12353"}],"wp:term":[{"taxonomy":"product_cat","embeddable":true,"href":"https:\/\/v1.neformemeaulonen.com\/en\/wp-json\/wp\/v2\/product_cat?post=12353"},{"taxonomy":"product_tag","embeddable":true,"href":"https:\/\/v1.neformemeaulonen.com\/en\/wp-json\/wp\/v2\/product_tag?post=12353"}],"curies":[{"name":"wp","href":"https:\/\/api.w.org\/{rel}","templated":true}]}}