{"id":12351,"date":"2021-02-24T09:15:28","date_gmt":"2021-02-24T08:15:28","guid":{"rendered":"https:\/\/neformemeaulonen.com\/?post_type=product&#038;p=12351"},"modified":"2022-12-26T00:01:48","modified_gmt":"2022-12-25T23:01:48","slug":"regjimi-ushqimor-per-dobesim","status":"publish","type":"product","link":"https:\/\/v1.neformemeaulonen.com\/en\/bli\/regjimi-ushqimor-per-dobesim\/","title":{"rendered":"Diet for weight loss"},"content":{"rendered":"","protected":false},"excerpt":{"rendered":"<p>This diet will not only help you lose a few pounds, but above all it will help you understand what it means to eat healthy and have a healthy diet, which should not only last two months, but needs to be transformed into a lifestyle.<\/p>","protected":false},"featured_media":12360,"comment_status":"open","ping_status":"closed","template":"","meta":[],"product_cat":[15,153],"product_tag":[],"class_list":{"0":"post-12351","1":"product","2":"type-product","3":"status-publish","4":"has-post-thumbnail","6":"product_cat-dobesim","7":"product_cat-dieta","9":"first","10":"instock","11":"virtual","12":"sold-individually","13":"taxable","14":"purchasable","15":"product-type-simple"},"yoast_head":"<!-- This site is optimized with the Yoast SEO plugin v22.6 - https:\/\/yoast.com\/wordpress\/plugins\/seo\/ -->\n<title>Regjimi ushqimor per dobesim - N\u00eb form\u00eb me Aulonen<\/title>\n<meta name=\"robots\" content=\"index, follow, max-snippet:-1, max-image-preview:large, max-video-preview:-1\" \/>\n<link rel=\"canonical\" href=\"https:\/\/v1.neformemeaulonen.com\/en\/bli\/regjimi-ushqimor-per-dobesim\/\" \/>\n<meta property=\"og:locale\" content=\"en_US\" \/>\n<meta property=\"og:type\" content=\"article\" \/>\n<meta property=\"og:title\" content=\"Regjimi ushqimor per dobesim - N\u00eb form\u00eb me Aulonen\" \/>\n<meta property=\"og:description\" content=\"Ky regjim ushqimor, nuk do t\u2019ju ndihmoj\u00eb vet\u00ebm t\u00eb humbisni disa kile, por mbi t\u00eb gjitha do t\u2019ju ndihmoj\u00eb t\u00eb kuptoni \u00e7far\u00eb do t\u00eb thot\u00eb t\u00eb hash sh\u00ebndetsh\u00ebm dhe t\u00eb kesh nj\u00eb regjim t\u00eb sh\u00ebndetsh\u00ebm ushqimor, i cili nuk duhet t\u00eb zgjas\u00eb vet\u00ebm dy muaj, por duhet t\u00eb shnd\u00ebrrohet n\u00eb m\u00ebnyr\u00eb jetese.\" \/>\n<meta property=\"og:url\" content=\"https:\/\/v1.neformemeaulonen.com\/en\/bli\/regjimi-ushqimor-per-dobesim\/\" \/>\n<meta property=\"og:site_name\" content=\"N\u00eb form\u00eb me Aulonen\" \/>\n<meta property=\"article:publisher\" content=\"https:\/\/www.facebook.com\/Ne-forme-me-Aulonen-101759141608331\/\" \/>\n<meta property=\"article:modified_time\" content=\"2022-12-25T23:01:48+00:00\" \/>\n<meta property=\"og:image\" content=\"https:\/\/v1.neformemeaulonen.com\/wp-content\/uploads\/2021\/02\/regjimdobesim.png\" \/>\n\t<meta property=\"og:image:width\" content=\"1041\" \/>\n\t<meta property=\"og:image:height\" content=\"780\" \/>\n\t<meta property=\"og:image:type\" content=\"image\/png\" \/>\n<meta name=\"twitter:card\" content=\"summary_large_image\" \/>\n<script type=\"application\/ld+json\" class=\"yoast-schema-graph\">{\"@context\":\"https:\/\/schema.org\",\"@graph\":[{\"@type\":\"WebPage\",\"@id\":\"https:\/\/v1.neformemeaulonen.com\/bli\/regjimi-ushqimor-per-dobesim\/\",\"url\":\"https:\/\/v1.neformemeaulonen.com\/bli\/regjimi-ushqimor-per-dobesim\/\",\"name\":\"Regjimi ushqimor per dobesim - N\u00eb form\u00eb me Aulonen\",\"isPartOf\":{\"@id\":\"https:\/\/v1.neformemeaulonen.com\/#website\"},\"primaryImageOfPage\":{\"@id\":\"https:\/\/v1.neformemeaulonen.com\/bli\/regjimi-ushqimor-per-dobesim\/#primaryimage\"},\"image\":{\"@id\":\"https:\/\/v1.neformemeaulonen.com\/bli\/regjimi-ushqimor-per-dobesim\/#primaryimage\"},\"thumbnailUrl\":\"https:\/\/v1.neformemeaulonen.com\/wp-content\/uploads\/2021\/02\/regjimdobesim.png\",\"datePublished\":\"2021-02-24T08:15:28+00:00\",\"dateModified\":\"2022-12-25T23:01:48+00:00\",\"breadcrumb\":{\"@id\":\"https:\/\/v1.neformemeaulonen.com\/bli\/regjimi-ushqimor-per-dobesim\/#breadcrumb\"},\"inLanguage\":\"en-US\",\"potentialAction\":[{\"@type\":\"ReadAction\",\"target\":[\"https:\/\/v1.neformemeaulonen.com\/bli\/regjimi-ushqimor-per-dobesim\/\"]}]},{\"@type\":\"ImageObject\",\"inLanguage\":\"en-US\",\"@id\":\"https:\/\/v1.neformemeaulonen.com\/bli\/regjimi-ushqimor-per-dobesim\/#primaryimage\",\"url\":\"https:\/\/v1.neformemeaulonen.com\/wp-content\/uploads\/2021\/02\/regjimdobesim.png\",\"contentUrl\":\"https:\/\/v1.neformemeaulonen.com\/wp-content\/uploads\/2021\/02\/regjimdobesim.png\",\"width\":1041,\"height\":780},{\"@type\":\"BreadcrumbList\",\"@id\":\"https:\/\/v1.neformemeaulonen.com\/bli\/regjimi-ushqimor-per-dobesim\/#breadcrumb\",\"itemListElement\":[{\"@type\":\"ListItem\",\"position\":1,\"name\":\"Home\",\"item\":\"https:\/\/v1.neformemeaulonen.com\/\"},{\"@type\":\"ListItem\",\"position\":2,\"name\":\"Shop\",\"item\":\"https:\/\/v1.neformemeaulonen.com\/shop\/\"},{\"@type\":\"ListItem\",\"position\":3,\"name\":\"Regjimi ushqimor per dobesim\"}]},{\"@type\":\"WebSite\",\"@id\":\"https:\/\/v1.neformemeaulonen.com\/#website\",\"url\":\"https:\/\/v1.neformemeaulonen.com\/\",\"name\":\"N\u00eb form\u00eb me Aulonen\",\"description\":\"Aulona\",\"publisher\":{\"@id\":\"https:\/\/v1.neformemeaulonen.com\/#organization\"},\"potentialAction\":[{\"@type\":\"SearchAction\",\"target\":{\"@type\":\"EntryPoint\",\"urlTemplate\":\"https:\/\/v1.neformemeaulonen.com\/?s={search_term_string}\"},\"query-input\":\"required name=search_term_string\"}],\"inLanguage\":\"en-US\"},{\"@type\":\"Organization\",\"@id\":\"https:\/\/v1.neformemeaulonen.com\/#organization\",\"name\":\"Ne Forme Me Aulonen\",\"url\":\"https:\/\/v1.neformemeaulonen.com\/\",\"logo\":{\"@type\":\"ImageObject\",\"inLanguage\":\"en-US\",\"@id\":\"https:\/\/v1.neformemeaulonen.com\/#\/schema\/logo\/image\/\",\"url\":\"https:\/\/i0.wp.com\/neformemeaulonen.com\/wp-content\/uploads\/2021\/02\/cropped-logo-2.png?fit=512%2C512&ssl=1\",\"contentUrl\":\"https:\/\/i0.wp.com\/neformemeaulonen.com\/wp-content\/uploads\/2021\/02\/cropped-logo-2.png?fit=512%2C512&ssl=1\",\"width\":512,\"height\":512,\"caption\":\"Ne Forme Me Aulonen\"},\"image\":{\"@id\":\"https:\/\/v1.neformemeaulonen.com\/#\/schema\/logo\/image\/\"},\"sameAs\":[\"https:\/\/www.facebook.com\/Ne-forme-me-Aulonen-101759141608331\/\",\"https:\/\/www.instagram.com\/ne_forme_me_aulonen\/\"]}]}<\/script>\n<!-- \/ Yoast SEO plugin. -->","yoast_head_json":{"title":"Regjimi ushqimor per dobesim - N\u00eb form\u00eb me Aulonen","robots":{"index":"index","follow":"follow","max-snippet":"max-snippet:-1","max-image-preview":"max-image-preview:large","max-video-preview":"max-video-preview:-1"},"canonical":"https:\/\/v1.neformemeaulonen.com\/en\/bli\/regjimi-ushqimor-per-dobesim\/","og_locale":"en_US","og_type":"article","og_title":"Regjimi ushqimor per dobesim - N\u00eb form\u00eb me Aulonen","og_description":"Ky regjim ushqimor, nuk do t\u2019ju ndihmoj\u00eb vet\u00ebm t\u00eb humbisni disa kile, por mbi t\u00eb gjitha do t\u2019ju ndihmoj\u00eb t\u00eb kuptoni \u00e7far\u00eb do t\u00eb thot\u00eb t\u00eb hash sh\u00ebndetsh\u00ebm dhe t\u00eb kesh nj\u00eb regjim t\u00eb sh\u00ebndetsh\u00ebm ushqimor, i cili nuk duhet t\u00eb zgjas\u00eb vet\u00ebm dy muaj, por duhet t\u00eb shnd\u00ebrrohet n\u00eb m\u00ebnyr\u00eb jetese.","og_url":"https:\/\/v1.neformemeaulonen.com\/en\/bli\/regjimi-ushqimor-per-dobesim\/","og_site_name":"N\u00eb form\u00eb me Aulonen","article_publisher":"https:\/\/www.facebook.com\/Ne-forme-me-Aulonen-101759141608331\/","article_modified_time":"2022-12-25T23:01:48+00:00","og_image":[{"width":1041,"height":780,"url":"https:\/\/v1.neformemeaulonen.com\/wp-content\/uploads\/2021\/02\/regjimdobesim.png","type":"image\/png"}],"twitter_card":"summary_large_image","schema":{"@context":"https:\/\/schema.org","@graph":[{"@type":"WebPage","@id":"https:\/\/v1.neformemeaulonen.com\/bli\/regjimi-ushqimor-per-dobesim\/","url":"https:\/\/v1.neformemeaulonen.com\/bli\/regjimi-ushqimor-per-dobesim\/","name":"Regjimi ushqimor per dobesim - N\u00eb form\u00eb me Aulonen","isPartOf":{"@id":"https:\/\/v1.neformemeaulonen.com\/#website"},"primaryImageOfPage":{"@id":"https:\/\/v1.neformemeaulonen.com\/bli\/regjimi-ushqimor-per-dobesim\/#primaryimage"},"image":{"@id":"https:\/\/v1.neformemeaulonen.com\/bli\/regjimi-ushqimor-per-dobesim\/#primaryimage"},"thumbnailUrl":"https:\/\/v1.neformemeaulonen.com\/wp-content\/uploads\/2021\/02\/regjimdobesim.png","datePublished":"2021-02-24T08:15:28+00:00","dateModified":"2022-12-25T23:01:48+00:00","breadcrumb":{"@id":"https:\/\/v1.neformemeaulonen.com\/bli\/regjimi-ushqimor-per-dobesim\/#breadcrumb"},"inLanguage":"en-US","potentialAction":[{"@type":"ReadAction","target":["https:\/\/v1.neformemeaulonen.com\/bli\/regjimi-ushqimor-per-dobesim\/"]}]},{"@type":"ImageObject","inLanguage":"en-US","@id":"https:\/\/v1.neformemeaulonen.com\/bli\/regjimi-ushqimor-per-dobesim\/#primaryimage","url":"https:\/\/v1.neformemeaulonen.com\/wp-content\/uploads\/2021\/02\/regjimdobesim.png","contentUrl":"https:\/\/v1.neformemeaulonen.com\/wp-content\/uploads\/2021\/02\/regjimdobesim.png","width":1041,"height":780},{"@type":"BreadcrumbList","@id":"https:\/\/v1.neformemeaulonen.com\/bli\/regjimi-ushqimor-per-dobesim\/#breadcrumb","itemListElement":[{"@type":"ListItem","position":1,"name":"Home","item":"https:\/\/v1.neformemeaulonen.com\/"},{"@type":"ListItem","position":2,"name":"Shop","item":"https:\/\/v1.neformemeaulonen.com\/shop\/"},{"@type":"ListItem","position":3,"name":"Regjimi ushqimor per dobesim"}]},{"@type":"WebSite","@id":"https:\/\/v1.neformemeaulonen.com\/#website","url":"https:\/\/v1.neformemeaulonen.com\/","name":"N\u00eb form\u00eb me Aulonen","description":"Aulona","publisher":{"@id":"https:\/\/v1.neformemeaulonen.com\/#organization"},"potentialAction":[{"@type":"SearchAction","target":{"@type":"EntryPoint","urlTemplate":"https:\/\/v1.neformemeaulonen.com\/?s={search_term_string}"},"query-input":"required name=search_term_string"}],"inLanguage":"en-US"},{"@type":"Organization","@id":"https:\/\/v1.neformemeaulonen.com\/#organization","name":"Ne Forme Me Aulonen","url":"https:\/\/v1.neformemeaulonen.com\/","logo":{"@type":"ImageObject","inLanguage":"en-US","@id":"https:\/\/v1.neformemeaulonen.com\/#\/schema\/logo\/image\/","url":"https:\/\/i0.wp.com\/neformemeaulonen.com\/wp-content\/uploads\/2021\/02\/cropped-logo-2.png?fit=512%2C512&ssl=1","contentUrl":"https:\/\/i0.wp.com\/neformemeaulonen.com\/wp-content\/uploads\/2021\/02\/cropped-logo-2.png?fit=512%2C512&ssl=1","width":512,"height":512,"caption":"Ne Forme Me Aulonen"},"image":{"@id":"https:\/\/v1.neformemeaulonen.com\/#\/schema\/logo\/image\/"},"sameAs":["https:\/\/www.facebook.com\/Ne-forme-me-Aulonen-101759141608331\/","https:\/\/www.instagram.com\/ne_forme_me_aulonen\/"]}]}},"_links":{"self":[{"href":"https:\/\/v1.neformemeaulonen.com\/en\/wp-json\/wp\/v2\/product\/12351","targetHints":{"allow":["GET"]}}],"collection":[{"href":"https:\/\/v1.neformemeaulonen.com\/en\/wp-json\/wp\/v2\/product"}],"about":[{"href":"https:\/\/v1.neformemeaulonen.com\/en\/wp-json\/wp\/v2\/types\/product"}],"replies":[{"embeddable":true,"href":"https:\/\/v1.neformemeaulonen.com\/en\/wp-json\/wp\/v2\/comments?post=12351"}],"wp:featuredmedia":[{"embeddable":true,"href":"https:\/\/v1.neformemeaulonen.com\/en\/wp-json\/wp\/v2\/media\/12360"}],"wp:attachment":[{"href":"https:\/\/v1.neformemeaulonen.com\/en\/wp-json\/wp\/v2\/media?parent=12351"}],"wp:term":[{"taxonomy":"product_cat","embeddable":true,"href":"https:\/\/v1.neformemeaulonen.com\/en\/wp-json\/wp\/v2\/product_cat?post=12351"},{"taxonomy":"product_tag","embeddable":true,"href":"https:\/\/v1.neformemeaulonen.com\/en\/wp-json\/wp\/v2\/product_tag?post=12351"}],"curies":[{"name":"wp","href":"https:\/\/api.w.org\/{rel}","templated":true}]}}