{"id":12338,"date":"2021-02-23T23:07:04","date_gmt":"2021-02-23T22:07:04","guid":{"rendered":"https:\/\/neformemeaulonen.com\/?post_type=product&#038;p=12338"},"modified":"2023-01-02T00:00:02","modified_gmt":"2023-01-01T23:00:02","slug":"per-vithe-bombastike-stervitje-regjim-ushqimor","status":"publish","type":"product","link":"https:\/\/v1.neformemeaulonen.com\/en\/bli\/per-vithe-bombastike-stervitje-regjim-ushqimor\/","title":{"rendered":"The best butt workout and meal plan"},"content":{"rendered":"","protected":false},"excerpt":{"rendered":"<p>This is the butt-focused program that will keep you company for the next nine weeks. This program is not intended for weight loss. For that, you can use the first and second  weight loss program.<\/p>","protected":false},"featured_media":12359,"comment_status":"open","ping_status":"closed","template":"","meta":[],"product_cat":[123,152,29],"product_tag":[],"class_list":{"0":"post-12338","1":"product","2":"type-product","3":"status-publish","4":"has-post-thumbnail","6":"product_cat-programet","7":"product_cat-programetulje","8":"product_cat-tonifikim","9":"member-discount","10":"discount-restricted","12":"first","13":"instock","14":"virtual","15":"sold-individually","16":"taxable","17":"purchasable","18":"product-type-simple"},"yoast_head":"<!-- This site is optimized with the Yoast SEO plugin v22.6 - https:\/\/yoast.com\/wordpress\/plugins\/seo\/ -->\n<title>P\u00ebr vithe bombastike (st\u00ebrvitje + regjim ushqimor) - N\u00eb form\u00eb me Aulonen<\/title>\n<meta name=\"robots\" content=\"index, follow, max-snippet:-1, max-image-preview:large, max-video-preview:-1\" \/>\n<link rel=\"canonical\" href=\"https:\/\/v1.neformemeaulonen.com\/en\/bli\/per-vithe-bombastike-stervitje-regjim-ushqimor\/\" \/>\n<meta property=\"og:locale\" content=\"en_US\" \/>\n<meta property=\"og:type\" content=\"article\" \/>\n<meta property=\"og:title\" content=\"P\u00ebr vithe bombastike (st\u00ebrvitje + regjim ushqimor) - N\u00eb form\u00eb me Aulonen\" \/>\n<meta property=\"og:description\" content=\"Ky \u00ebsht\u00eb programi me fokus vithet, I cili do t\u2019ju b\u00ebj\u00eb shoq\u00ebri p\u00ebr n\u00ebnt\u00eb jav\u00ebt n\u00eb vijim. Ky program nuk ka p\u00ebr q\u00ebllim dob\u00ebsimin, apo r\u00ebnien n\u00eb pesh\u00eb. P\u00ebr k\u00ebt\u00eb keni programin e par\u00eb t\u00eb dob\u00ebsimit, si dhe programin e dyt\u00eb.\" \/>\n<meta property=\"og:url\" content=\"https:\/\/v1.neformemeaulonen.com\/en\/bli\/per-vithe-bombastike-stervitje-regjim-ushqimor\/\" \/>\n<meta property=\"og:site_name\" content=\"N\u00eb form\u00eb me Aulonen\" \/>\n<meta property=\"article:publisher\" content=\"https:\/\/www.facebook.com\/Ne-forme-me-Aulonen-101759141608331\/\" \/>\n<meta property=\"article:modified_time\" content=\"2023-01-01T23:00:02+00:00\" \/>\n<meta property=\"og:image\" content=\"https:\/\/v1.neformemeaulonen.com\/wp-content\/uploads\/2021\/02\/vithe_regjim.jpg\" \/>\n\t<meta property=\"og:image:width\" content=\"1041\" \/>\n\t<meta property=\"og:image:height\" content=\"780\" \/>\n\t<meta property=\"og:image:type\" content=\"image\/jpeg\" \/>\n<meta name=\"twitter:card\" content=\"summary_large_image\" \/>\n<script type=\"application\/ld+json\" class=\"yoast-schema-graph\">{\"@context\":\"https:\/\/schema.org\",\"@graph\":[{\"@type\":\"WebPage\",\"@id\":\"https:\/\/v1.neformemeaulonen.com\/bli\/per-vithe-bombastike-stervitje-regjim-ushqimor\/\",\"url\":\"https:\/\/v1.neformemeaulonen.com\/bli\/per-vithe-bombastike-stervitje-regjim-ushqimor\/\",\"name\":\"P\u00ebr vithe bombastike (st\u00ebrvitje + regjim ushqimor) - N\u00eb form\u00eb me Aulonen\",\"isPartOf\":{\"@id\":\"https:\/\/v1.neformemeaulonen.com\/#website\"},\"primaryImageOfPage\":{\"@id\":\"https:\/\/v1.neformemeaulonen.com\/bli\/per-vithe-bombastike-stervitje-regjim-ushqimor\/#primaryimage\"},\"image\":{\"@id\":\"https:\/\/v1.neformemeaulonen.com\/bli\/per-vithe-bombastike-stervitje-regjim-ushqimor\/#primaryimage\"},\"thumbnailUrl\":\"https:\/\/v1.neformemeaulonen.com\/wp-content\/uploads\/2021\/02\/vithe_regjim.jpg\",\"datePublished\":\"2021-02-23T22:07:04+00:00\",\"dateModified\":\"2023-01-01T23:00:02+00:00\",\"breadcrumb\":{\"@id\":\"https:\/\/v1.neformemeaulonen.com\/bli\/per-vithe-bombastike-stervitje-regjim-ushqimor\/#breadcrumb\"},\"inLanguage\":\"en-US\",\"potentialAction\":[{\"@type\":\"ReadAction\",\"target\":[\"https:\/\/v1.neformemeaulonen.com\/bli\/per-vithe-bombastike-stervitje-regjim-ushqimor\/\"]}]},{\"@type\":\"ImageObject\",\"inLanguage\":\"en-US\",\"@id\":\"https:\/\/v1.neformemeaulonen.com\/bli\/per-vithe-bombastike-stervitje-regjim-ushqimor\/#primaryimage\",\"url\":\"https:\/\/v1.neformemeaulonen.com\/wp-content\/uploads\/2021\/02\/vithe_regjim.jpg\",\"contentUrl\":\"https:\/\/v1.neformemeaulonen.com\/wp-content\/uploads\/2021\/02\/vithe_regjim.jpg\",\"width\":1041,\"height\":780},{\"@type\":\"BreadcrumbList\",\"@id\":\"https:\/\/v1.neformemeaulonen.com\/bli\/per-vithe-bombastike-stervitje-regjim-ushqimor\/#breadcrumb\",\"itemListElement\":[{\"@type\":\"ListItem\",\"position\":1,\"name\":\"Home\",\"item\":\"https:\/\/v1.neformemeaulonen.com\/\"},{\"@type\":\"ListItem\",\"position\":2,\"name\":\"Shop\",\"item\":\"https:\/\/v1.neformemeaulonen.com\/shop\/\"},{\"@type\":\"ListItem\",\"position\":3,\"name\":\"P\u00ebr vithe bombastike (st\u00ebrvitje + regjim ushqimor)\"}]},{\"@type\":\"WebSite\",\"@id\":\"https:\/\/v1.neformemeaulonen.com\/#website\",\"url\":\"https:\/\/v1.neformemeaulonen.com\/\",\"name\":\"N\u00eb form\u00eb me Aulonen\",\"description\":\"Aulona\",\"publisher\":{\"@id\":\"https:\/\/v1.neformemeaulonen.com\/#organization\"},\"potentialAction\":[{\"@type\":\"SearchAction\",\"target\":{\"@type\":\"EntryPoint\",\"urlTemplate\":\"https:\/\/v1.neformemeaulonen.com\/?s={search_term_string}\"},\"query-input\":\"required name=search_term_string\"}],\"inLanguage\":\"en-US\"},{\"@type\":\"Organization\",\"@id\":\"https:\/\/v1.neformemeaulonen.com\/#organization\",\"name\":\"Ne Forme Me Aulonen\",\"url\":\"https:\/\/v1.neformemeaulonen.com\/\",\"logo\":{\"@type\":\"ImageObject\",\"inLanguage\":\"en-US\",\"@id\":\"https:\/\/v1.neformemeaulonen.com\/#\/schema\/logo\/image\/\",\"url\":\"https:\/\/i0.wp.com\/neformemeaulonen.com\/wp-content\/uploads\/2021\/02\/cropped-logo-2.png?fit=512%2C512&ssl=1\",\"contentUrl\":\"https:\/\/i0.wp.com\/neformemeaulonen.com\/wp-content\/uploads\/2021\/02\/cropped-logo-2.png?fit=512%2C512&ssl=1\",\"width\":512,\"height\":512,\"caption\":\"Ne Forme Me Aulonen\"},\"image\":{\"@id\":\"https:\/\/v1.neformemeaulonen.com\/#\/schema\/logo\/image\/\"},\"sameAs\":[\"https:\/\/www.facebook.com\/Ne-forme-me-Aulonen-101759141608331\/\",\"https:\/\/www.instagram.com\/ne_forme_me_aulonen\/\"]}]}<\/script>\n<!-- \/ Yoast SEO plugin. -->","yoast_head_json":{"title":"P\u00ebr vithe bombastike (st\u00ebrvitje + regjim ushqimor) - N\u00eb form\u00eb me Aulonen","robots":{"index":"index","follow":"follow","max-snippet":"max-snippet:-1","max-image-preview":"max-image-preview:large","max-video-preview":"max-video-preview:-1"},"canonical":"https:\/\/v1.neformemeaulonen.com\/en\/bli\/per-vithe-bombastike-stervitje-regjim-ushqimor\/","og_locale":"en_US","og_type":"article","og_title":"P\u00ebr vithe bombastike (st\u00ebrvitje + regjim ushqimor) - N\u00eb form\u00eb me Aulonen","og_description":"Ky \u00ebsht\u00eb programi me fokus vithet, I cili do t\u2019ju b\u00ebj\u00eb shoq\u00ebri p\u00ebr n\u00ebnt\u00eb jav\u00ebt n\u00eb vijim. Ky program nuk ka p\u00ebr q\u00ebllim dob\u00ebsimin, apo r\u00ebnien n\u00eb pesh\u00eb. P\u00ebr k\u00ebt\u00eb keni programin e par\u00eb t\u00eb dob\u00ebsimit, si dhe programin e dyt\u00eb.","og_url":"https:\/\/v1.neformemeaulonen.com\/en\/bli\/per-vithe-bombastike-stervitje-regjim-ushqimor\/","og_site_name":"N\u00eb form\u00eb me Aulonen","article_publisher":"https:\/\/www.facebook.com\/Ne-forme-me-Aulonen-101759141608331\/","article_modified_time":"2023-01-01T23:00:02+00:00","og_image":[{"width":1041,"height":780,"url":"https:\/\/v1.neformemeaulonen.com\/wp-content\/uploads\/2021\/02\/vithe_regjim.jpg","type":"image\/jpeg"}],"twitter_card":"summary_large_image","schema":{"@context":"https:\/\/schema.org","@graph":[{"@type":"WebPage","@id":"https:\/\/v1.neformemeaulonen.com\/bli\/per-vithe-bombastike-stervitje-regjim-ushqimor\/","url":"https:\/\/v1.neformemeaulonen.com\/bli\/per-vithe-bombastike-stervitje-regjim-ushqimor\/","name":"P\u00ebr vithe bombastike (st\u00ebrvitje + regjim ushqimor) - N\u00eb form\u00eb me Aulonen","isPartOf":{"@id":"https:\/\/v1.neformemeaulonen.com\/#website"},"primaryImageOfPage":{"@id":"https:\/\/v1.neformemeaulonen.com\/bli\/per-vithe-bombastike-stervitje-regjim-ushqimor\/#primaryimage"},"image":{"@id":"https:\/\/v1.neformemeaulonen.com\/bli\/per-vithe-bombastike-stervitje-regjim-ushqimor\/#primaryimage"},"thumbnailUrl":"https:\/\/v1.neformemeaulonen.com\/wp-content\/uploads\/2021\/02\/vithe_regjim.jpg","datePublished":"2021-02-23T22:07:04+00:00","dateModified":"2023-01-01T23:00:02+00:00","breadcrumb":{"@id":"https:\/\/v1.neformemeaulonen.com\/bli\/per-vithe-bombastike-stervitje-regjim-ushqimor\/#breadcrumb"},"inLanguage":"en-US","potentialAction":[{"@type":"ReadAction","target":["https:\/\/v1.neformemeaulonen.com\/bli\/per-vithe-bombastike-stervitje-regjim-ushqimor\/"]}]},{"@type":"ImageObject","inLanguage":"en-US","@id":"https:\/\/v1.neformemeaulonen.com\/bli\/per-vithe-bombastike-stervitje-regjim-ushqimor\/#primaryimage","url":"https:\/\/v1.neformemeaulonen.com\/wp-content\/uploads\/2021\/02\/vithe_regjim.jpg","contentUrl":"https:\/\/v1.neformemeaulonen.com\/wp-content\/uploads\/2021\/02\/vithe_regjim.jpg","width":1041,"height":780},{"@type":"BreadcrumbList","@id":"https:\/\/v1.neformemeaulonen.com\/bli\/per-vithe-bombastike-stervitje-regjim-ushqimor\/#breadcrumb","itemListElement":[{"@type":"ListItem","position":1,"name":"Home","item":"https:\/\/v1.neformemeaulonen.com\/"},{"@type":"ListItem","position":2,"name":"Shop","item":"https:\/\/v1.neformemeaulonen.com\/shop\/"},{"@type":"ListItem","position":3,"name":"P\u00ebr vithe bombastike (st\u00ebrvitje + regjim ushqimor)"}]},{"@type":"WebSite","@id":"https:\/\/v1.neformemeaulonen.com\/#website","url":"https:\/\/v1.neformemeaulonen.com\/","name":"N\u00eb form\u00eb me Aulonen","description":"Aulona","publisher":{"@id":"https:\/\/v1.neformemeaulonen.com\/#organization"},"potentialAction":[{"@type":"SearchAction","target":{"@type":"EntryPoint","urlTemplate":"https:\/\/v1.neformemeaulonen.com\/?s={search_term_string}"},"query-input":"required name=search_term_string"}],"inLanguage":"en-US"},{"@type":"Organization","@id":"https:\/\/v1.neformemeaulonen.com\/#organization","name":"Ne Forme Me Aulonen","url":"https:\/\/v1.neformemeaulonen.com\/","logo":{"@type":"ImageObject","inLanguage":"en-US","@id":"https:\/\/v1.neformemeaulonen.com\/#\/schema\/logo\/image\/","url":"https:\/\/i0.wp.com\/neformemeaulonen.com\/wp-content\/uploads\/2021\/02\/cropped-logo-2.png?fit=512%2C512&ssl=1","contentUrl":"https:\/\/i0.wp.com\/neformemeaulonen.com\/wp-content\/uploads\/2021\/02\/cropped-logo-2.png?fit=512%2C512&ssl=1","width":512,"height":512,"caption":"Ne Forme Me Aulonen"},"image":{"@id":"https:\/\/v1.neformemeaulonen.com\/#\/schema\/logo\/image\/"},"sameAs":["https:\/\/www.facebook.com\/Ne-forme-me-Aulonen-101759141608331\/","https:\/\/www.instagram.com\/ne_forme_me_aulonen\/"]}]}},"_links":{"self":[{"href":"https:\/\/v1.neformemeaulonen.com\/en\/wp-json\/wp\/v2\/product\/12338","targetHints":{"allow":["GET"]}}],"collection":[{"href":"https:\/\/v1.neformemeaulonen.com\/en\/wp-json\/wp\/v2\/product"}],"about":[{"href":"https:\/\/v1.neformemeaulonen.com\/en\/wp-json\/wp\/v2\/types\/product"}],"replies":[{"embeddable":true,"href":"https:\/\/v1.neformemeaulonen.com\/en\/wp-json\/wp\/v2\/comments?post=12338"}],"wp:featuredmedia":[{"embeddable":true,"href":"https:\/\/v1.neformemeaulonen.com\/en\/wp-json\/wp\/v2\/media\/12359"}],"wp:attachment":[{"href":"https:\/\/v1.neformemeaulonen.com\/en\/wp-json\/wp\/v2\/media?parent=12338"}],"wp:term":[{"taxonomy":"product_cat","embeddable":true,"href":"https:\/\/v1.neformemeaulonen.com\/en\/wp-json\/wp\/v2\/product_cat?post=12338"},{"taxonomy":"product_tag","embeddable":true,"href":"https:\/\/v1.neformemeaulonen.com\/en\/wp-json\/wp\/v2\/product_tag?post=12338"}],"curies":[{"name":"wp","href":"https:\/\/api.w.org\/{rel}","templated":true}]}}