{"id":12209,"date":"2021-02-23T10:14:46","date_gmt":"2021-02-23T09:14:46","guid":{"rendered":"https:\/\/neformemeaulonen.com\/?post_type=product&#038;p=12209"},"modified":"2023-01-02T00:00:03","modified_gmt":"2023-01-01T23:00:03","slug":"dobesohu-nga-shtepia-programi-i-pare-stervitje-regjim-ushqimor","status":"publish","type":"product","link":"https:\/\/v1.neformemeaulonen.com\/en\/bli\/dobesohu-nga-shtepia-programi-i-pare-stervitje-regjim-ushqimor\/","title":{"rendered":"Lose weight at home, the first program (workout  + meal plan)"},"content":{"rendered":"","protected":false},"excerpt":{"rendered":"<p>On this 8-week program one thing is for sure, you will lose weight and tone up while having fun! A program created for all of you who do not have the opportunity to go to the gym, but want to change and improve your appearance by training. The package contains the 8 weeks training program and diet. The subscription lasts 10 weeks, two extra weeks for replacing any day that u might miss out.<\/p>","protected":false},"featured_media":12254,"comment_status":"open","ping_status":"closed","template":"","meta":[],"product_cat":[123,152,142],"product_tag":[],"class_list":{"0":"post-12209","1":"product","2":"type-product","3":"status-publish","4":"has-post-thumbnail","6":"product_cat-programet","7":"product_cat-programetulje","8":"product_cat-renie-ne-peshe","9":"member-discount","10":"discount-restricted","12":"first","13":"instock","14":"virtual","15":"sold-individually","16":"taxable","17":"purchasable","18":"product-type-simple"},"yoast_head":"<!-- This site is optimized with the Yoast SEO plugin v22.6 - https:\/\/yoast.com\/wordpress\/plugins\/seo\/ -->\n<title>Dob\u00ebsohu nga sht\u00ebpia, programi i par\u00eb (st\u00ebrvitje + regjim ushqimor) - N\u00eb form\u00eb me Aulonen<\/title>\n<meta name=\"robots\" content=\"index, follow, max-snippet:-1, max-image-preview:large, max-video-preview:-1\" \/>\n<link rel=\"canonical\" href=\"https:\/\/v1.neformemeaulonen.com\/en\/bli\/dobesohu-nga-shtepia-programi-i-pare-stervitje-regjim-ushqimor\/\" \/>\n<meta property=\"og:locale\" content=\"en_US\" \/>\n<meta property=\"og:type\" content=\"article\" \/>\n<meta property=\"og:title\" content=\"Dob\u00ebsohu nga sht\u00ebpia, programi i par\u00eb (st\u00ebrvitje + regjim ushqimor) - N\u00eb form\u00eb me Aulonen\" \/>\n<meta property=\"og:description\" content=\"Me k\u00ebt\u00eb program 8 javor nj\u00eb gj\u00eb \u00ebsht\u00eb e sigurt, ti do t\u00eb dob\u00ebsohesh dhe tonifikohesh, duke u arg\u00ebtuar. Nj\u00eb program i krijuar p\u00ebr t\u00eb gjitha ju q\u00eb nuk keni mund\u00ebsi t\u00eb shkoni n\u00eb palest\u00ebr, ama d\u00ebshironi t\u00eb ndryshoni dhe p\u00ebrmir\u00ebsoni pamjen tuaj duke u st\u00ebrvitur.\" \/>\n<meta property=\"og:url\" content=\"https:\/\/v1.neformemeaulonen.com\/en\/bli\/dobesohu-nga-shtepia-programi-i-pare-stervitje-regjim-ushqimor\/\" \/>\n<meta property=\"og:site_name\" content=\"N\u00eb form\u00eb me Aulonen\" \/>\n<meta property=\"article:publisher\" content=\"https:\/\/www.facebook.com\/Ne-forme-me-Aulonen-101759141608331\/\" \/>\n<meta property=\"article:modified_time\" content=\"2023-01-01T23:00:03+00:00\" \/>\n<meta property=\"og:image\" content=\"https:\/\/v1.neformemeaulonen.com\/wp-content\/uploads\/2021\/02\/dobesim_1_regjim.jpg\" \/>\n\t<meta property=\"og:image:width\" content=\"1041\" \/>\n\t<meta property=\"og:image:height\" content=\"780\" \/>\n\t<meta property=\"og:image:type\" content=\"image\/jpeg\" \/>\n<meta name=\"twitter:card\" content=\"summary_large_image\" \/>\n<script type=\"application\/ld+json\" class=\"yoast-schema-graph\">{\"@context\":\"https:\/\/schema.org\",\"@graph\":[{\"@type\":\"WebPage\",\"@id\":\"https:\/\/v1.neformemeaulonen.com\/bli\/dobesohu-nga-shtepia-programi-i-pare-stervitje-regjim-ushqimor\/\",\"url\":\"https:\/\/v1.neformemeaulonen.com\/bli\/dobesohu-nga-shtepia-programi-i-pare-stervitje-regjim-ushqimor\/\",\"name\":\"Dob\u00ebsohu nga sht\u00ebpia, programi i par\u00eb (st\u00ebrvitje + regjim ushqimor) - N\u00eb form\u00eb me Aulonen\",\"isPartOf\":{\"@id\":\"https:\/\/v1.neformemeaulonen.com\/#website\"},\"primaryImageOfPage\":{\"@id\":\"https:\/\/v1.neformemeaulonen.com\/bli\/dobesohu-nga-shtepia-programi-i-pare-stervitje-regjim-ushqimor\/#primaryimage\"},\"image\":{\"@id\":\"https:\/\/v1.neformemeaulonen.com\/bli\/dobesohu-nga-shtepia-programi-i-pare-stervitje-regjim-ushqimor\/#primaryimage\"},\"thumbnailUrl\":\"https:\/\/v1.neformemeaulonen.com\/wp-content\/uploads\/2021\/02\/dobesim_1_regjim.jpg\",\"datePublished\":\"2021-02-23T09:14:46+00:00\",\"dateModified\":\"2023-01-01T23:00:03+00:00\",\"breadcrumb\":{\"@id\":\"https:\/\/v1.neformemeaulonen.com\/bli\/dobesohu-nga-shtepia-programi-i-pare-stervitje-regjim-ushqimor\/#breadcrumb\"},\"inLanguage\":\"en-US\",\"potentialAction\":[{\"@type\":\"ReadAction\",\"target\":[\"https:\/\/v1.neformemeaulonen.com\/bli\/dobesohu-nga-shtepia-programi-i-pare-stervitje-regjim-ushqimor\/\"]}]},{\"@type\":\"ImageObject\",\"inLanguage\":\"en-US\",\"@id\":\"https:\/\/v1.neformemeaulonen.com\/bli\/dobesohu-nga-shtepia-programi-i-pare-stervitje-regjim-ushqimor\/#primaryimage\",\"url\":\"https:\/\/v1.neformemeaulonen.com\/wp-content\/uploads\/2021\/02\/dobesim_1_regjim.jpg\",\"contentUrl\":\"https:\/\/v1.neformemeaulonen.com\/wp-content\/uploads\/2021\/02\/dobesim_1_regjim.jpg\",\"width\":1041,\"height\":780},{\"@type\":\"BreadcrumbList\",\"@id\":\"https:\/\/v1.neformemeaulonen.com\/bli\/dobesohu-nga-shtepia-programi-i-pare-stervitje-regjim-ushqimor\/#breadcrumb\",\"itemListElement\":[{\"@type\":\"ListItem\",\"position\":1,\"name\":\"Home\",\"item\":\"https:\/\/v1.neformemeaulonen.com\/\"},{\"@type\":\"ListItem\",\"position\":2,\"name\":\"Shop\",\"item\":\"https:\/\/v1.neformemeaulonen.com\/shop\/\"},{\"@type\":\"ListItem\",\"position\":3,\"name\":\"Dob\u00ebsohu nga sht\u00ebpia, programi i par\u00eb (st\u00ebrvitje + regjim ushqimor)\"}]},{\"@type\":\"WebSite\",\"@id\":\"https:\/\/v1.neformemeaulonen.com\/#website\",\"url\":\"https:\/\/v1.neformemeaulonen.com\/\",\"name\":\"N\u00eb form\u00eb me Aulonen\",\"description\":\"Aulona\",\"publisher\":{\"@id\":\"https:\/\/v1.neformemeaulonen.com\/#organization\"},\"potentialAction\":[{\"@type\":\"SearchAction\",\"target\":{\"@type\":\"EntryPoint\",\"urlTemplate\":\"https:\/\/v1.neformemeaulonen.com\/?s={search_term_string}\"},\"query-input\":\"required name=search_term_string\"}],\"inLanguage\":\"en-US\"},{\"@type\":\"Organization\",\"@id\":\"https:\/\/v1.neformemeaulonen.com\/#organization\",\"name\":\"Ne Forme Me Aulonen\",\"url\":\"https:\/\/v1.neformemeaulonen.com\/\",\"logo\":{\"@type\":\"ImageObject\",\"inLanguage\":\"en-US\",\"@id\":\"https:\/\/v1.neformemeaulonen.com\/#\/schema\/logo\/image\/\",\"url\":\"https:\/\/i0.wp.com\/neformemeaulonen.com\/wp-content\/uploads\/2021\/02\/cropped-logo-2.png?fit=512%2C512&ssl=1\",\"contentUrl\":\"https:\/\/i0.wp.com\/neformemeaulonen.com\/wp-content\/uploads\/2021\/02\/cropped-logo-2.png?fit=512%2C512&ssl=1\",\"width\":512,\"height\":512,\"caption\":\"Ne Forme Me Aulonen\"},\"image\":{\"@id\":\"https:\/\/v1.neformemeaulonen.com\/#\/schema\/logo\/image\/\"},\"sameAs\":[\"https:\/\/www.facebook.com\/Ne-forme-me-Aulonen-101759141608331\/\",\"https:\/\/www.instagram.com\/ne_forme_me_aulonen\/\"]}]}<\/script>\n<!-- \/ Yoast SEO plugin. -->","yoast_head_json":{"title":"Dob\u00ebsohu nga sht\u00ebpia, programi i par\u00eb (st\u00ebrvitje + regjim ushqimor) - N\u00eb form\u00eb me Aulonen","robots":{"index":"index","follow":"follow","max-snippet":"max-snippet:-1","max-image-preview":"max-image-preview:large","max-video-preview":"max-video-preview:-1"},"canonical":"https:\/\/v1.neformemeaulonen.com\/en\/bli\/dobesohu-nga-shtepia-programi-i-pare-stervitje-regjim-ushqimor\/","og_locale":"en_US","og_type":"article","og_title":"Dob\u00ebsohu nga sht\u00ebpia, programi i par\u00eb (st\u00ebrvitje + regjim ushqimor) - N\u00eb form\u00eb me Aulonen","og_description":"Me k\u00ebt\u00eb program 8 javor nj\u00eb gj\u00eb \u00ebsht\u00eb e sigurt, ti do t\u00eb dob\u00ebsohesh dhe tonifikohesh, duke u arg\u00ebtuar. Nj\u00eb program i krijuar p\u00ebr t\u00eb gjitha ju q\u00eb nuk keni mund\u00ebsi t\u00eb shkoni n\u00eb palest\u00ebr, ama d\u00ebshironi t\u00eb ndryshoni dhe p\u00ebrmir\u00ebsoni pamjen tuaj duke u st\u00ebrvitur.","og_url":"https:\/\/v1.neformemeaulonen.com\/en\/bli\/dobesohu-nga-shtepia-programi-i-pare-stervitje-regjim-ushqimor\/","og_site_name":"N\u00eb form\u00eb me Aulonen","article_publisher":"https:\/\/www.facebook.com\/Ne-forme-me-Aulonen-101759141608331\/","article_modified_time":"2023-01-01T23:00:03+00:00","og_image":[{"width":1041,"height":780,"url":"https:\/\/v1.neformemeaulonen.com\/wp-content\/uploads\/2021\/02\/dobesim_1_regjim.jpg","type":"image\/jpeg"}],"twitter_card":"summary_large_image","schema":{"@context":"https:\/\/schema.org","@graph":[{"@type":"WebPage","@id":"https:\/\/v1.neformemeaulonen.com\/bli\/dobesohu-nga-shtepia-programi-i-pare-stervitje-regjim-ushqimor\/","url":"https:\/\/v1.neformemeaulonen.com\/bli\/dobesohu-nga-shtepia-programi-i-pare-stervitje-regjim-ushqimor\/","name":"Dob\u00ebsohu nga sht\u00ebpia, programi i par\u00eb (st\u00ebrvitje + regjim ushqimor) - N\u00eb form\u00eb me Aulonen","isPartOf":{"@id":"https:\/\/v1.neformemeaulonen.com\/#website"},"primaryImageOfPage":{"@id":"https:\/\/v1.neformemeaulonen.com\/bli\/dobesohu-nga-shtepia-programi-i-pare-stervitje-regjim-ushqimor\/#primaryimage"},"image":{"@id":"https:\/\/v1.neformemeaulonen.com\/bli\/dobesohu-nga-shtepia-programi-i-pare-stervitje-regjim-ushqimor\/#primaryimage"},"thumbnailUrl":"https:\/\/v1.neformemeaulonen.com\/wp-content\/uploads\/2021\/02\/dobesim_1_regjim.jpg","datePublished":"2021-02-23T09:14:46+00:00","dateModified":"2023-01-01T23:00:03+00:00","breadcrumb":{"@id":"https:\/\/v1.neformemeaulonen.com\/bli\/dobesohu-nga-shtepia-programi-i-pare-stervitje-regjim-ushqimor\/#breadcrumb"},"inLanguage":"en-US","potentialAction":[{"@type":"ReadAction","target":["https:\/\/v1.neformemeaulonen.com\/bli\/dobesohu-nga-shtepia-programi-i-pare-stervitje-regjim-ushqimor\/"]}]},{"@type":"ImageObject","inLanguage":"en-US","@id":"https:\/\/v1.neformemeaulonen.com\/bli\/dobesohu-nga-shtepia-programi-i-pare-stervitje-regjim-ushqimor\/#primaryimage","url":"https:\/\/v1.neformemeaulonen.com\/wp-content\/uploads\/2021\/02\/dobesim_1_regjim.jpg","contentUrl":"https:\/\/v1.neformemeaulonen.com\/wp-content\/uploads\/2021\/02\/dobesim_1_regjim.jpg","width":1041,"height":780},{"@type":"BreadcrumbList","@id":"https:\/\/v1.neformemeaulonen.com\/bli\/dobesohu-nga-shtepia-programi-i-pare-stervitje-regjim-ushqimor\/#breadcrumb","itemListElement":[{"@type":"ListItem","position":1,"name":"Home","item":"https:\/\/v1.neformemeaulonen.com\/"},{"@type":"ListItem","position":2,"name":"Shop","item":"https:\/\/v1.neformemeaulonen.com\/shop\/"},{"@type":"ListItem","position":3,"name":"Dob\u00ebsohu nga sht\u00ebpia, programi i par\u00eb (st\u00ebrvitje + regjim ushqimor)"}]},{"@type":"WebSite","@id":"https:\/\/v1.neformemeaulonen.com\/#website","url":"https:\/\/v1.neformemeaulonen.com\/","name":"N\u00eb form\u00eb me Aulonen","description":"Aulona","publisher":{"@id":"https:\/\/v1.neformemeaulonen.com\/#organization"},"potentialAction":[{"@type":"SearchAction","target":{"@type":"EntryPoint","urlTemplate":"https:\/\/v1.neformemeaulonen.com\/?s={search_term_string}"},"query-input":"required name=search_term_string"}],"inLanguage":"en-US"},{"@type":"Organization","@id":"https:\/\/v1.neformemeaulonen.com\/#organization","name":"Ne Forme Me Aulonen","url":"https:\/\/v1.neformemeaulonen.com\/","logo":{"@type":"ImageObject","inLanguage":"en-US","@id":"https:\/\/v1.neformemeaulonen.com\/#\/schema\/logo\/image\/","url":"https:\/\/i0.wp.com\/neformemeaulonen.com\/wp-content\/uploads\/2021\/02\/cropped-logo-2.png?fit=512%2C512&ssl=1","contentUrl":"https:\/\/i0.wp.com\/neformemeaulonen.com\/wp-content\/uploads\/2021\/02\/cropped-logo-2.png?fit=512%2C512&ssl=1","width":512,"height":512,"caption":"Ne Forme Me Aulonen"},"image":{"@id":"https:\/\/v1.neformemeaulonen.com\/#\/schema\/logo\/image\/"},"sameAs":["https:\/\/www.facebook.com\/Ne-forme-me-Aulonen-101759141608331\/","https:\/\/www.instagram.com\/ne_forme_me_aulonen\/"]}]}},"_links":{"self":[{"href":"https:\/\/v1.neformemeaulonen.com\/en\/wp-json\/wp\/v2\/product\/12209","targetHints":{"allow":["GET"]}}],"collection":[{"href":"https:\/\/v1.neformemeaulonen.com\/en\/wp-json\/wp\/v2\/product"}],"about":[{"href":"https:\/\/v1.neformemeaulonen.com\/en\/wp-json\/wp\/v2\/types\/product"}],"replies":[{"embeddable":true,"href":"https:\/\/v1.neformemeaulonen.com\/en\/wp-json\/wp\/v2\/comments?post=12209"}],"wp:featuredmedia":[{"embeddable":true,"href":"https:\/\/v1.neformemeaulonen.com\/en\/wp-json\/wp\/v2\/media\/12254"}],"wp:attachment":[{"href":"https:\/\/v1.neformemeaulonen.com\/en\/wp-json\/wp\/v2\/media?parent=12209"}],"wp:term":[{"taxonomy":"product_cat","embeddable":true,"href":"https:\/\/v1.neformemeaulonen.com\/en\/wp-json\/wp\/v2\/product_cat?post=12209"},{"taxonomy":"product_tag","embeddable":true,"href":"https:\/\/v1.neformemeaulonen.com\/en\/wp-json\/wp\/v2\/product_tag?post=12209"}],"curies":[{"name":"wp","href":"https:\/\/api.w.org\/{rel}","templated":true}]}}