{"id":9986,"date":"2021-01-04T16:46:22","date_gmt":"2021-01-04T15:46:22","guid":{"rendered":"https:\/\/nfma.stema.al\/?page_id=9986"},"modified":"2022-04-17T16:26:53","modified_gmt":"2022-04-17T15:26:53","slug":"rreth-healthylicious","status":"publish","type":"page","link":"https:\/\/v1.neformemeaulonen.com\/en\/rreth-healthylicious\/","title":{"rendered":"About Healthylicious"},"content":{"rendered":"<section class=\"wpb-content-wrapper\"><div id=\"sec1\" class=\"vc_row wpb_row vc_row-fluid\"><div class=\"wpb_column vc_column_container vc_col-sm-12\"><div class=\"vc_column-inner\"><div class=\"wpb_wrapper\">\n\t<div class=\"wpb_raw_code wpb_content_element wpb_raw_html\" >\n\t\t<div class=\"wpb_wrapper\">\n\t\t\t<link href=\"https:\/\/cdn.jsdelivr.net\/npm\/bootstrap@5.0.0-beta1\/dist\/css\/bootstrap.min.css\" rel=\"stylesheet\" integrity=\"sha384-giJF6kkoqNQ00vy+HMDP7azOuL0xtbfIcaT9wjKHr8RbDVddVHyTfAAsrekwKmP1\" crossorigin=\"anonymous\">\n<link rel=\"stylesheet\" href=\"https:\/\/cdnjs.cloudflare.com\/ajax\/libs\/font-awesome\/5.15.1\/css\/all.min.css\" integrity=\"sha512-+4zCK9k+qNFUR5X+cKL9EIR+ZOhtIloNl9GIKS57V1MyNsYpYcUrUeQc9vNfzsWfV28IaLL3i96P9sdNyeRssA==\" crossorigin=\"anonymous\" \/>\n    <div class=\"container\" style=\"height:30vh;position:relative;\">\n        <div class=\"row\">\n            <div class=\"col-md-12\">\n                <p class=\"subtitle\">About Healthylicious<\/p>\n                <h2 class=\"title\">Healthylicious motivation<\/h2>\n                <p class=\"text\">\nHealthy food and full of taste! Isn't that the ideal one? Exactly why we created Healthylicious, your  home of healthy eating patterns and taste.\n               <\/p>\n            <\/div>\n        <\/div>\n    <\/div>\n\t\t<\/div>\n\t<\/div>\n<\/div><\/div><\/div><\/div><div id=\"sec2\" class=\"vc_row wpb_row vc_row-fluid\"><div class=\"wpb_column vc_column_container vc_col-sm-12\"><div class=\"vc_column-inner\"><div class=\"wpb_wrapper\">\n\t<div class=\"wpb_raw_code wpb_content_element wpb_raw_html\" >\n\t\t<div class=\"wpb_wrapper\">\n\t\t\t<img decoding=\"async\" src=\"\/wp-content\/uploads\/2021\/01\/9.png\" alt=\"\" style=\"width: 100%; border-radius: 10px\">\n\t\t<\/div>\n\t<\/div>\n<\/div><\/div><\/div><\/div><div id=\"sec3\" class=\"vc_row wpb_row vc_row-fluid\"><div class=\"wpb_column vc_column_container vc_col-sm-12\"><div class=\"vc_column-inner\"><div class=\"wpb_wrapper\">\n\t<div class=\"wpb_raw_code wpb_content_element wpb_raw_html\" >\n\t\t<div class=\"wpb_wrapper\">\n\t\t\t<p>\nAfter the unbelievable success of \" N\u00eb form\u00eb me Aulon\u00ebn\u201d\", the first online training platform in Albania, where girls and women living around the world have tremendously transformed their body through exercise and healthy eating, many of you had a request: Alright, you did actually bring the practical exercises home, but what about the food? \n<\/p>\n\t\t<\/div>\n\t<\/div>\n<\/div><\/div><\/div><\/div><div id=\"sec4\" class=\"vc_row wpb_row vc_row-fluid\"><div class=\"wpb_column vc_column_container vc_col-sm-12\"><div class=\"vc_column-inner\"><div class=\"wpb_wrapper\">\n\t<div class=\"wpb_raw_code wpb_content_element wpb_raw_html\" >\n\t\t<div class=\"wpb_wrapper\">\n\t\t\t<div class=\"grid-container\">\n<div class=\"grid-item\">\n<img decoding=\"async\" src=\"\/wp-content\/uploads\/2021\/01\/hl1.png\" alt=\"\" >\n<\/div>\n<div class=\"grid-item\">\n<img decoding=\"async\" src=\"\/wp-content\/uploads\/2021\/01\/2.png\" alt=\"\" >\n<\/div>\n<div class=\"grid-item\">\n<img decoding=\"async\" src=\"\/wp-content\/uploads\/2021\/01\/3.png\" alt=\"\" >\n<\/div>\n<div class=\"grid-item\">\n<img decoding=\"async\" src=\"\/wp-content\/uploads\/2021\/01\/4.png\" alt=\"\" >\n<\/div>\n<div class=\"grid-item\">\n<img decoding=\"async\" src=\"\/wp-content\/uploads\/2021\/01\/5.png\" alt=\"\" >\n<\/div>\n<div class=\"grid-item\">\n<img decoding=\"async\" src=\"\/wp-content\/uploads\/2021\/01\/6.png\" alt=\"\" >\n<\/div>\n<div class=\"grid-item\">\n<img decoding=\"async\" src=\"\/wp-content\/uploads\/2021\/01\/7.png\" alt=\"\" >\n<\/div>\n<div class=\"grid-item\">\n<img decoding=\"async\" src=\"\/wp-content\/uploads\/2021\/01\/8.png\" alt=\"\" >\n<\/div>\n<\/div>\n\t\t<\/div>\n\t<\/div>\n<\/div><\/div><\/div><\/div><div id=\"sec5\" class=\"vc_row wpb_row vc_row-fluid\"><div class=\"wpb_column vc_column_container vc_col-sm-12\"><div class=\"vc_column-inner\"><div class=\"wpb_wrapper\">\n\t<div class=\"wpb_raw_code wpb_content_element wpb_raw_html\" >\n\t\t<div class=\"wpb_wrapper\">\n\t\t\t<div class=\"container\">\n<div class=\"text\">\n<h2>Healthylicious<\/h2>\n<p class=\" translation-block\">The main goal of Healthylicious is for you to establish a healthy relationship with food, to realize that food is not your enemy but rather, is your greatest tool for a healthy life, beautiful body, and optimal health.\nWhy Healthylicious? Because we want to get rid of the ideology  that eating healthy means eating tasteless food, that makes the whole process of nutrition, a process that gives you no pleasure at all. Eating healthy does not mean eating boiled vegetables every day, nor does it mean giving up sweets that are so beloved. That's why Healthylicious will turn the process of healthy eating, or the process of losing weight into a pleasure, thanks to the taste that it will give you in every dish.\nTwo main meals, lunch &amp; dinner and a snack will get delivered  to you every day to help you achieve the results you want, without giving up the tasteful food. All products used are of the best quality. This is a condition for which we will never compromise. With Healthylicious food you will never get bored because every meal will be different and full of taste.<\/p>\n<\/div>\n<div class=\"img-container\">\n<img decoding=\"async\" style=\"border-radius: 0px 0px 30px 30px;\" src=\"\/wp-content\/uploads\/2021\/01\/Diet-Program-2-1-1.png\" alt=\"\" >\n<\/div>\n<\/div>\n\t\t<\/div>\n\t<\/div>\n<\/div><\/div><\/div><\/div><div id=\"sec6\" class=\"vc_row wpb_row vc_row-fluid\"><div class=\"wpb_column vc_column_container vc_col-sm-12\"><div class=\"vc_column-inner\"><div class=\"wpb_wrapper\">\n\t<div class=\"wpb_raw_code wpb_content_element wpb_raw_html\" >\n\t\t<div class=\"wpb_wrapper\">\n\t\t\t<div class=\"wrapper\">\n  <div class=\"header\"><\/div>\n  <div class=\"content1\"><\/div>\n  <div class=\"content2\"><\/div>\n  <div class=\"content3\"><\/div>\n  <div class=\"footer\"><\/div>\n<\/div>\n<div class=\"container5\">\n  <div class=\"col15\"><\/div>\n  <div class=\"col25\"><\/div>\n<\/div>\n\t\t<\/div>\n\t<\/div>\n<\/div><\/div><\/div><\/div><div id=\"sector7mobile\" class=\"vc_row wpb_row vc_row-fluid\"><div class=\"wpb_column vc_column_container vc_col-sm-12\"><div class=\"vc_column-inner\"><div class=\"wpb_wrapper\">\n\t<div class=\"wpb_raw_code wpb_content_element wpb_raw_html\" >\n\t\t<div class=\"wpb_wrapper\">\n\t\t\t<div class=\"image-container\">\n<img decoding=\"async\" src=\"\/wp-content\/uploads\/2021\/01\/dietprogram.png\" alt=\"\">\n<\/div>\n<div id=\"sec5\">\n        <div class=\"grid-container\">\n            <div class=\"item1\">\n                <img decoding=\"async\" src=\"\/wp-content\/uploads\/2021\/01\/img1.png\" alt=\"\">\n            <\/div>\n            <div class=\"item2\">\n                <img decoding=\"async\" src=\"\/wp-content\/uploads\/2021\/01\/img2.png\" alt=\"\">\n                <img decoding=\"async\" src=\"\/wp-content\/uploads\/2021\/01\/img3.png\" alt=\"\">\n            <\/div>\n            <!-- <div class=\"item3\">\n                <img decoding=\"async\" src=\".\/images\/img3.png\" alt=\"\">\n            <\/div> -->\n        <\/div>\n        <div class=\"grid-container\">\n            <div class=\"item4\">\n                <img decoding=\"async\" src=\"\/wp-content\/uploads\/2021\/01\/img4.png\" alt=\"\">\n                <img decoding=\"async\" src=\"\/wp-content\/uploads\/2021\/01\/img5.png\" alt=\"\">\n            <\/div>\n            <!-- <div class=\"item5\">\n                <img decoding=\"async\" src=\".\/images\/img5.png\" alt=\"\">\n            <\/div> -->\n            <div class=\"item6\">\n                <img decoding=\"async\" src=\"\/wp-content\/uploads\/2021\/01\/img6.png\" alt=\"\">\n            <\/div>\n        <\/div>\n    <\/div>\n\t\t<\/div>\n\t<\/div>\n<\/div><\/div><\/div><\/div>\n<\/section>","protected":false},"excerpt":{"rendered":"Rreth Healthylicious Motivimi Healthylicious T\u00eb hash sh\u00ebndetsh\u00ebm dhe me shije\u2026 A nuk \u00ebsht\u00eb kjo d\u00ebshira q\u00eb ka kushdo? Padyshim q\u00eb","protected":false},"author":2403,"featured_media":0,"parent":0,"menu_order":0,"comment_status":"closed","ping_status":"closed","template":"","meta":{"footnotes":""},"class_list":["post-9986","page","type-page","status-publish","hentry"],"yoast_head":"<!-- This site is optimized with the Yoast SEO plugin v22.6 - https:\/\/yoast.com\/wordpress\/plugins\/seo\/ -->\n<title>Rreth Healthylicious - N\u00eb form\u00eb me Aulonen<\/title>\n<meta name=\"description\" content=\"Ne forme me Aulonen\" \/>\n<meta name=\"robots\" content=\"index, follow, max-snippet:-1, max-image-preview:large, max-video-preview:-1\" \/>\n<link rel=\"canonical\" href=\"https:\/\/v1.neformemeaulonen.com\/en\/rreth-healthylicious\/\" \/>\n<meta property=\"og:locale\" content=\"en_US\" \/>\n<meta property=\"og:type\" content=\"article\" \/>\n<meta property=\"og:title\" content=\"Rreth Healthylicious - N\u00eb form\u00eb me Aulonen\" \/>\n<meta property=\"og:description\" content=\"Ne forme me Aulonen\" \/>\n<meta property=\"og:url\" content=\"https:\/\/v1.neformemeaulonen.com\/en\/rreth-healthylicious\/\" \/>\n<meta property=\"og:site_name\" content=\"N\u00eb form\u00eb me Aulonen\" \/>\n<meta property=\"article:publisher\" content=\"https:\/\/www.facebook.com\/Ne-forme-me-Aulonen-101759141608331\/\" \/>\n<meta property=\"article:modified_time\" content=\"2022-04-17T15:26:53+00:00\" \/>\n<meta property=\"og:image\" content=\"https:\/\/v1.neformemeaulonen.com\/wp-content\/uploads\/2021\/02\/tonifikim_regjim2.png\" \/>\n\t<meta property=\"og:image:width\" content=\"1041\" \/>\n\t<meta property=\"og:image:height\" content=\"780\" \/>\n\t<meta property=\"og:image:type\" content=\"image\/png\" \/>\n<meta name=\"twitter:card\" content=\"summary_large_image\" \/>\n<meta name=\"twitter:label1\" content=\"Est. reading time\" \/>\n\t<meta name=\"twitter:data1\" content=\"5 minutes\" \/>\n<script type=\"application\/ld+json\" class=\"yoast-schema-graph\">{\"@context\":\"https:\/\/schema.org\",\"@graph\":[{\"@type\":\"WebPage\",\"@id\":\"https:\/\/v1.neformemeaulonen.com\/rreth-healthylicious\/\",\"url\":\"https:\/\/v1.neformemeaulonen.com\/rreth-healthylicious\/\",\"name\":\"Rreth Healthylicious - N\u00eb form\u00eb me Aulonen\",\"isPartOf\":{\"@id\":\"https:\/\/v1.neformemeaulonen.com\/#website\"},\"datePublished\":\"2021-01-04T15:46:22+00:00\",\"dateModified\":\"2022-04-17T15:26:53+00:00\",\"description\":\"Ne forme me Aulonen\",\"breadcrumb\":{\"@id\":\"https:\/\/v1.neformemeaulonen.com\/rreth-healthylicious\/#breadcrumb\"},\"inLanguage\":\"en-US\",\"potentialAction\":[{\"@type\":\"ReadAction\",\"target\":[\"https:\/\/v1.neformemeaulonen.com\/rreth-healthylicious\/\"]}]},{\"@type\":\"BreadcrumbList\",\"@id\":\"https:\/\/v1.neformemeaulonen.com\/rreth-healthylicious\/#breadcrumb\",\"itemListElement\":[{\"@type\":\"ListItem\",\"position\":1,\"name\":\"Home\",\"item\":\"https:\/\/v1.neformemeaulonen.com\/\"},{\"@type\":\"ListItem\",\"position\":2,\"name\":\"Rreth Healthylicious\"}]},{\"@type\":\"WebSite\",\"@id\":\"https:\/\/v1.neformemeaulonen.com\/#website\",\"url\":\"https:\/\/v1.neformemeaulonen.com\/\",\"name\":\"N\u00eb form\u00eb me Aulonen\",\"description\":\"Aulona\",\"publisher\":{\"@id\":\"https:\/\/v1.neformemeaulonen.com\/#organization\"},\"potentialAction\":[{\"@type\":\"SearchAction\",\"target\":{\"@type\":\"EntryPoint\",\"urlTemplate\":\"https:\/\/v1.neformemeaulonen.com\/?s={search_term_string}\"},\"query-input\":\"required name=search_term_string\"}],\"inLanguage\":\"en-US\"},{\"@type\":\"Organization\",\"@id\":\"https:\/\/v1.neformemeaulonen.com\/#organization\",\"name\":\"Ne Forme Me Aulonen\",\"url\":\"https:\/\/v1.neformemeaulonen.com\/\",\"logo\":{\"@type\":\"ImageObject\",\"inLanguage\":\"en-US\",\"@id\":\"https:\/\/v1.neformemeaulonen.com\/#\/schema\/logo\/image\/\",\"url\":\"https:\/\/i0.wp.com\/neformemeaulonen.com\/wp-content\/uploads\/2021\/02\/cropped-logo-2.png?fit=512%2C512&ssl=1\",\"contentUrl\":\"https:\/\/i0.wp.com\/neformemeaulonen.com\/wp-content\/uploads\/2021\/02\/cropped-logo-2.png?fit=512%2C512&ssl=1\",\"width\":512,\"height\":512,\"caption\":\"Ne Forme Me Aulonen\"},\"image\":{\"@id\":\"https:\/\/v1.neformemeaulonen.com\/#\/schema\/logo\/image\/\"},\"sameAs\":[\"https:\/\/www.facebook.com\/Ne-forme-me-Aulonen-101759141608331\/\",\"https:\/\/www.instagram.com\/ne_forme_me_aulonen\/\"]}]}<\/script>\n<!-- \/ Yoast SEO plugin. -->","yoast_head_json":{"title":"Rreth Healthylicious - N\u00eb form\u00eb me Aulonen","description":"Ne forme me Aulonen","robots":{"index":"index","follow":"follow","max-snippet":"max-snippet:-1","max-image-preview":"max-image-preview:large","max-video-preview":"max-video-preview:-1"},"canonical":"https:\/\/v1.neformemeaulonen.com\/en\/rreth-healthylicious\/","og_locale":"en_US","og_type":"article","og_title":"Rreth Healthylicious - N\u00eb form\u00eb me Aulonen","og_description":"Ne forme me Aulonen","og_url":"https:\/\/v1.neformemeaulonen.com\/en\/rreth-healthylicious\/","og_site_name":"N\u00eb form\u00eb me Aulonen","article_publisher":"https:\/\/www.facebook.com\/Ne-forme-me-Aulonen-101759141608331\/","article_modified_time":"2022-04-17T15:26:53+00:00","og_image":[{"width":1041,"height":780,"url":"https:\/\/v1.neformemeaulonen.com\/wp-content\/uploads\/2021\/02\/tonifikim_regjim2.png","type":"image\/png"}],"twitter_card":"summary_large_image","twitter_misc":{"Est. reading time":"5 minutes"},"schema":{"@context":"https:\/\/schema.org","@graph":[{"@type":"WebPage","@id":"https:\/\/v1.neformemeaulonen.com\/rreth-healthylicious\/","url":"https:\/\/v1.neformemeaulonen.com\/rreth-healthylicious\/","name":"Rreth Healthylicious - N\u00eb form\u00eb me Aulonen","isPartOf":{"@id":"https:\/\/v1.neformemeaulonen.com\/#website"},"datePublished":"2021-01-04T15:46:22+00:00","dateModified":"2022-04-17T15:26:53+00:00","description":"Ne forme me Aulonen","breadcrumb":{"@id":"https:\/\/v1.neformemeaulonen.com\/rreth-healthylicious\/#breadcrumb"},"inLanguage":"en-US","potentialAction":[{"@type":"ReadAction","target":["https:\/\/v1.neformemeaulonen.com\/rreth-healthylicious\/"]}]},{"@type":"BreadcrumbList","@id":"https:\/\/v1.neformemeaulonen.com\/rreth-healthylicious\/#breadcrumb","itemListElement":[{"@type":"ListItem","position":1,"name":"Home","item":"https:\/\/v1.neformemeaulonen.com\/"},{"@type":"ListItem","position":2,"name":"Rreth Healthylicious"}]},{"@type":"WebSite","@id":"https:\/\/v1.neformemeaulonen.com\/#website","url":"https:\/\/v1.neformemeaulonen.com\/","name":"N\u00eb form\u00eb me Aulonen","description":"Aulona","publisher":{"@id":"https:\/\/v1.neformemeaulonen.com\/#organization"},"potentialAction":[{"@type":"SearchAction","target":{"@type":"EntryPoint","urlTemplate":"https:\/\/v1.neformemeaulonen.com\/?s={search_term_string}"},"query-input":"required name=search_term_string"}],"inLanguage":"en-US"},{"@type":"Organization","@id":"https:\/\/v1.neformemeaulonen.com\/#organization","name":"Ne Forme Me Aulonen","url":"https:\/\/v1.neformemeaulonen.com\/","logo":{"@type":"ImageObject","inLanguage":"en-US","@id":"https:\/\/v1.neformemeaulonen.com\/#\/schema\/logo\/image\/","url":"https:\/\/i0.wp.com\/neformemeaulonen.com\/wp-content\/uploads\/2021\/02\/cropped-logo-2.png?fit=512%2C512&ssl=1","contentUrl":"https:\/\/i0.wp.com\/neformemeaulonen.com\/wp-content\/uploads\/2021\/02\/cropped-logo-2.png?fit=512%2C512&ssl=1","width":512,"height":512,"caption":"Ne Forme Me Aulonen"},"image":{"@id":"https:\/\/v1.neformemeaulonen.com\/#\/schema\/logo\/image\/"},"sameAs":["https:\/\/www.facebook.com\/Ne-forme-me-Aulonen-101759141608331\/","https:\/\/www.instagram.com\/ne_forme_me_aulonen\/"]}]}},"_links":{"self":[{"href":"https:\/\/v1.neformemeaulonen.com\/en\/wp-json\/wp\/v2\/pages\/9986","targetHints":{"allow":["GET"]}}],"collection":[{"href":"https:\/\/v1.neformemeaulonen.com\/en\/wp-json\/wp\/v2\/pages"}],"about":[{"href":"https:\/\/v1.neformemeaulonen.com\/en\/wp-json\/wp\/v2\/types\/page"}],"author":[{"embeddable":true,"href":"https:\/\/v1.neformemeaulonen.com\/en\/wp-json\/wp\/v2\/users\/2403"}],"replies":[{"embeddable":true,"href":"https:\/\/v1.neformemeaulonen.com\/en\/wp-json\/wp\/v2\/comments?post=9986"}],"version-history":[{"count":0,"href":"https:\/\/v1.neformemeaulonen.com\/en\/wp-json\/wp\/v2\/pages\/9986\/revisions"}],"wp:attachment":[{"href":"https:\/\/v1.neformemeaulonen.com\/en\/wp-json\/wp\/v2\/media?parent=9986"}],"curies":[{"name":"wp","href":"https:\/\/api.w.org\/{rel}","templated":true}]}}