{"id":9931,"date":"2021-01-04T13:08:30","date_gmt":"2021-01-04T12:08:30","guid":{"rendered":"https:\/\/nfma.stema.al\/?page_id=9931"},"modified":"2022-07-31T14:39:13","modified_gmt":"2022-07-31T13:39:13","slug":"rreth-aulones","status":"publish","type":"page","link":"https:\/\/v1.neformemeaulonen.com\/en\/rreth-aulones\/","title":{"rendered":"About Aulona"},"content":{"rendered":"<section class=\"wpb-content-wrapper\"><div id=\"sec1\" class=\"vc_row wpb_row vc_row-fluid vc_custom_1659274659695\"><div class=\"wpb_column vc_column_container vc_col-sm-12\"><div class=\"vc_column-inner vc_custom_1659274744230\"><div class=\"wpb_wrapper\">\n\t<div class=\"wpb_raw_code wpb_content_element wpb_raw_html\" >\n\t\t<div class=\"wpb_wrapper\">\n\t\t\t<link href=\"https:\/\/cdn.jsdelivr.net\/npm\/bootstrap@5.0.0-beta1\/dist\/css\/bootstrap.min.css\" rel=\"stylesheet\" integrity=\"sha384-giJF6kkoqNQ00vy+HMDP7azOuL0xtbfIcaT9wjKHr8RbDVddVHyTfAAsrekwKmP1\" crossorigin=\"anonymous\">\n<link rel=\"stylesheet\" href=\"https:\/\/cdnjs.cloudflare.com\/ajax\/libs\/font-awesome\/5.15.1\/css\/all.min.css\" integrity=\"sha512-+4zCK9k+qNFUR5X+cKL9EIR+ZOhtIloNl9GIKS57V1MyNsYpYcUrUeQc9vNfzsWfV28IaLL3i96P9sdNyeRssA==\" crossorigin=\"anonymous\" \/>\n    <div class=\"container\" style=\"height:30vh;position:relative;\">\n        <div class=\"row\">\n            <div class=\"col-md-12\">\n                <p class=\"subtitle\">About Aulona<\/p>\n                <h2 class=\"title\">More about Aulona<\/h2>\n                <p class=\"subtitle2\">This is my story!<\/p>\n                <p class=\"text\">I have been working hard for this project, which at first was just a dream and now, it is finally ready. I\u2019m happy to share this website with you because it holds my passion in it. A whole word of physical activity, good nutrition, positive aura so we can have a healthy living guide. Many of you know me as a journalist and moderator, as well as an influencer and \u201cpassionate about fitness and healthy living\u201d Aulona. My passion for healthy living has become now a lifestyle, which has long inspired many of you. So far all the interactivity has been through my Instagram page. It will become something bigger and all- embracing starting today!\n               <\/p>\n\n <p class=\"text\">\n\nAulona Musta \u00ebsht\u00eb nj\u00eb personazh i njohur i biznesit online dhe televizionit. Ajo \u00ebsht\u00eb b\u00ebr\u00eb e njohur n\u00eb bot\u00ebn e gazetaris\u00eb n\u00eb televizionet shqiptare q\u00eb prej vitit 2005, influencer n\u00eb Instagram q\u00eb prej vitit 2010, themeluese dhe kryeredaktore e portaleve dhe emisioneve t\u00eb ndryshme televizive, themeluese e emisionit t\u00eb par\u00eb te Showbizz n\u00eb Shqip\u00ebri, themeluese e platform\u00ebs s\u00eb par\u00eb st\u00ebrvitore online n\u00eb Shqip\u00ebri, krijuese e kompanis\u00eb s\u00eb deliveryt \u201cHealthylicious\u201d dhe brandit t\u00eb veshjeve NFMA.\n\nAulona ka p\u00ebrfunduar studimet e larta p\u00ebr Psikologji Klinike, n\u00eb Fakultetin e Shkencave Sociale n\u00eb Tiran\u00eb dhe m\u00eb pas ka kryer masterin p\u00ebr Gazetari, n\u00eb profilin Drejtim dhe Menaxhim Media. Eksperienca e saj studentore nuk ka p\u00ebrfunduar k\u00ebtu. Aulona gjithashtu i \u00ebsht\u00eb p\u00ebrkushtuar zhvillimit t\u00eb saj profesional dhe n\u00eb profilin e sh\u00ebndetit fizik, t\u00eb cilin e ka aq shum\u00eb pasion. \n\nP\u00ebrgjat\u00eb shum\u00eb viteve Aulona ka kryer trajnime t\u00eb shumta n\u00eb fushen e nutricionit dhe fitnesit.\nN\u00eb vitin 2019, ajo \u00ebsht\u00eb certifikuar nga nj\u00eb prej programeve m\u00eb t\u00eb njohura Amerikane dhe mbar\u00ebboterore t\u00eb nutricionit dhe fitnesit (ISSA).\n\nP\u00ebrsa i p\u00ebrket profilit t\u00eb saj profesional, eksperiencat e para t\u00eb Aulones n\u00eb fush\u00ebn e gazetaris\u00eb kan\u00eb filluar n\u00eb vitin 2005, si gazetare n\u00eb Gazeten Paloma, ku pas 2 vitesh ajo u ngrit n\u00eb detyr\u00eb si kryeredaktore e k\u00ebsaj gazete. Ajo q\u00ebndroi n\u00eb k\u00ebt\u00eb post p\u00ebr plot 10 vite, deri n\u00eb vitin 2017.\n\nN\u00eb vitin 2012 Aulona nis emisionin \u201cSillikon\u201d n\u00eb Radio NRG, emision i cili vazhdoi p\u00ebr 5 vite deri n\u00eb vitin 2017 dhe rezultoi si nj\u00eb nd\u00ebr emisionet radiofonike m\u00eb t\u00eb ndjekur t\u00eb asaj kohe.\n\nN\u00eb vitin 2013\/2014 Aulon\u00ebn e keni par\u00eb si opinioniste n\u00eb Top Channel, n\u00eb emisionin \u201cTop Show Magazine\u201d.\n\nN\u00eb vitin 2016, Aulona Musta themeloi portalin Blitz.al. \n\nN\u00eb po k\u00ebt\u00eb vit, Aulona Musta themeloi emisioni \u201cThumb\u201d n\u00eb Youtube, i cili m\u00eb pas u b\u00eb pjes\u00eb e televizionit Top Channel, duke u konsideruar si nj\u00eb revolucion n\u00eb median shqiptare si emisioni i par\u00eb i formatit Showbiz n\u00eb Shqip\u00ebri.\n\nNj\u00eb vit m\u00eb von\u00eb, 2017 \u2013 2019, \u201cThumb\u201d u b\u00eb pjes\u00eb e televizionit Abc News, nd\u00ebrsa n\u00eb sezonin 2019-2020, \u201cThumb\u201d kaloi n\u00eb Ora News, k\u00ebt\u00eb her\u00eb si emision Prime Time, n\u00eb emrin \u201cThumbon\u201d, duke mos qen\u00eb m\u00eb vet\u00ebm emision Showbizi, por duke trajtuar edhe tema sociale.\n\nN\u00eb vitin 2019, Aulona Musta nd\u00ebrtoi platform\u00ebn e par\u00eb st\u00ebrvitore online n\u00eb Shqiperi, duke u dh\u00ebn\u00eb mund\u00ebsin\u00eb t\u00eb gjitha vajzave dhe grave shqiptare, kudo q\u00eb jan\u00eb, n\u00eb cdo cep t\u00eb globit, t\u00eb st\u00ebrviten shqip nga rehatia e shtepis\u00eb s\u00eb tyre.\n\nN\u00eb vitin 2021, ajo krijoi kompanin\u00eb e saj t\u00eb food delivery \u201cHealthylicious\u201d me paketa t\u00eb regjimit ushqimor dhe n\u00eb po t\u00eb nj\u00ebjtin vit, Aulona krijoi brandin e saj t\u00eb veshjeve NFMA (N\u00eb form\u00eb me Aulon\u00ebn) dhe nisi emisionin e saj prime time \u201cNat\u00ebn me Aulon\u00ebn\u201d.\n\nAulona spikat p\u00ebr m\u00ebnyren e saj t\u00eb drejt\u00ebp\u00ebrdrejt\u00eb t\u00eb komunikimit, humorin e saj pikant, linjat e saj perfekte, ndjeshm\u00ebrine dhe d\u00ebshir\u00ebn e madhe q\u00eb ajo ka p\u00ebr t\u00eb kontribuar n\u00eb shoq\u00ebri, n\u00eb vecanti n\u00eb p\u00ebrforcimin e figur\u00ebs s\u00eb femr\u00ebs. \nE gjith\u00eb ekspereinca e saj jet\u00ebsore, eksperienca n\u00eb biznes dhe studimet e saj, jane vendosur n\u00eb kontribut t\u00eb shoq\u00ebris\u00eb shqiptare, nj\u00eb shoq\u00ebri ku Aulona d\u00ebshiron t\u00eb kontribuoj\u00eb duke ofruar nj\u00eb imazh dhe nj\u00eb m\u00ebnyr\u00eb tjet\u00ebr sjelljeje, m\u00eb shume liri, t\u00eb drejt\u00eb fjale, p\u00ebrkujdesje ndaj vetes dhe m\u00eb shum\u00eb dashuri p\u00ebr veten dhe t\u00eb tjer\u00ebt.\n\nAulona \u00ebsht\u00eb gjithashtu nj\u00eb n\u00ebn\u00eb dhe bashk\u00ebshorte e devotshme p\u00ebr familjen e saj, nj\u00eb fem\u00ebr e p\u00ebrkushtuar n\u00eb marr\u00ebdhenien e saj bashk\u00ebshortore, m\u00ebm\u00ebsore dhe jo vetem, por me kontributin e saj ajo ka ndryshuar m\u00ebnyren e jetes\u00ebs p\u00ebr shum\u00eb njer\u00ebz, duke transformuar m\u00ebnyren si ata veprojn\u00eb, mendojn\u00eb dhe si kujdesen p\u00ebr veten dhe p\u00ebr trupat e tyre, duke kuptuar q\u00eb t\u00eb ndjerit mir\u00eb, fillon s\u00eb pari me veten.\n               <\/p>\n\n\n            <\/div>\n        <\/div>\n    <\/div>\n\t\t<\/div>\n\t<\/div>\n<\/div><\/div><\/div><\/div><div id=\"sec2\" class=\"vc_row wpb_row vc_row-fluid\"><div class=\"wpb_column vc_column_container vc_col-sm-12\"><div class=\"vc_column-inner\"><div class=\"wpb_wrapper\">\n\t<div class=\"wpb_raw_code wpb_content_element wpb_raw_html\" >\n\t\t<div class=\"wpb_wrapper\">\n\t\t\t<div class=\"bigBg\" style=\"background: url('\/wp-content\/uploads\/2021\/01\/aulona_about_us.png'), #222831; height: 700px; width: 100%; background-size: contain; background-repeat: no-repeat;\"><\/div>\n\t\t<\/div>\n\t<\/div>\n<\/div><\/div><\/div><\/div><div id=\"sec3\" class=\"vc_row wpb_row vc_row-fluid\"><div class=\"wpb_column vc_column_container vc_col-sm-12\"><div class=\"vc_column-inner\"><div class=\"wpb_wrapper\">\n\t<div class=\"wpb_raw_code wpb_content_element wpb_raw_html\" >\n\t\t<div class=\"wpb_wrapper\">\n\t\t\t<p class=\"subtitle\">NFMA<\/p>\n<p class=\"text\">\nN\u00eb form\u00eb me Aulon\u00ebn is created specifically for you. For all those girls and women who text me every day on Instagram and ask for tips on how to become a better version of themselves: how to lose weight, how to give up bad eating habits, how to give up lazy life, how to eat healthy, how to live a healthy life, how to have more willpower, how to set goals for themselves and stay loyal to them, but above all how to love the person that they see everyday in front of the mirror. Rest assured that together we will achieve this!\n<p>\n<p class=\"text\" style=\"margin-bottom: 10%;\">\nI feel happy for being a source of inspiration in various forms for many of you over the years. N\u00eb form\u00eb me Aulon\u00ebn is not just meant to make you lose a few pounds, believe me this is the simplest part. The main goal here will be to help  you value and respect yourself more, to invest more in it, and above all to make you fall in love with every version of yourself. Don\u2019t you think this is the most wonderful achievement? I really do believe so! I know how much u need this change because of the messages I have been  receiving  over many years on my social networks, from girls and women unhappy with themselves, with their bodies, but undecided to make the change they so desperately want. \nSome won\u2019t take this step because they do not have the opportunity to do so, some because they do not find the will, or maybe because they do not have the  right information. There are actually a lot of different reasons. But I have good news for you because starting today, these reasons will no longer apply. By today, all of you will realize that you can and are ready to make the big difference! You are ready to be the best version of yourself, the one you have long wanted!<\/p>\n\t\t<\/div>\n\t<\/div>\n<\/div><\/div><\/div><\/div><div id=\"sec4\" class=\"vc_row wpb_row vc_row-fluid\"><div class=\"wpb_column vc_column_container vc_col-sm-12\"><div class=\"vc_column-inner\"><div class=\"wpb_wrapper\">\n\t<div class=\"wpb_raw_code wpb_content_element wpb_raw_html\" >\n\t\t<div class=\"wpb_wrapper\">\n\t\t\t<div class=\"grid-container\">\n<div class=\"grid-item\">\n<img decoding=\"async\" id=\"img1\" src=\"\/wp-content\/uploads\/2021\/02\/1.png\" alt=\"\" >\n<\/div>\n<div class=\"grid-item\">\n<img decoding=\"async\" id=\"img2\" src=\"\/wp-content\/uploads\/2021\/01\/6.jpg\" alt=\"\" style=\" margin-top: 14%; margin-left: -14%;\" >\n<\/div>\n<div class=\"grid-item\">\n<img decoding=\"async\" id=\"img3\" src=\"\/wp-content\/uploads\/2021\/02\/2.png\" alt=\"\"  style=\" margin-top: 26%; margin-left: -28%;\" >\n<\/div>\n<div class=\"grid-item\">\n<img decoding=\"async\" id=\"img4\" src=\"\/wp-content\/uploads\/2021\/01\/4.jpg\" alt=\"\"  style=\" margin-top: -26%;\" >\n<\/div>\n<div class=\"grid-item\">\n<img decoding=\"async\" id=\"img5\" src=\"\/wp-content\/uploads\/2021\/01\/3.jpg\" alt=\"\" style=\"margin-left: -14%;margin-top: -49%;\" >\n<\/div>\n<div class=\"grid-item\">\n<img decoding=\"async\" id=\"img6\" src=\"\/wp-content\/uploads\/2021\/01\/5.jpg\" alt=\"\"  style=\" margin-left: -28%;\" >\n<\/div>\n<\/div>\n\t\t<\/div>\n\t<\/div>\n<\/div><\/div><\/div><\/div><div id=\"sec6\" class=\"vc_row wpb_row vc_row-fluid\"><div class=\"wpb_column vc_column_container vc_col-sm-12\"><div class=\"vc_column-inner\"><div class=\"wpb_wrapper\">\n\t<div class=\"wpb_raw_code wpb_content_element wpb_raw_html\" >\n\t\t<div class=\"wpb_wrapper\">\n\t\t\t<!--sector2-->\n<div class=\"container-fluid container2\" style=\"position: relative;\">\n  <div class=\"row\">\n    <div class=\"col-md-12\">\n      <p class=\"bigSubtitle\">NFMA<\/p>\n      <h2 class=\"bigTitle\">Let's train together.<\/h2>\n    <\/div>\n  <\/div>\n  <div class=\"row\">\n    <div class=\"col-md-4 col21\" onclick=\"window.location.href='\/programet\/';\">\n      <div class=\"text\">\n<div style=\"display: flex; justify-content: space-between; width: 95%;\">\n<p class=\"title2\">Weight Loss<\/p>\n<p class=\"price\"><\/p>\n<\/div>\n      <p class=\"duration\">8 weeks<\/p>\n      <\/div>\n      <div class=\"hidden\">\n        <button>Eksploro Paket\u00ebn<\/button>\n      <\/div>\n    <\/div>\n    <div class=\"col-md-4 col22\" onclick=\"window.location.href='\/programet\/';\">\n      <div class=\"text\">\n      <div style=\"display: flex; justify-content: space-between; width: 95%;\">\n<p class=\"title2\">Mass Building Program<\/p>\n<p class=\"price\"><\/p>\n<\/div>\n      <p class=\"duration\">8 weeks<\/p>\n      <\/div>\n      <div class=\"hidden\">\n        <button>Eksploro Paket\u00ebn<\/button>\n      <\/div>\n    <\/div>\n    <div class=\"col-md-4 col23\" onclick=\"window.location.href='\/programet\/';\">\n      <div class=\"text\">\n      <div style=\"display: flex; justify-content: space-between; width: 95%;\">\n<p class=\"title2\">Toning Program<\/p>\n<p class=\"price\"><\/p>\n<\/div>\n      <p class=\"duration\">8 weeks<\/p>\n      <\/div>\n      <div class=\"hidden\">\n        <button>Eksploro Paket\u00ebn<\/button>\n      <\/div>\n    <\/div>\n  <\/div>\n<\/div>\n\t\t<\/div>\n\t<\/div>\n<\/div><\/div><\/div><\/div><div id=\"sec5\" class=\"vc_row wpb_row vc_row-fluid\"><div class=\"wpb_column vc_column_container vc_col-sm-12\"><div class=\"vc_column-inner\"><div class=\"wpb_wrapper\">\n\t<div class=\"wpb_raw_code wpb_content_element wpb_raw_html\" >\n\t\t<div class=\"wpb_wrapper\">\n\t\t\t<!--section5-->\n<div class=\"center\">\n\t<div class=\"slider\" data-pos=\"0\">\n\t\t<div class=\"slider__slides\">\n\t\t\t<div class=\"slider__slide\">\n\t\t\t\t<h2><\/h2>\n\t\t\t\t<p>Today i finished the first program. From an 83 cm to 74.5 cm waist. Thank you very much and all the other girls were so fun! At first i did not think of it as an accomplishment but now i can say i made it!\ud83e\udd70\ud83e\udd70<\/p>\n\t\t\t\t<i class=\"fas fa-star\"><\/i>\n\t\t\t\t<i class=\"fas fa-star\"><\/i>\n\t\t\t\t<i class=\"fas fa-star\"><\/i>\n\t\t\t\t<i class=\"fas fa-star\"><\/i>\n\t\t\t\t<i class=\"fas fa-star\"><\/i>\n\t\t\t<\/div>\n\t\t\t<div class=\"slider__slide\">\n\t\t\t\t<h2><\/h2>\n\t\t\t\t<p>-30 kg at the end of both programs, just following the healthy diet of @ne_forme_me_aulonen and exercising from home \ud83d\ude0d\ud83d\ude0d <br><\/p>\n\t\t\t\t<i class=\"fas fa-star\"><\/i>\n\t\t\t\t<i class=\"fas fa-star\"><\/i>\n\t\t\t\t<i class=\"fas fa-star\"><\/i>\n\t\t\t\t<i class=\"fas fa-star\"><\/i>\n\t\t\t\t<i class=\"fas fa-star\"><\/i>\n\t\t\t<\/div>\n\t\t\t<div class=\"slider__slide\">\n\t\t\t\t<h2><\/h2>\n\t\t\t\t<p>Dear, today I finished 8 weeks of program 1. I do not know how to explain how happy I feel and how much self-confidence I have created since I saw the first results. My weight was 65kg and today it is 58kg but this for me does not matter at all because the main thing is the change I have in the perimeter .... I will continue for another 2 weeks I will do the week 6\/7 and then we will talk again about toning program. I do not think I will leave you with the exercises so much I started to love you and feel a lot of pleasure when I do \u2665 \ufe0f thank you dear for everything! <br>\nBy Google Translate<\/p>\n\t\t\t\t<i class=\"fas fa-star\"><\/i>\n\t\t\t\t<i class=\"fas fa-star\"><\/i>\n\t\t\t\t<i class=\"fas fa-star\"><\/i>\n\t\t\t\t<i class=\"fas fa-star\"><\/i>\n\t\t\t\t<i class=\"fas fa-star\"><\/i>\n\t\t\t<\/div>\n\t\t<\/div>\n\t\t<div class=\"slider__dots\">\n\t\t\t<a class=\"slider__indicator\"><\/a>\n\t\t\t<a class=\"slider__dot\" data-pos=\"0\"><\/a>\n\t\t\t<a class=\"slider__dot\" data-pos=\"1\"><\/a>\n\t\t\t<a class=\"slider__dot\" data-pos=\"2\"><\/a>\n\t\t<\/div>\n\t<\/div>\n<\/div>\n\t\t<\/div>\n\t<\/div>\n\n\t<div class=\"wpb_raw_code wpb_raw_js\" >\n\t\t<div class=\"wpb_wrapper\">\n\t\t\t<script>\n\/*section5*\/\nlet dots = 4;\nlet sliderElem = document.querySelector('.slider');\nlet dotElems = sliderElem.querySelectorAll('.slider__dot');\nlet indicatorElem = sliderElem.querySelector('.slider__indicator');\nArray.prototype.forEach.call(dotElems, dotElem => {\n  dotElem.addEventListener('click', e => {\n    let currentPos = parseInt(sliderElem.getAttribute('data-pos'));\n    let newPos = parseInt(dotElem.getAttribute('data-pos'));\n    let newDirection = newPos > currentPos ? 'right' : 'left';\n    let currentDirection = newPos < currentPos ? 'right' : 'left';\n    indicatorElem.classList.remove(`slider__indicator--${currentDirection}`);\n    indicatorElem.classList.add(`slider__indicator--${newDirection}`);\n    sliderElem.setAttribute('data-pos', newPos);\n  });\n});\n<\/script>\n\t\t<\/div>\n\t<\/div>\n<\/div><\/div><\/div><\/div>\n<\/section>","protected":false},"excerpt":{"rendered":"Rreth Aulon\u00ebs M\u00eb shum\u00eb rreth Aulon\u00ebs Po ju tregoj historin\u00eb time M\u00eb n\u00eb fund, projekti p\u00ebr t\u00eb cilin kam koh\u00eb","protected":false},"author":2403,"featured_media":0,"parent":0,"menu_order":0,"comment_status":"closed","ping_status":"closed","template":"","meta":{"footnotes":""},"class_list":["post-9931","page","type-page","status-publish","hentry"],"yoast_head":"<!-- This site is optimized with the Yoast SEO plugin v22.6 - https:\/\/yoast.com\/wordpress\/plugins\/seo\/ -->\n<title>Rreth Aulones - N\u00eb form\u00eb me Aulonen<\/title>\n<meta name=\"description\" content=\"Ne forme me Aulonen\" \/>\n<meta name=\"robots\" content=\"index, follow, max-snippet:-1, max-image-preview:large, max-video-preview:-1\" \/>\n<link rel=\"canonical\" href=\"https:\/\/v1.neformemeaulonen.com\/en\/rreth-aulones\/\" \/>\n<meta property=\"og:locale\" content=\"en_US\" \/>\n<meta property=\"og:type\" content=\"article\" \/>\n<meta property=\"og:title\" content=\"Rreth Aulones - N\u00eb form\u00eb me Aulonen\" \/>\n<meta property=\"og:description\" content=\"Ne forme me Aulonen\" \/>\n<meta property=\"og:url\" content=\"https:\/\/v1.neformemeaulonen.com\/en\/rreth-aulones\/\" \/>\n<meta property=\"og:site_name\" content=\"N\u00eb form\u00eb me Aulonen\" \/>\n<meta property=\"article:publisher\" content=\"https:\/\/www.facebook.com\/Ne-forme-me-Aulonen-101759141608331\/\" \/>\n<meta property=\"article:modified_time\" content=\"2022-07-31T13:39:13+00:00\" \/>\n<meta property=\"og:image\" content=\"https:\/\/v1.neformemeaulonen.com\/wp-content\/uploads\/2021\/02\/tonifikim_regjim2.png\" \/>\n\t<meta property=\"og:image:width\" content=\"1041\" \/>\n\t<meta property=\"og:image:height\" content=\"780\" \/>\n\t<meta property=\"og:image:type\" content=\"image\/png\" \/>\n<meta name=\"twitter:card\" content=\"summary_large_image\" \/>\n<meta name=\"twitter:label1\" content=\"Est. reading time\" \/>\n\t<meta name=\"twitter:data1\" content=\"10 minutes\" \/>\n<script type=\"application\/ld+json\" class=\"yoast-schema-graph\">{\"@context\":\"https:\/\/schema.org\",\"@graph\":[{\"@type\":\"WebPage\",\"@id\":\"https:\/\/v1.neformemeaulonen.com\/rreth-aulones\/\",\"url\":\"https:\/\/v1.neformemeaulonen.com\/rreth-aulones\/\",\"name\":\"Rreth Aulones - N\u00eb form\u00eb me Aulonen\",\"isPartOf\":{\"@id\":\"https:\/\/v1.neformemeaulonen.com\/#website\"},\"datePublished\":\"2021-01-04T12:08:30+00:00\",\"dateModified\":\"2022-07-31T13:39:13+00:00\",\"description\":\"Ne forme me Aulonen\",\"breadcrumb\":{\"@id\":\"https:\/\/v1.neformemeaulonen.com\/rreth-aulones\/#breadcrumb\"},\"inLanguage\":\"en-US\",\"potentialAction\":[{\"@type\":\"ReadAction\",\"target\":[\"https:\/\/v1.neformemeaulonen.com\/rreth-aulones\/\"]}]},{\"@type\":\"BreadcrumbList\",\"@id\":\"https:\/\/v1.neformemeaulonen.com\/rreth-aulones\/#breadcrumb\",\"itemListElement\":[{\"@type\":\"ListItem\",\"position\":1,\"name\":\"Home\",\"item\":\"https:\/\/v1.neformemeaulonen.com\/\"},{\"@type\":\"ListItem\",\"position\":2,\"name\":\"Rreth Aulones\"}]},{\"@type\":\"WebSite\",\"@id\":\"https:\/\/v1.neformemeaulonen.com\/#website\",\"url\":\"https:\/\/v1.neformemeaulonen.com\/\",\"name\":\"N\u00eb form\u00eb me Aulonen\",\"description\":\"Aulona\",\"publisher\":{\"@id\":\"https:\/\/v1.neformemeaulonen.com\/#organization\"},\"potentialAction\":[{\"@type\":\"SearchAction\",\"target\":{\"@type\":\"EntryPoint\",\"urlTemplate\":\"https:\/\/v1.neformemeaulonen.com\/?s={search_term_string}\"},\"query-input\":\"required name=search_term_string\"}],\"inLanguage\":\"en-US\"},{\"@type\":\"Organization\",\"@id\":\"https:\/\/v1.neformemeaulonen.com\/#organization\",\"name\":\"Ne Forme Me Aulonen\",\"url\":\"https:\/\/v1.neformemeaulonen.com\/\",\"logo\":{\"@type\":\"ImageObject\",\"inLanguage\":\"en-US\",\"@id\":\"https:\/\/v1.neformemeaulonen.com\/#\/schema\/logo\/image\/\",\"url\":\"https:\/\/i0.wp.com\/neformemeaulonen.com\/wp-content\/uploads\/2021\/02\/cropped-logo-2.png?fit=512%2C512&ssl=1\",\"contentUrl\":\"https:\/\/i0.wp.com\/neformemeaulonen.com\/wp-content\/uploads\/2021\/02\/cropped-logo-2.png?fit=512%2C512&ssl=1\",\"width\":512,\"height\":512,\"caption\":\"Ne Forme Me Aulonen\"},\"image\":{\"@id\":\"https:\/\/v1.neformemeaulonen.com\/#\/schema\/logo\/image\/\"},\"sameAs\":[\"https:\/\/www.facebook.com\/Ne-forme-me-Aulonen-101759141608331\/\",\"https:\/\/www.instagram.com\/ne_forme_me_aulonen\/\"]}]}<\/script>\n<!-- \/ Yoast SEO plugin. -->","yoast_head_json":{"title":"Rreth Aulones - N\u00eb form\u00eb me Aulonen","description":"Ne forme me Aulonen","robots":{"index":"index","follow":"follow","max-snippet":"max-snippet:-1","max-image-preview":"max-image-preview:large","max-video-preview":"max-video-preview:-1"},"canonical":"https:\/\/v1.neformemeaulonen.com\/en\/rreth-aulones\/","og_locale":"en_US","og_type":"article","og_title":"Rreth Aulones - N\u00eb form\u00eb me Aulonen","og_description":"Ne forme me Aulonen","og_url":"https:\/\/v1.neformemeaulonen.com\/en\/rreth-aulones\/","og_site_name":"N\u00eb form\u00eb me Aulonen","article_publisher":"https:\/\/www.facebook.com\/Ne-forme-me-Aulonen-101759141608331\/","article_modified_time":"2022-07-31T13:39:13+00:00","og_image":[{"width":1041,"height":780,"url":"https:\/\/v1.neformemeaulonen.com\/wp-content\/uploads\/2021\/02\/tonifikim_regjim2.png","type":"image\/png"}],"twitter_card":"summary_large_image","twitter_misc":{"Est. reading time":"10 minutes"},"schema":{"@context":"https:\/\/schema.org","@graph":[{"@type":"WebPage","@id":"https:\/\/v1.neformemeaulonen.com\/rreth-aulones\/","url":"https:\/\/v1.neformemeaulonen.com\/rreth-aulones\/","name":"Rreth Aulones - N\u00eb form\u00eb me Aulonen","isPartOf":{"@id":"https:\/\/v1.neformemeaulonen.com\/#website"},"datePublished":"2021-01-04T12:08:30+00:00","dateModified":"2022-07-31T13:39:13+00:00","description":"Ne forme me Aulonen","breadcrumb":{"@id":"https:\/\/v1.neformemeaulonen.com\/rreth-aulones\/#breadcrumb"},"inLanguage":"en-US","potentialAction":[{"@type":"ReadAction","target":["https:\/\/v1.neformemeaulonen.com\/rreth-aulones\/"]}]},{"@type":"BreadcrumbList","@id":"https:\/\/v1.neformemeaulonen.com\/rreth-aulones\/#breadcrumb","itemListElement":[{"@type":"ListItem","position":1,"name":"Home","item":"https:\/\/v1.neformemeaulonen.com\/"},{"@type":"ListItem","position":2,"name":"Rreth Aulones"}]},{"@type":"WebSite","@id":"https:\/\/v1.neformemeaulonen.com\/#website","url":"https:\/\/v1.neformemeaulonen.com\/","name":"N\u00eb form\u00eb me Aulonen","description":"Aulona","publisher":{"@id":"https:\/\/v1.neformemeaulonen.com\/#organization"},"potentialAction":[{"@type":"SearchAction","target":{"@type":"EntryPoint","urlTemplate":"https:\/\/v1.neformemeaulonen.com\/?s={search_term_string}"},"query-input":"required name=search_term_string"}],"inLanguage":"en-US"},{"@type":"Organization","@id":"https:\/\/v1.neformemeaulonen.com\/#organization","name":"Ne Forme Me Aulonen","url":"https:\/\/v1.neformemeaulonen.com\/","logo":{"@type":"ImageObject","inLanguage":"en-US","@id":"https:\/\/v1.neformemeaulonen.com\/#\/schema\/logo\/image\/","url":"https:\/\/i0.wp.com\/neformemeaulonen.com\/wp-content\/uploads\/2021\/02\/cropped-logo-2.png?fit=512%2C512&ssl=1","contentUrl":"https:\/\/i0.wp.com\/neformemeaulonen.com\/wp-content\/uploads\/2021\/02\/cropped-logo-2.png?fit=512%2C512&ssl=1","width":512,"height":512,"caption":"Ne Forme Me Aulonen"},"image":{"@id":"https:\/\/v1.neformemeaulonen.com\/#\/schema\/logo\/image\/"},"sameAs":["https:\/\/www.facebook.com\/Ne-forme-me-Aulonen-101759141608331\/","https:\/\/www.instagram.com\/ne_forme_me_aulonen\/"]}]}},"_links":{"self":[{"href":"https:\/\/v1.neformemeaulonen.com\/en\/wp-json\/wp\/v2\/pages\/9931","targetHints":{"allow":["GET"]}}],"collection":[{"href":"https:\/\/v1.neformemeaulonen.com\/en\/wp-json\/wp\/v2\/pages"}],"about":[{"href":"https:\/\/v1.neformemeaulonen.com\/en\/wp-json\/wp\/v2\/types\/page"}],"author":[{"embeddable":true,"href":"https:\/\/v1.neformemeaulonen.com\/en\/wp-json\/wp\/v2\/users\/2403"}],"replies":[{"embeddable":true,"href":"https:\/\/v1.neformemeaulonen.com\/en\/wp-json\/wp\/v2\/comments?post=9931"}],"version-history":[{"count":3,"href":"https:\/\/v1.neformemeaulonen.com\/en\/wp-json\/wp\/v2\/pages\/9931\/revisions"}],"predecessor-version":[{"id":32507,"href":"https:\/\/v1.neformemeaulonen.com\/en\/wp-json\/wp\/v2\/pages\/9931\/revisions\/32507"}],"wp:attachment":[{"href":"https:\/\/v1.neformemeaulonen.com\/en\/wp-json\/wp\/v2\/media?parent=9931"}],"curies":[{"name":"wp","href":"https:\/\/api.w.org\/{rel}","templated":true}]}}