{"id":3,"date":"2020-07-22T23:55:00","date_gmt":"2020-07-22T23:55:00","guid":{"rendered":"https:\/\/emiljano.com\/aulona\/?page_id=3"},"modified":"2021-04-12T15:21:19","modified_gmt":"2021-04-12T13:21:19","slug":"politikat-e-privatesise","status":"publish","type":"page","link":"https:\/\/v1.neformemeaulonen.com\/en\/politikat-e-privatesise\/","title":{"rendered":"Politikat e Privatesis\u00eb"},"content":{"rendered":"<p>&nbsp;<\/p>\n<p><strong>Privacy policy<\/strong><\/p>\n<p class=\" translation-block\">NFMA Ne forme Me Aulonen is committed to respecting and maintaining the privacy of its users. This Privacy Policy, which is a general part of the Terms of Service, covers personal information collected about our users, including users of our online services (as defined in the Terms of Service), and website visitors ( neformemeaulonen.com). Please read this document carefully to better understand how our personal information practices apply. By using the Online Form service or the website, you agree to the data practices described in this document. If you do not agree to the Privacy Policy or any of the Terms of Service, you may not continue to use the Online Services or visit the website.<\/p>\n<p>&nbsp;<\/p>\n<p><strong>CHANGES IN PRIVACY POLICIES<\/strong><\/p>\n<p>We might consistently change this Privacy Policy. If we make updates or changes, all modifications will be posted on the page and take effect immediately. By using ne <strong>NFMA <\/strong>services or the website, once the changes have been posted, you will be able to read and agree to them.<\/p>\n<p>&nbsp;<\/p>\n<p><strong>WHAT PERSONAL DATA DO WE COLLECT?<\/strong><\/p>\n<p>We collect the personal data of all <strong>NFMA<\/strong> users (including visitors to the Website), which may include name, telephone number, residential address, email address and payment information. We may ask you to provide personal information to interact with or register on the Website. We ask you to register in order to use the services of <strong>NFMA<\/strong><\/p>\n<p>&nbsp;<\/p>\n<p>Please note that <strong>NFMA<\/strong> does not store any credit card or PayPal account data. Users must enter this information whenever they place an order online and want to pay by Credit Card or PayPal. For Cash Payments or Bank Transfers it is not necessary to enter any financial information (Credit Card, PayPal, etc.).<\/p>\n<p>&nbsp;<\/p>\n<p><strong>USE OF PERSONAL DATA WE COLLECT<\/strong><\/p>\n<p>We use the personal information we collect to provide you with information, products and services that you seek and that we believe may be of interest to you. We use the personal information we collect to register users, to communicate with you, to provide you with services, offers and other updates. Only the authorized staff of <strong>NFMA<\/strong> can access the personal information of the users only in cases where access is needed to perform services with the client.<\/p>\n<p>Personal data is stored on Cloud Servers equipped with the highest security standards. The communication on the website is also encrypted by an SSL certificate, which protects your data in case you send personal information and make payments by Credit Card or PayPal.<\/p>\n<p>&nbsp;<\/p>\n<p><strong>COOKIES AND JAVASCRIPT<\/strong><\/p>\n<p>Our site uses cookies and JavaScript so it can function properly. If Cookies and JavaScript are not enabled in your web browser, our web site will not completely. Therefore, please ensure that Cookies and JavaScript are always enabled. We will not share any personal information obtained from cookies with third parties for any reason, including marketing, advertising, etc., but we may use this information to personalize your experience on our site. Our site is integrated with third party services like Google Analytics to provide a better experience. These services may use Cookies. We are not responsible for their privacy policies and would ask you to read them on their respective pages for any ambiguity you may have.<\/p>\n<p>&nbsp;<\/p>\n<p><strong>COMMUNICATION VIA EMAIL<\/strong><\/p>\n<p>We can communicate with you about topics that we believe may be of interest to you, through newsletters, announcements and emails regarding discounts or possible offers. We may occasionally send you automatic service-related emails, such as welcome emails when you first sign up for the Web site. If you provide us with personal information when communicating with us (in person, by telephone or email), this information will be shared with a customer care representative, employee or expert who will respond or resolve your issue. This information will be used for the aforementioned purposes only.<\/p>\n<p>&nbsp;<\/p>\n<p><strong>DISTRIBUTION OF PERSONAL DATA<\/strong><\/p>\n<p>&nbsp;<\/p>\n<p><strong>THIRD PARTIES<\/strong><br \/>\nWe can give contractors access to your personal information as part of helping us manage our business and provide products or services for you. Access to your personal data by these contractors is limited to the reasonable and necessary information for the contractor to perform his limited function. We require our contractors to keep the personal information provided to them confidential and to comply with the terms of this Privacy Policy.<\/p>\n<p><strong>LEGAL CLAUSE<\/strong><br \/>\nWe may disclose personal information in accordance with a request from law enforcement or under a legal or regulatory process, or if required by law or at our discretion, to protect our rights, property or interests, including enforcement of this Policy or our Terms of Service. In the event that we are legally obliged to disclose your personal information to a third party, we will make reasonable efforts to notify you, unless this would be in violation of the law or a court order. At our discretion, we may also disclose information collected to a third party when we believe it is reasonable and necessary to investigate or prevent harm, fraud, abuse or unlawful conduct.<\/p>\n<p>&nbsp;<\/p>\n<p><strong>YOUR PRIVACY OPPORTUNITIES<\/strong><\/p>\n<p>&nbsp;<\/p>\n<p><strong>UPDATE YOUR INFORMATION<\/strong><br \/>\nAt your request, we will attempt to update, change or delete the personal information <strong>NFMA<\/strong> has about you. In order to enforce the terms of this Privacy Policy, to resolve disputes or to provide information in accordance with applicable laws and regulations, we may need to protect your information.<\/p>\n<p><strong>NON-RECEIPT OF NOTIFICATIONS<\/strong><br \/>\nUsers who do not wish to receive updates, announcements or offers and promotions may choose not to receive these communications. For this, you can contact us directly or you can unsubscribe from our email list.<\/p>\n<p>&nbsp;<\/p>\n<p><strong>SAFETY<\/strong><\/p>\n<p>We take precautions to safeguard the information collected by our users, through physical, technical and administrative safeguards. <strong>NFMA<\/strong> trains its employees in security and privacy practices. However, the protection of information cannot be fully guaranteed despite the precautions, so you should be careful whenever you provide personal information online, electronically or otherwise.<\/p>\n<p>&nbsp;<\/p>\n<p><strong>HOW TO CONTACT US<\/strong><\/p>\n<p>If you have questions or comments about the Privacy Policy or the website, please <span style=\"color: #0000ff;\"><strong><a style=\"color: #0000ff;\" href=\"https:\/\/v1.neformemeaulonen.com\/en\/kontakt\/\">contact us\u00a0<\/a><\/strong><\/span><\/p>\n<p>&nbsp;<\/p>\n<p>*This service is Non-Refundable<\/p>\n<p>&nbsp;<\/p>\n<p>&nbsp;<\/p>","protected":false},"excerpt":{"rendered":"<p>&nbsp; Politikat e Privat\u00ebsis\u00eb Ne Forme Me Aulonen \u00ebsht\u00eb e p\u00ebrkushtuar t\u00eb rrespektoj\u00eb dhe ruaj\u00eb privat\u00ebsin\u00eb e p\u00ebrdoruesve t\u00eb saj.<\/p>","protected":false},"author":1,"featured_media":0,"parent":0,"menu_order":0,"comment_status":"closed","ping_status":"closed","template":"","meta":{"footnotes":""},"class_list":["post-3","page","type-page","status-publish","hentry"],"yoast_head":"<!-- This site is optimized with the Yoast SEO plugin v22.6 - https:\/\/yoast.com\/wordpress\/plugins\/seo\/ -->\n<title>Politikat e Privatesis\u00eb - N\u00eb form\u00eb me Aulonen<\/title>\n<meta name=\"description\" content=\"Ne forme me Aulonen\" \/>\n<meta name=\"robots\" content=\"index, follow, max-snippet:-1, max-image-preview:large, max-video-preview:-1\" \/>\n<link rel=\"canonical\" href=\"https:\/\/v1.neformemeaulonen.com\/en\/politikat-e-privatesise\/\" \/>\n<meta property=\"og:locale\" content=\"en_US\" \/>\n<meta property=\"og:type\" content=\"article\" \/>\n<meta property=\"og:title\" content=\"Politikat e Privatesis\u00eb - N\u00eb form\u00eb me Aulonen\" \/>\n<meta property=\"og:description\" content=\"Ne forme me Aulonen\" \/>\n<meta property=\"og:url\" content=\"https:\/\/v1.neformemeaulonen.com\/en\/politikat-e-privatesise\/\" \/>\n<meta property=\"og:site_name\" content=\"N\u00eb form\u00eb me Aulonen\" \/>\n<meta property=\"article:publisher\" content=\"https:\/\/www.facebook.com\/Ne-forme-me-Aulonen-101759141608331\/\" \/>\n<meta property=\"article:modified_time\" content=\"2021-04-12T13:21:19+00:00\" \/>\n<meta property=\"og:image\" content=\"https:\/\/v1.neformemeaulonen.com\/wp-content\/uploads\/2021\/02\/tonifikim_regjim2.png\" \/>\n\t<meta property=\"og:image:width\" content=\"1041\" \/>\n\t<meta property=\"og:image:height\" content=\"780\" \/>\n\t<meta property=\"og:image:type\" content=\"image\/png\" \/>\n<meta name=\"twitter:card\" content=\"summary_large_image\" \/>\n<meta name=\"twitter:label1\" content=\"Est. reading time\" \/>\n\t<meta name=\"twitter:data1\" content=\"5 minutes\" \/>\n<script type=\"application\/ld+json\" class=\"yoast-schema-graph\">{\"@context\":\"https:\/\/schema.org\",\"@graph\":[{\"@type\":\"WebPage\",\"@id\":\"https:\/\/v1.neformemeaulonen.com\/en\/politikat-e-privatesise\/\",\"url\":\"https:\/\/v1.neformemeaulonen.com\/en\/politikat-e-privatesise\/\",\"name\":\"Politikat e Privatesis\u00eb - N\u00eb form\u00eb me Aulonen\",\"isPartOf\":{\"@id\":\"https:\/\/v1.neformemeaulonen.com\/#website\"},\"datePublished\":\"2020-07-22T23:55:00+00:00\",\"dateModified\":\"2021-04-12T13:21:19+00:00\",\"description\":\"Ne forme me Aulonen\",\"breadcrumb\":{\"@id\":\"https:\/\/v1.neformemeaulonen.com\/en\/politikat-e-privatesise\/#breadcrumb\"},\"inLanguage\":\"en-US\",\"potentialAction\":[{\"@type\":\"ReadAction\",\"target\":[\"https:\/\/v1.neformemeaulonen.com\/en\/politikat-e-privatesise\/\"]}]},{\"@type\":\"BreadcrumbList\",\"@id\":\"https:\/\/v1.neformemeaulonen.com\/en\/politikat-e-privatesise\/#breadcrumb\",\"itemListElement\":[{\"@type\":\"ListItem\",\"position\":1,\"name\":\"Home\",\"item\":\"https:\/\/v1.neformemeaulonen.com\/\"},{\"@type\":\"ListItem\",\"position\":2,\"name\":\"Politikat e Privatesis\u00eb\"}]},{\"@type\":\"WebSite\",\"@id\":\"https:\/\/v1.neformemeaulonen.com\/#website\",\"url\":\"https:\/\/v1.neformemeaulonen.com\/\",\"name\":\"N\u00eb form\u00eb me Aulonen\",\"description\":\"Aulona\",\"publisher\":{\"@id\":\"https:\/\/v1.neformemeaulonen.com\/#organization\"},\"potentialAction\":[{\"@type\":\"SearchAction\",\"target\":{\"@type\":\"EntryPoint\",\"urlTemplate\":\"https:\/\/v1.neformemeaulonen.com\/?s={search_term_string}\"},\"query-input\":\"required name=search_term_string\"}],\"inLanguage\":\"en-US\"},{\"@type\":\"Organization\",\"@id\":\"https:\/\/v1.neformemeaulonen.com\/#organization\",\"name\":\"Ne Forme Me Aulonen\",\"url\":\"https:\/\/v1.neformemeaulonen.com\/\",\"logo\":{\"@type\":\"ImageObject\",\"inLanguage\":\"en-US\",\"@id\":\"https:\/\/v1.neformemeaulonen.com\/#\/schema\/logo\/image\/\",\"url\":\"https:\/\/i0.wp.com\/neformemeaulonen.com\/wp-content\/uploads\/2021\/02\/cropped-logo-2.png?fit=512%2C512&ssl=1\",\"contentUrl\":\"https:\/\/i0.wp.com\/neformemeaulonen.com\/wp-content\/uploads\/2021\/02\/cropped-logo-2.png?fit=512%2C512&ssl=1\",\"width\":512,\"height\":512,\"caption\":\"Ne Forme Me Aulonen\"},\"image\":{\"@id\":\"https:\/\/v1.neformemeaulonen.com\/#\/schema\/logo\/image\/\"},\"sameAs\":[\"https:\/\/www.facebook.com\/Ne-forme-me-Aulonen-101759141608331\/\",\"https:\/\/www.instagram.com\/ne_forme_me_aulonen\/\"]}]}<\/script>\n<!-- \/ Yoast SEO plugin. -->","yoast_head_json":{"title":"Politikat e Privatesis\u00eb - N\u00eb form\u00eb me Aulonen","description":"Ne forme me Aulonen","robots":{"index":"index","follow":"follow","max-snippet":"max-snippet:-1","max-image-preview":"max-image-preview:large","max-video-preview":"max-video-preview:-1"},"canonical":"https:\/\/v1.neformemeaulonen.com\/en\/politikat-e-privatesise\/","og_locale":"en_US","og_type":"article","og_title":"Politikat e Privatesis\u00eb - N\u00eb form\u00eb me Aulonen","og_description":"Ne forme me Aulonen","og_url":"https:\/\/v1.neformemeaulonen.com\/en\/politikat-e-privatesise\/","og_site_name":"N\u00eb form\u00eb me Aulonen","article_publisher":"https:\/\/www.facebook.com\/Ne-forme-me-Aulonen-101759141608331\/","article_modified_time":"2021-04-12T13:21:19+00:00","og_image":[{"width":1041,"height":780,"url":"https:\/\/v1.neformemeaulonen.com\/wp-content\/uploads\/2021\/02\/tonifikim_regjim2.png","type":"image\/png"}],"twitter_card":"summary_large_image","twitter_misc":{"Est. reading time":"5 minutes"},"schema":{"@context":"https:\/\/schema.org","@graph":[{"@type":"WebPage","@id":"https:\/\/v1.neformemeaulonen.com\/en\/politikat-e-privatesise\/","url":"https:\/\/v1.neformemeaulonen.com\/en\/politikat-e-privatesise\/","name":"Politikat e Privatesis\u00eb - N\u00eb form\u00eb me Aulonen","isPartOf":{"@id":"https:\/\/v1.neformemeaulonen.com\/#website"},"datePublished":"2020-07-22T23:55:00+00:00","dateModified":"2021-04-12T13:21:19+00:00","description":"Ne forme me Aulonen","breadcrumb":{"@id":"https:\/\/v1.neformemeaulonen.com\/en\/politikat-e-privatesise\/#breadcrumb"},"inLanguage":"en-US","potentialAction":[{"@type":"ReadAction","target":["https:\/\/v1.neformemeaulonen.com\/en\/politikat-e-privatesise\/"]}]},{"@type":"BreadcrumbList","@id":"https:\/\/v1.neformemeaulonen.com\/en\/politikat-e-privatesise\/#breadcrumb","itemListElement":[{"@type":"ListItem","position":1,"name":"Home","item":"https:\/\/v1.neformemeaulonen.com\/"},{"@type":"ListItem","position":2,"name":"Politikat e Privatesis\u00eb"}]},{"@type":"WebSite","@id":"https:\/\/v1.neformemeaulonen.com\/#website","url":"https:\/\/v1.neformemeaulonen.com\/","name":"N\u00eb form\u00eb me Aulonen","description":"Aulona","publisher":{"@id":"https:\/\/v1.neformemeaulonen.com\/#organization"},"potentialAction":[{"@type":"SearchAction","target":{"@type":"EntryPoint","urlTemplate":"https:\/\/v1.neformemeaulonen.com\/?s={search_term_string}"},"query-input":"required name=search_term_string"}],"inLanguage":"en-US"},{"@type":"Organization","@id":"https:\/\/v1.neformemeaulonen.com\/#organization","name":"Ne Forme Me Aulonen","url":"https:\/\/v1.neformemeaulonen.com\/","logo":{"@type":"ImageObject","inLanguage":"en-US","@id":"https:\/\/v1.neformemeaulonen.com\/#\/schema\/logo\/image\/","url":"https:\/\/i0.wp.com\/neformemeaulonen.com\/wp-content\/uploads\/2021\/02\/cropped-logo-2.png?fit=512%2C512&ssl=1","contentUrl":"https:\/\/i0.wp.com\/neformemeaulonen.com\/wp-content\/uploads\/2021\/02\/cropped-logo-2.png?fit=512%2C512&ssl=1","width":512,"height":512,"caption":"Ne Forme Me Aulonen"},"image":{"@id":"https:\/\/v1.neformemeaulonen.com\/#\/schema\/logo\/image\/"},"sameAs":["https:\/\/www.facebook.com\/Ne-forme-me-Aulonen-101759141608331\/","https:\/\/www.instagram.com\/ne_forme_me_aulonen\/"]}]}},"_links":{"self":[{"href":"https:\/\/v1.neformemeaulonen.com\/en\/wp-json\/wp\/v2\/pages\/3","targetHints":{"allow":["GET"]}}],"collection":[{"href":"https:\/\/v1.neformemeaulonen.com\/en\/wp-json\/wp\/v2\/pages"}],"about":[{"href":"https:\/\/v1.neformemeaulonen.com\/en\/wp-json\/wp\/v2\/types\/page"}],"author":[{"embeddable":true,"href":"https:\/\/v1.neformemeaulonen.com\/en\/wp-json\/wp\/v2\/users\/1"}],"replies":[{"embeddable":true,"href":"https:\/\/v1.neformemeaulonen.com\/en\/wp-json\/wp\/v2\/comments?post=3"}],"version-history":[{"count":0,"href":"https:\/\/v1.neformemeaulonen.com\/en\/wp-json\/wp\/v2\/pages\/3\/revisions"}],"wp:attachment":[{"href":"https:\/\/v1.neformemeaulonen.com\/en\/wp-json\/wp\/v2\/media?parent=3"}],"curies":[{"name":"wp","href":"https:\/\/api.w.org\/{rel}","templated":true}]}}