{"id":17090,"date":"2021-06-04T20:25:31","date_gmt":"2021-06-04T18:25:31","guid":{"rendered":"https:\/\/neformemeaulonen.com\/?page_id=17090"},"modified":"2022-08-18T16:01:51","modified_gmt":"2022-08-18T15:01:51","slug":"kontakt","status":"publish","type":"page","link":"https:\/\/v1.neformemeaulonen.com\/en\/kontakt\/","title":{"rendered":"Contact"},"content":{"rendered":"<section class=\"wpb-content-wrapper\"><section data-vc-full-width=\"true\" data-vc-full-width-init=\"false\" class=\"vc_section vc_custom_1563972293196 woodmart-disable-overflow\"><div class=\"vc_row wpb_row vc_row-fluid\"><div class=\"wpb_column vc_column_container vc_col-sm-12\"><div class=\"vc_column-inner\"><div class=\"wpb_wrapper\">\n\t<div class=\"wpb_raw_code wpb_content_element wpb_raw_html\" >\n\t\t<div class=\"wpb_wrapper\">\n\t\t\t <link href=\"https:\/\/cdn.jsdelivr.net\/npm\/bootstrap@5.0.0-beta1\/dist\/css\/bootstrap.min.css\" rel=\"stylesheet\" integrity=\"sha384-giJF6kkoqNQ00vy+HMDP7azOuL0xtbfIcaT9wjKHr8RbDVddVHyTfAAsrekwKmP1\" crossorigin=\"anonymous\">\n    <script src=\"https:\/\/cdn.jsdelivr.net\/npm\/bootstrap@5.0.0-beta1\/dist\/js\/bootstrap.bundle.min.js\" integrity=\"sha384-ygbV9kiqUc6oa4msXn9868pTtWMgiQaeYH7\/t7LECLbyPA2x65Kgf80OJFdroafW\" crossorigin=\"anonymous\"><\/script>\n<link rel=\"preconnect\" href=\"https:\/\/fonts.gstatic.com\">\n<link href=\"https:\/\/fonts.googleapis.com\/css2?family=Indie+Flower&family=Inter:wght@400;500;600;900&display=swap\" rel=\"stylesheet\">\n<div class=\"container\">\n            <div class=\"row\">\n                <div class=\"col-md-6\">\n                    <div class=\"row\">\n                        <div class=\"col-md-12\">\n                            <div class=\"form-header\">\n                                <h4>Contact<\/h4>\n                                <h1>Write to us<\/h1>\n                                <p>You can contact us for any questions, suggestions or cooperation opportunities.\n                                <\/p>\n                            <\/div>\n                        <\/div>\n                    <\/div>\n                    <div class=\"row\">\n                        <div class=\"col-md-12\">\n                            <div class=\"form-div\">\n\n[contact-form to=\"info@neformemeaulonen.com\" subject=\"Kontakt Form - NFMA\"][contact-field label=\"Emri\" type=\"name\" required=\"1\"][contact-field label=\"Email\" type=\"email\" required=\"1\"][contact-field label=\"Mesazhi\" type=\"textarea\"][\/contact-form]\n\n\n\n                            <\/div>\n                        <\/div>\n                    <\/div>\n                <\/div>\n                <div class=\"col-md-6 citat-div\">\n                    <div class=\"citat\">\n                        <p class=\"par\" style=\"position: absolute;\">\u201c<\/p>\n                        <p style=\"margin-top: 17%;\" class=\"text\">\n                        The best part of my job is connecting and working with good, fun people. If you would like to chat or collaborate, you can find me on several different platforms or contact me here.\n                        <\/p>\n                        <p class=\"par\" style=\"float: right; margin-top: -10%;\">\u201d<\/p>\n                    <\/div>\n                <\/div>\n            <\/div>\n        <\/div>\n\t\t<\/div>\n\t<\/div>\n<\/div><\/div><\/div><\/div><\/section><div class=\"vc_row-full-width vc_clearfix\"><\/div>\n<\/section>","protected":false},"excerpt":{"rendered":"Kontakt Na shkruani Mund t\u00eb na kontaktoni p\u00ebr \u00e7do pyetje, sugjerim apo mund\u00ebsi bashk\u00ebpunimi. [contact-form to=\"info@neformemeaulonen.com\" subject=\"Kontakt Form - NFMA\"][contact-field","protected":false},"author":2403,"featured_media":0,"parent":0,"menu_order":0,"comment_status":"closed","ping_status":"closed","template":"","meta":{"footnotes":""},"class_list":["post-17090","page","type-page","status-publish","hentry"],"yoast_head":"<!-- This site is optimized with the Yoast SEO plugin v22.6 - https:\/\/yoast.com\/wordpress\/plugins\/seo\/ -->\n<title>Kontakt - N\u00eb form\u00eb me Aulonen<\/title>\n<meta name=\"description\" content=\"Ne forme me Aulonen\" \/>\n<meta name=\"robots\" content=\"index, follow, max-snippet:-1, max-image-preview:large, max-video-preview:-1\" \/>\n<link rel=\"canonical\" href=\"https:\/\/v1.neformemeaulonen.com\/en\/kontakt\/\" \/>\n<meta property=\"og:locale\" content=\"en_US\" \/>\n<meta property=\"og:type\" content=\"article\" \/>\n<meta property=\"og:title\" content=\"Kontakt - N\u00eb form\u00eb me Aulonen\" \/>\n<meta property=\"og:description\" content=\"Ne forme me Aulonen\" \/>\n<meta property=\"og:url\" content=\"https:\/\/v1.neformemeaulonen.com\/en\/kontakt\/\" \/>\n<meta property=\"og:site_name\" content=\"N\u00eb form\u00eb me Aulonen\" \/>\n<meta property=\"article:publisher\" content=\"https:\/\/www.facebook.com\/Ne-forme-me-Aulonen-101759141608331\/\" \/>\n<meta property=\"article:modified_time\" content=\"2022-08-18T15:01:51+00:00\" \/>\n<meta property=\"og:image\" content=\"https:\/\/v1.neformemeaulonen.com\/wp-content\/uploads\/2021\/02\/tonifikim_regjim2.png\" \/>\n\t<meta property=\"og:image:width\" content=\"1041\" \/>\n\t<meta property=\"og:image:height\" content=\"780\" \/>\n\t<meta property=\"og:image:type\" content=\"image\/png\" \/>\n<meta name=\"twitter:card\" content=\"summary_large_image\" \/>\n<meta name=\"twitter:label1\" content=\"Est. reading time\" \/>\n\t<meta name=\"twitter:data1\" content=\"1 minute\" \/>\n<script type=\"application\/ld+json\" class=\"yoast-schema-graph\">{\"@context\":\"https:\/\/schema.org\",\"@graph\":[{\"@type\":\"WebPage\",\"@id\":\"https:\/\/v1.neformemeaulonen.com\/kontakt\/\",\"url\":\"https:\/\/v1.neformemeaulonen.com\/kontakt\/\",\"name\":\"Kontakt - N\u00eb form\u00eb me Aulonen\",\"isPartOf\":{\"@id\":\"https:\/\/v1.neformemeaulonen.com\/#website\"},\"datePublished\":\"2021-06-04T18:25:31+00:00\",\"dateModified\":\"2022-08-18T15:01:51+00:00\",\"description\":\"Ne forme me Aulonen\",\"breadcrumb\":{\"@id\":\"https:\/\/v1.neformemeaulonen.com\/kontakt\/#breadcrumb\"},\"inLanguage\":\"en-US\",\"potentialAction\":[{\"@type\":\"ReadAction\",\"target\":[\"https:\/\/v1.neformemeaulonen.com\/kontakt\/\"]}]},{\"@type\":\"BreadcrumbList\",\"@id\":\"https:\/\/v1.neformemeaulonen.com\/kontakt\/#breadcrumb\",\"itemListElement\":[{\"@type\":\"ListItem\",\"position\":1,\"name\":\"Home\",\"item\":\"https:\/\/v1.neformemeaulonen.com\/\"},{\"@type\":\"ListItem\",\"position\":2,\"name\":\"Kontakt\"}]},{\"@type\":\"WebSite\",\"@id\":\"https:\/\/v1.neformemeaulonen.com\/#website\",\"url\":\"https:\/\/v1.neformemeaulonen.com\/\",\"name\":\"N\u00eb form\u00eb me Aulonen\",\"description\":\"Aulona\",\"publisher\":{\"@id\":\"https:\/\/v1.neformemeaulonen.com\/#organization\"},\"potentialAction\":[{\"@type\":\"SearchAction\",\"target\":{\"@type\":\"EntryPoint\",\"urlTemplate\":\"https:\/\/v1.neformemeaulonen.com\/?s={search_term_string}\"},\"query-input\":\"required name=search_term_string\"}],\"inLanguage\":\"en-US\"},{\"@type\":\"Organization\",\"@id\":\"https:\/\/v1.neformemeaulonen.com\/#organization\",\"name\":\"Ne Forme Me Aulonen\",\"url\":\"https:\/\/v1.neformemeaulonen.com\/\",\"logo\":{\"@type\":\"ImageObject\",\"inLanguage\":\"en-US\",\"@id\":\"https:\/\/v1.neformemeaulonen.com\/#\/schema\/logo\/image\/\",\"url\":\"https:\/\/i0.wp.com\/neformemeaulonen.com\/wp-content\/uploads\/2021\/02\/cropped-logo-2.png?fit=512%2C512&ssl=1\",\"contentUrl\":\"https:\/\/i0.wp.com\/neformemeaulonen.com\/wp-content\/uploads\/2021\/02\/cropped-logo-2.png?fit=512%2C512&ssl=1\",\"width\":512,\"height\":512,\"caption\":\"Ne Forme Me Aulonen\"},\"image\":{\"@id\":\"https:\/\/v1.neformemeaulonen.com\/#\/schema\/logo\/image\/\"},\"sameAs\":[\"https:\/\/www.facebook.com\/Ne-forme-me-Aulonen-101759141608331\/\",\"https:\/\/www.instagram.com\/ne_forme_me_aulonen\/\"]}]}<\/script>\n<!-- \/ Yoast SEO plugin. -->","yoast_head_json":{"title":"Kontakt - N\u00eb form\u00eb me Aulonen","description":"Ne forme me Aulonen","robots":{"index":"index","follow":"follow","max-snippet":"max-snippet:-1","max-image-preview":"max-image-preview:large","max-video-preview":"max-video-preview:-1"},"canonical":"https:\/\/v1.neformemeaulonen.com\/en\/kontakt\/","og_locale":"en_US","og_type":"article","og_title":"Kontakt - N\u00eb form\u00eb me Aulonen","og_description":"Ne forme me Aulonen","og_url":"https:\/\/v1.neformemeaulonen.com\/en\/kontakt\/","og_site_name":"N\u00eb form\u00eb me Aulonen","article_publisher":"https:\/\/www.facebook.com\/Ne-forme-me-Aulonen-101759141608331\/","article_modified_time":"2022-08-18T15:01:51+00:00","og_image":[{"width":1041,"height":780,"url":"https:\/\/v1.neformemeaulonen.com\/wp-content\/uploads\/2021\/02\/tonifikim_regjim2.png","type":"image\/png"}],"twitter_card":"summary_large_image","twitter_misc":{"Est. reading time":"1 minute"},"schema":{"@context":"https:\/\/schema.org","@graph":[{"@type":"WebPage","@id":"https:\/\/v1.neformemeaulonen.com\/kontakt\/","url":"https:\/\/v1.neformemeaulonen.com\/kontakt\/","name":"Kontakt - N\u00eb form\u00eb me Aulonen","isPartOf":{"@id":"https:\/\/v1.neformemeaulonen.com\/#website"},"datePublished":"2021-06-04T18:25:31+00:00","dateModified":"2022-08-18T15:01:51+00:00","description":"Ne forme me Aulonen","breadcrumb":{"@id":"https:\/\/v1.neformemeaulonen.com\/kontakt\/#breadcrumb"},"inLanguage":"en-US","potentialAction":[{"@type":"ReadAction","target":["https:\/\/v1.neformemeaulonen.com\/kontakt\/"]}]},{"@type":"BreadcrumbList","@id":"https:\/\/v1.neformemeaulonen.com\/kontakt\/#breadcrumb","itemListElement":[{"@type":"ListItem","position":1,"name":"Home","item":"https:\/\/v1.neformemeaulonen.com\/"},{"@type":"ListItem","position":2,"name":"Kontakt"}]},{"@type":"WebSite","@id":"https:\/\/v1.neformemeaulonen.com\/#website","url":"https:\/\/v1.neformemeaulonen.com\/","name":"N\u00eb form\u00eb me Aulonen","description":"Aulona","publisher":{"@id":"https:\/\/v1.neformemeaulonen.com\/#organization"},"potentialAction":[{"@type":"SearchAction","target":{"@type":"EntryPoint","urlTemplate":"https:\/\/v1.neformemeaulonen.com\/?s={search_term_string}"},"query-input":"required name=search_term_string"}],"inLanguage":"en-US"},{"@type":"Organization","@id":"https:\/\/v1.neformemeaulonen.com\/#organization","name":"Ne Forme Me Aulonen","url":"https:\/\/v1.neformemeaulonen.com\/","logo":{"@type":"ImageObject","inLanguage":"en-US","@id":"https:\/\/v1.neformemeaulonen.com\/#\/schema\/logo\/image\/","url":"https:\/\/i0.wp.com\/neformemeaulonen.com\/wp-content\/uploads\/2021\/02\/cropped-logo-2.png?fit=512%2C512&ssl=1","contentUrl":"https:\/\/i0.wp.com\/neformemeaulonen.com\/wp-content\/uploads\/2021\/02\/cropped-logo-2.png?fit=512%2C512&ssl=1","width":512,"height":512,"caption":"Ne Forme Me Aulonen"},"image":{"@id":"https:\/\/v1.neformemeaulonen.com\/#\/schema\/logo\/image\/"},"sameAs":["https:\/\/www.facebook.com\/Ne-forme-me-Aulonen-101759141608331\/","https:\/\/www.instagram.com\/ne_forme_me_aulonen\/"]}]}},"_links":{"self":[{"href":"https:\/\/v1.neformemeaulonen.com\/en\/wp-json\/wp\/v2\/pages\/17090","targetHints":{"allow":["GET"]}}],"collection":[{"href":"https:\/\/v1.neformemeaulonen.com\/en\/wp-json\/wp\/v2\/pages"}],"about":[{"href":"https:\/\/v1.neformemeaulonen.com\/en\/wp-json\/wp\/v2\/types\/page"}],"author":[{"embeddable":true,"href":"https:\/\/v1.neformemeaulonen.com\/en\/wp-json\/wp\/v2\/users\/2403"}],"replies":[{"embeddable":true,"href":"https:\/\/v1.neformemeaulonen.com\/en\/wp-json\/wp\/v2\/comments?post=17090"}],"version-history":[{"count":3,"href":"https:\/\/v1.neformemeaulonen.com\/en\/wp-json\/wp\/v2\/pages\/17090\/revisions"}],"predecessor-version":[{"id":33268,"href":"https:\/\/v1.neformemeaulonen.com\/en\/wp-json\/wp\/v2\/pages\/17090\/revisions\/33268"}],"wp:attachment":[{"href":"https:\/\/v1.neformemeaulonen.com\/en\/wp-json\/wp\/v2\/media?parent=17090"}],"curies":[{"name":"wp","href":"https:\/\/api.w.org\/{rel}","templated":true}]}}