{"id":14098,"date":"2021-04-06T19:37:13","date_gmt":"2021-04-06T17:37:13","guid":{"rendered":"https:\/\/neformemeaulonen.com\/?page_id=14098"},"modified":"2022-09-15T12:51:20","modified_gmt":"2022-09-15T11:51:20","slug":"mobile","status":"publish","type":"page","link":"https:\/\/v1.neformemeaulonen.com\/en\/mobile\/","title":{"rendered":"Mobile"},"content":{"rendered":"<section class=\"wpb-content-wrapper\"><div class=\"vc_row wpb_row vc_row-fluid\"><div class=\"wpb_column vc_column_container vc_col-sm-12\"><div class=\"vc_column-inner\"><div class=\"wpb_wrapper\">\n\t<div class=\"wpb_raw_code wpb_raw_js\" >\n\t\t<div class=\"wpb_wrapper\">\n\t\t\t<script>\nvar userAgent = window.navigator.userAgent;\nvar screenWidth = screen.width;\nvar w = window.innerWidth;\nconsole.log(w);\n    if (userAgent.match(\/windows\/i) && screenWidth>=500) {\n        \/\/ iPad or iPhone\n        location.replace(\"\/nfma\/\");\n    }\n   \n<\/script>\n\t\t<\/div>\n\t<\/div>\n\n\t<div class=\"wpb_raw_code wpb_content_element wpb_raw_html\" >\n\t\t<div class=\"wpb_wrapper\">\n\t\t\t<link href=\"https:\/\/cdn.jsdelivr.net\/npm\/bootstrap@5.0.0-beta1\/dist\/css\/bootstrap.min.css\" rel=\"stylesheet\" integrity=\"sha384-giJF6kkoqNQ00vy+HMDP7azOuL0xtbfIcaT9wjKHr8RbDVddVHyTfAAsrekwKmP1\" crossorigin=\"anonymous\">\n<link rel=\"stylesheet\" href=\"https:\/\/cdnjs.cloudflare.com\/ajax\/libs\/font-awesome\/5.15.1\/css\/all.min.css\" integrity=\"sha512-+4zCK9k+qNFUR5X+cKL9EIR+ZOhtIloNl9GIKS57V1MyNsYpYcUrUeQc9vNfzsWfV28IaLL3i96P9sdNyeRssA==\" crossorigin=\"anonymous\" \/>\n<!--sector1-->\n    <div id=\"vi-video-1-container\" class=\"video-wrapper\">\n      <div class='embed-container'> \n        <!-- Vimeo iframe -->\n        <iframe id=\"vi-banner-video\" src='https:\/\/player.vimeo.com\/video\/507456696?loop=1&title=0&byline=0&portrait=0&background=1' webkitallowfullscreen mozallowfullscreen allowfullscreen><\/iframe>\n      <\/div>\n    <\/div>\n<div class=\"container-fluid content\" style=\"position: relative;\">\n  <div class=\"row row1\">\n    <div class=\"col-md-12 cols\">\n      <p class=\"subtitle\">NFMA<\/p>\n      <h2 class=\"title\">Get ready for the big challenge !!!<\/h2>\n      <p class=\"subtitle2\">Let's train together.<\/p>\n      <p class=\"p\">These programs are made for you who do not have the time or opportunity to go to the gym, but want to change and improve your appearance by training. This is the right place to be. You don\u2019t necessarily have to go to the outdoor training, we make sure to bring it to you.<\/p>\n      <button class=\"btn1\" onclick=\"window.location.href='\/programet\/';\">Explore Programs<\/button>\n      <button class=\"btn2\" onclick=\"window.location.href='\/rreth-aulones\/';\">About Aulona<\/button>\n      <div class=\"social\">\n      <i class=\"fab fa-facebook-square\"><\/i>\n      <i class=\"fab fa-instagram-square\"><\/i>\n      <i class=\"fab fa-youtube-square\"><\/i>\n      <\/div>\n    <\/div>\n  <\/div>\n<\/div>\n\t\t<\/div>\n\t<\/div>\n\n\t<div class=\"wpb_raw_code wpb_raw_js\" >\n\t\t<div class=\"wpb_wrapper\">\n\t\t\t<script src=\"https:\/\/code.jquery.com\/jquery-3.5.1.min.js\" integrity=\"sha256-9\/aliU8dGd2tb6OSsuzixeV4y\/faTqgFtohetphbbj0=\" crossorigin=\"anonymous\"><\/script>\n<script src=\"https:\/\/cdn.jsdelivr.net\/npm\/bootstrap@5.0.0-beta1\/dist\/js\/bootstrap.bundle.min.js\" integrity=\"sha384-ygbV9kiqUc6oa4msXn9868pTtWMgiQaeYH7\/t7LECLbyPA2x65Kgf80OJFdroafW\" crossorigin=\"anonymous\"><\/script>\n\t\t<\/div>\n\t<\/div>\n<\/div><\/div><\/div><\/div><div class=\"vc_row wpb_row vc_row-fluid\"><div class=\"wpb_column vc_column_container vc_col-sm-6\"><div class=\"vc_column-inner\"><div class=\"wpb_wrapper\">\n\t<div  class=\"wpb_single_image wpb_content_element vc_align_left\">\n\t\t\n\t\t<figure class=\"wpb_wrapper vc_figure\">\n\t\t\t<a href=\"https:\/\/v1.neformemeaulonen.com\/en\/bli\/30-receta-per-30-dite\/\" target=\"_self\" class=\"vc_single_image-wrapper   vc_box_border_grey\"><img fetchpriority=\"high\" decoding=\"async\" width=\"501\" height=\"700\" src=\"data:image\/png;base64,iVBORw0KGgoAAAANSUhEUgAAAAoAAAAOCAYAAAAWo42rAAAACXBIWXMAAA7EAAAOxAGVKw4bAAAB60lEQVQokQXBXUtTYQDA8f95znO2Hc+m29zm20IlsbQkFl3UVSbURTfRRddRn8Sr6Dt0EwSBRCBB0CAKetEQE0KZaM18gblVvpy9HHeenT2n3894+2YhTNUPeP3xOw+jNsbQALW7NzFshS3T7Jc\/sLL9HJlPRqjWHZz+QRardS4TZ6NUZO76A8ayFyiM3WAkX8AkLeaLy0WSmSiFW3P0DSYYnZih3vyDZZr0ORn6Enlkavon5671MHvxPpXDLZzcNMXPTwmNLl84IZqK8OjOK6RtGSi\/jcAi4eQ48xsM5y7htV2ENUrlbI13q0+QWlgMpybZ\/r1M1HLoKIXuCuJ2Dk+d0B+f5J9bRmoEvw6XyEWm0T5Ypk3Q9ZEyQkv\/pamq2HYa4+vmjzDXG0UgIBQEXfi08ZKj2hq27KWtXUzHwTh066ET6SEEhAEArteh0XKxLcGZCnCrZUTLb9HwfY69I9b3N\/GUxg80mWQabUTp7BWZ2HmMCHSAEAadrX0yLxZpqy4xaWKqY2K7CzTKq3xzbyNd95SjU0W2dkB5psB5FdBplijtLqJ0g4FOgH\/cQtYqyySTV6iPZBnP5omHNXaXnvG+sYmWTWb1PaZmxjGHrm7MV0srTDkTxGMtqp6JV1lHyz1S4yF6R9CbTPEfrKnV1f7rv+0AAAAASUVORK5CYII=\" class=\"vc_single_image-img attachment-large woodmart-lazy-load woodmart-lazy-fade\" alt=\"\" title=\"foto_cover_book\" srcset=\"\" sizes=\"(max-width: 501px) 100vw, 501px\" data-wood-src=\"https:\/\/v1.neformemeaulonen.com\/wp-content\/uploads\/2022\/09\/foto_cover_book.png\" data-srcset=\"https:\/\/v1.neformemeaulonen.com\/wp-content\/uploads\/2022\/09\/foto_cover_book.png 501w, https:\/\/v1.neformemeaulonen.com\/wp-content\/uploads\/2022\/09\/foto_cover_book-215x300.png 215w, https:\/\/v1.neformemeaulonen.com\/wp-content\/uploads\/2022\/09\/foto_cover_book-9x12.png 9w\" \/><\/a>\n\t\t<\/figure>\n\t<\/div>\n<\/div><\/div><\/div><div class=\"wpb_column vc_column_container vc_col-sm-6\"><div class=\"vc_column-inner\"><div class=\"wpb_wrapper\">\n\t\t<div id=\"wd-632311b010e22\" class=\"title-wrapper  woodmart-title-color-default woodmart-title-style-default woodmart-title-width-100 text-center woodmart-title-size-default\">\n\t\t\t\n\t\t\t<div class=\"liner-continer\">\n\t\t\t\t<span class=\"left-line\"><\/span>\n\t\t\t\t<h4 class=\"woodmart-title-container title  woodmart-font-weight-\" >30 Receta P\u00ebr 30 Dit\u00eb<\/h4>\t\t\t\t\t\t\t\t<span class=\"right-line\"><\/span>\n\t\t\t<\/div>\n\t\t\t\n\t\t\t\t\t\t\t<div class=\"title-after_title\">Cila \u00ebsht\u00eb nj\u00eb nd\u00ebr arsyet kryesore, q\u00eb na \u00e7on drejt ushqimeve t\u00eb pash\u00ebndetshme?\nMungesa e koh\u00ebs! Shpeshher\u00eb realitet, e shpeshher\u00eb i p\u00ebrdorur<br \/>\nsi justifikim drejt zgjidhjeve m\u00eb t\u00eb lehta dhe m\u00eb t\u00eb shpejta, por<br \/>\nedhe m\u00eb t\u00eb pash\u00ebndetshme ushqimore, mungesa e koh\u00ebs<br \/>\n\u00ebsht\u00eb ajo q\u00eb ka b\u00ebr\u00eb shum\u00eb d\u00ebme, n\u00eb shum\u00eb njer\u00ebz.<\/div>\n\t\t\t\n\t\t\t\t\t<\/div>\n\t\t\n\t\t<div id=\"wd-631e0f6c7b838\" class=\"woodmart-button-wrapper text-center\"><a href=\"https:\/\/v1.neformemeaulonen.com\/en\/bli\/30-receta-per-30-dite\/\" title=\"\" class=\"btn btn-color-primary btn-style-default btn-shape-rectangle btn-size-default btn-full-width\">Zbulo m\u00eb shum\u00eb<\/a><\/div><div class=\"vc_empty_space\"   style=\"height: 35px\"><span class=\"vc_empty_space_inner\"><\/span><\/div><\/div><\/div><\/div><\/div><div class=\"vc_row wpb_row vc_row-fluid\"><div class=\"wpb_column vc_column_container vc_col-sm-6\"><div class=\"vc_column-inner\"><div class=\"wpb_wrapper\">\n\t<div  class=\"wpb_single_image wpb_content_element vc_align_left\">\n\t\t\n\t\t<figure class=\"wpb_wrapper vc_figure\">\n\t\t\t<div class=\"vc_single_image-wrapper   vc_box_border_grey\"><img decoding=\"async\" width=\"375\" height=\"500\" src=\"data:image\/png;base64,iVBORw0KGgoAAAANSUhEUgAAAAoAAAAOCAYAAAAWo42rAAAACXBIWXMAAA7EAAAOxAGVKw4bAAABgklEQVQokUXNPWsUUQCF4efenZlsTLIBJfjdiCgSRLERFRRtxNrKxsY\/YCloZ2tnZWmlIPgTtBLSWKogghAlhvgRkt3EnZk7ey1W8cApDrznnOBFl+VMmtB2pI4mUY+nuW2oa9FcZLbHbMlsRb9iuC4+vCQ+vknEzIyowsw\/R6qCtjbXiwabq+z8pKxEBdodSqalwL4lZe4UvUKImaoUdUnx\/InehxXWP4nfPopr740XD8klR5\/dpRcVykI6dU7x6qVQ16p3b8zs\/GDSEoLQnydGUcaFK\/LSEfn2AylUtkY7toZDm9vbfi3sFwJRQg7y8bMW7l0Xz9\/g9EXKvpwZ9RfJWdQhMTlz2ejOI82t+ywtK\/YeNJhfUC1fpcsKyVSZfOYaa195\/VQXGr8nSdpYlY91ohrNX7d4v0I3lutdbW75\/JbUKYwTMU5Xu8zGF7rx9CQTht9JrcJu8x\/MmQMn9ffMS+WASa2fGqOmVRjtTsEQmGBwWAg9\/f5Aan6q9p+gqf0BfSKiQJYwxbQAAAAASUVORK5CYII=\" class=\"vc_single_image-img attachment-large woodmart-lazy-load woodmart-lazy-fade\" alt=\"\" title=\"Personal Trainer\" srcset=\"\" sizes=\"(max-width: 375px) 100vw, 375px\" data-wood-src=\"https:\/\/v1.neformemeaulonen.com\/wp-content\/uploads\/2022\/08\/Personal-Trainer.png\" data-srcset=\"https:\/\/v1.neformemeaulonen.com\/wp-content\/uploads\/2022\/08\/Personal-Trainer.png 375w, https:\/\/v1.neformemeaulonen.com\/wp-content\/uploads\/2022\/08\/Personal-Trainer-225x300.png 225w, https:\/\/v1.neformemeaulonen.com\/wp-content\/uploads\/2022\/08\/Personal-Trainer-9x12.png 9w\" \/><\/div>\n\t\t<\/figure>\n\t<\/div>\n<\/div><\/div><\/div><div class=\"wpb_column vc_column_container vc_col-sm-6\"><div class=\"vc_column-inner\"><div class=\"wpb_wrapper\">\n\t\t<div id=\"wd-62f27177b0ba3\" class=\"title-wrapper  woodmart-title-color-default woodmart-title-style-default woodmart-title-width-100 text-center woodmart-title-size-default\">\n\t\t\t\n\t\t\t<div class=\"liner-continer\">\n\t\t\t\t<span class=\"left-line\"><\/span>\n\t\t\t\t<h4 class=\"woodmart-title-container title  woodmart-font-weight-\" >Online Personal training + K\u00ebshillim<\/h4>\t\t\t\t\t\t\t\t<span class=\"right-line\"><\/span>\n\t\t\t<\/div>\n\t\t\t\n\t\t\t\t\t\t\t<div class=\"title-after_title\">Nj\u00eb nd\u00ebr k\u00ebrkesat q\u00eb kam pasur m\u00eb shum\u00eb q\u00eb nga koha kur u krijua www.neformemeaulonen.com ka qen\u00eb mund\u00ebsia e zhvillimit t\u00eb paketave personale st\u00ebrvitore, p\u00ebr t\u00eb gjitha ato vajza\/gra q\u00eb duan nj\u00eb program st\u00ebrvitor dhe regjim ushqimor t\u00eb personalizuar, n\u00eb baz\u00eb t\u00eb k\u00ebrkesave dhe nevojave specifike q\u00eb kan\u00eb, si me trupin, ashtu edhe me ushqimin.<\/div>\n\t\t\t\n\t\t\t\t\t<\/div>\n\t\t\n\t\t<div id=\"wd-62f2a4608209a\" class=\"woodmart-button-wrapper text-center\"><a href=\"https:\/\/v1.neformemeaulonen.com\/en\/personal-trainer\/\" title=\"\" class=\"btn btn-color-primary btn-style-default btn-shape-rectangle btn-size-default btn-full-width\">Zbulo m\u00eb shum\u00eb<\/a><\/div><div class=\"vc_empty_space\"   style=\"height: 35px\"><span class=\"vc_empty_space_inner\"><\/span><\/div><\/div><\/div><\/div><\/div><div id=\"sec2\" class=\"vc_row wpb_row vc_row-fluid\"><div class=\"wpb_column vc_column_container vc_col-sm-12\"><div class=\"vc_column-inner\"><div class=\"wpb_wrapper\">\n\t<div class=\"wpb_raw_code wpb_content_element wpb_raw_html\" >\n\t\t<div class=\"wpb_wrapper\">\n\t\t\t<!--sector2-->\n<div class=\"container-fluid container2\" style=\"position: relative;\">\n  <div class=\"row\">\n    <div class=\"col-md-12\">\n      <p class=\"bigSubtitle\">NFMA<\/p>\n      <h2 class=\"bigTitle\">Let's train together.<\/h2>\n    <\/div>\n  <\/div>\n  <div class=\"row\">\n    <div class=\"col-md-4 col21\" onclick=\"window.location.href='\/programet\/#dobesim';\">\n      <div class=\"text\">\n<div style=\"display: flex; justify-content: space-between; width: 95%;\">\n<p class=\"title2\">Weight Loss<\/p>\n<p class=\"price\"><\/p>\n<\/div>\n      <p class=\"duration\">8 weeks<\/p>\n      <\/div>\n      <div class=\"hidden\">\n        <button>Eksploro Paketen<\/button>\n      <\/div>\n    <\/div>\n    <div class=\"col-md-4 col22\" onclick=\"window.location.href='\/programet\/#shtim';\">\n      <div class=\"text\">\n      <div style=\"display: flex; justify-content: space-between; width: 95%;\">\n<p class=\"title2\">Mass Building Program<\/p>\n<p class=\"price\"><\/p>\n<\/div>\n      <p class=\"duration\">8 weeks<\/p>\n      <\/div>\n      <div class=\"hidden\">\n        <button>Eksploro Paketen<\/button>\n      <\/div>\n    <\/div>\n    <div class=\"col-md-4 col23\" onclick=\"window.location.href='\/programet\/#tonifikim';\">\n      <div class=\"text\">\n      <div style=\"display: flex; justify-content: space-between; width: 95%;\">\n<p class=\"title2\">Toning Program<\/p>\n<p class=\"price\"><\/p>\n<\/div>\n      <p class=\"duration\">8 weeks<\/p>\n      <\/div>\n      <div class=\"hidden\">\n        <button>Eksploro Paketen<\/button>\n      <\/div>\n    <\/div>\n  <\/div>\n<\/div>\n\t\t<\/div>\n\t<\/div>\n<\/div><\/div><\/div><\/div><div id=\"sec3\" class=\"vc_row wpb_row vc_row-fluid\"><div class=\"wpb_column vc_column_container vc_col-sm-12\"><div class=\"vc_column-inner\"><div class=\"wpb_wrapper\">\n\t<div class=\"wpb_raw_code wpb_content_element wpb_raw_html\" >\n\t\t<div class=\"wpb_wrapper\">\n\t\t\t<!--sector3-->\n<div class=\"container\">\n  <div class=\"row\">\n<div class=\"col-md-6 col32\">\n      <!--<h1>-17%<\/h1>-->\n      <h4>Combo package<\/h4>\n      <p>Program dob\u00ebsimi nr.1 st\u00ebrvitje + regjim ushqimor, 7500 Lek\u00eb!<\/p>\n<p><\/p>\n      <button class=\"btn31\" onclick=\"window.location.href='\/dobesim-programi-pare\/';\">Buy Weight Loss Program<\/button>\n      <button class=\"btn32\" onclick=\"window.location.href='\/programet\/';\">Explore Programs<\/button>\n<\/div>\n    <div class=\"col-md-12 col31\">\n    <\/div>\n  <\/div>\n<\/div>\n\t\t<\/div>\n\t<\/div>\n<\/div><\/div><\/div><\/div><div class=\"vc_row wpb_row vc_row-fluid\"><div class=\"wpb_column vc_column_container vc_col-sm-12\"><div class=\"vc_column-inner\"><div class=\"wpb_wrapper\">\n\t<div class=\"wpb_raw_code wpb_content_element wpb_raw_html\" >\n\t\t<div class=\"wpb_wrapper\">\n\t\t\t<!--section4-->\n<div class=\"container-fluid container3\" style=\"position:relative;padding-top:2%;\">\n  <div class=\"row\">\n    <div class=\"col-md-12\">\n      <p class=\"bigSubtitle\">NFMA<\/p>\n      <h2 class=\"bigTitle2\">BMI Calculator<\/h2>\n<p class=\"bigSubtitle2\">Body Mass Index (BMI) is a measure of body fat based on height and weight that applies to adult men and women.<\/p>\n    <\/div>\n  <\/div>\n  <div class=\"row\">\n    <div class=\"col-md-12\">\n      <div class=\"sbf_form\">\n<div class=\"sbf_form_inner\">\n<div>Valid for age 20 or older.<\/div>\n<div>Set units:<br>\n<button id=\"sbf_button_0\" class=\"sbf_button\" onclick=\"sbf_set_units(0);\">Imperial<\/button>\n<button id=\"sbf_button_1\" class=\"sbf_button\" onclick=\"sbf_set_units(1);\">Metric<\/button>\n<button id=\"sbf_button_2\" class=\"sbf_button\" onclick=\"sbf_set_units(2);\">US<\/button>\n<\/div>\n<div>Your weight:<br>\n<span id=\"sbf_weight_input\"><\/span>\n<\/div>\n<div>Your height:<br>\n<span id=\"sbf_height_input\"><\/span>\n<\/div>\n<div>\n<button class=\"button\" onclick=\"sbf_calculate(0);\">Calculate<\/button>\n<\/div>\n<div id=\"sbf_messages\"><\/div>\n<\/div>\n<\/div>\n<script>\n<!--\njQuery(document).ready(function($) {\n  sbf_set_units(1);\n} );\n\/\/-->\n<\/script>\n\n    <\/div>\n  <\/div>\n<\/div>\n\t\t<\/div>\n\t<\/div>\n<\/div><\/div><\/div><\/div><div id=\"sec5\" class=\"vc_row wpb_row vc_row-fluid\"><div class=\"wpb_column vc_column_container vc_col-sm-12\"><div class=\"vc_column-inner\"><div class=\"wpb_wrapper\">\n\t<div class=\"wpb_raw_code wpb_content_element wpb_raw_html\" >\n\t\t<div class=\"wpb_wrapper\">\n\t\t\t<!--section5-->\n<div class=\"center\">\n\t<div class=\"slider\" data-pos=\"0\">\n\t\t<div class=\"slider__slides\">\n\t\t\t<div class=\"slider__slide\">\n\t\t\t\t<h2><\/h2>\n\t\t\t\t<p>Today i finished the first program. From an 83 cm to 74.5 cm waist. Thank you very much and all the other girls were so fun! At first i did not think of it as an accomplishment but now i can say i made it!\ud83e\udd70\ud83e\udd70<\/p>\n\t\t\t\t<i class=\"fas fa-star\"><\/i>\n\t\t\t\t<i class=\"fas fa-star\"><\/i>\n\t\t\t\t<i class=\"fas fa-star\"><\/i>\n\t\t\t\t<i class=\"fas fa-star\"><\/i>\n\t\t\t\t<i class=\"fas fa-star\"><\/i>\n\t\t\t<\/div>\n\t\t\t<div class=\"slider__slide\">\n\t\t\t\t<h2><\/h2>\n\t\t\t\t<p>-30 kg at the end of both programs, just following the healthy diet of @ne_forme_me_aulonen and exercising from home \ud83d\ude0d\ud83d\ude0d <br><\/p>\n\t\t\t\t<i class=\"fas fa-star\"><\/i>\n\t\t\t\t<i class=\"fas fa-star\"><\/i>\n\t\t\t\t<i class=\"fas fa-star\"><\/i>\n\t\t\t\t<i class=\"fas fa-star\"><\/i>\n\t\t\t\t<i class=\"fas fa-star\"><\/i>\n\t\t\t<\/div>\n\t\t\t<div class=\"slider__slide\">\n\t\t\t\t<h2><\/h2>\n\t\t\t\t<p>Dear, today I finished 8 weeks of program 1. I do not know how to explain how happy I feel and how much self-confidence I have created since I saw the first results. My weight was 65kg and today it is 58kg but this for me does not matter at all because the main thing is the change I have in the perimeter .... I will continue for another 2 weeks I will do the week 6\/7 and then we will talk again about toning program. I do not think I will leave you with the exercises so much I started to love you and feel a lot of pleasure when I do \u2665 \ufe0f thank you dear for everything! <br>\nBy Google Translate<\/p>\n\t\t\t\t<i class=\"fas fa-star\"><\/i>\n\t\t\t\t<i class=\"fas fa-star\"><\/i>\n\t\t\t\t<i class=\"fas fa-star\"><\/i>\n\t\t\t\t<i class=\"fas fa-star\"><\/i>\n\t\t\t\t<i class=\"fas fa-star\"><\/i>\n\t\t\t<\/div>\n\t\t<\/div>\n\t\t<div class=\"slider__dots\">\n\t\t\t<a class=\"slider__indicator\"><\/a>\n\t\t\t<a class=\"slider__dot\" data-pos=\"0\"><\/a>\n\t\t\t<a class=\"slider__dot\" data-pos=\"1\"><\/a>\n\t\t\t<a class=\"slider__dot\" data-pos=\"2\"><\/a>\n\t\t<\/div>\n\t<\/div>\n<\/div>\n\t\t<\/div>\n\t<\/div>\n<\/div><\/div><\/div><\/div><div id=\"sec6\" class=\"vc_row wpb_row vc_row-fluid\"><div class=\"wpb_column vc_column_container vc_col-sm-12\"><div class=\"vc_column-inner\"><div class=\"wpb_wrapper\">\n\t<div class=\"wpb_raw_code wpb_content_element wpb_raw_html\" >\n\t\t<div class=\"wpb_wrapper\">\n\t\t\t<!--section6-->\n<div class=\"container-fluid container6\">\n<div class=\"layer\">\n  <div class=\"row\">\n    <div class=\"inner\">\n    <h2>A valuable lifestyle for you.<\/h2>\n    <p>Healthy food and full of taste! Isn't that the ideal one? Exactly why we created Healthylicious, your  home of healthy eating patterns and taste.<\/p>\n    <button onclick=\" window.location.href = '\/paketat\/';\">Food Packages<\/button>\n    <\/div>\n  <\/div>\n<\/div>\n<\/div>\n\t\t<\/div>\n\t<\/div>\n<\/div><\/div><\/div><\/div>\n<\/section>","protected":false},"excerpt":{"rendered":"N\u00eb form\u00eb me Aulon\u00ebn B\u00ebhu gati p\u00ebr sfid\u00ebn e madhe!!! Eja t\u00eb st\u00ebrvitemi bashk\u00eb. Programe t\u00eb krijuara p\u00ebr t\u00eb gjith\u00eb","protected":false},"author":2403,"featured_media":0,"parent":0,"menu_order":0,"comment_status":"closed","ping_status":"closed","template":"","meta":{"footnotes":""},"class_list":["post-14098","page","type-page","status-publish","hentry"],"yoast_head":"<!-- This site is optimized with the Yoast SEO plugin v22.6 - https:\/\/yoast.com\/wordpress\/plugins\/seo\/ -->\n<title>Mobile - N\u00eb form\u00eb me Aulonen<\/title>\n<meta name=\"description\" content=\"Ne forme me Aulonen\" \/>\n<meta name=\"robots\" content=\"index, follow, max-snippet:-1, max-image-preview:large, max-video-preview:-1\" \/>\n<link rel=\"canonical\" href=\"https:\/\/v1.neformemeaulonen.com\/en\/mobile\/\" \/>\n<meta property=\"og:locale\" content=\"en_US\" \/>\n<meta property=\"og:type\" content=\"article\" \/>\n<meta property=\"og:title\" content=\"Mobile - N\u00eb form\u00eb me Aulonen\" \/>\n<meta property=\"og:description\" content=\"Ne forme me Aulonen\" \/>\n<meta property=\"og:url\" content=\"https:\/\/v1.neformemeaulonen.com\/en\/mobile\/\" \/>\n<meta property=\"og:site_name\" content=\"N\u00eb form\u00eb me Aulonen\" \/>\n<meta property=\"article:publisher\" content=\"https:\/\/www.facebook.com\/Ne-forme-me-Aulonen-101759141608331\/\" \/>\n<meta property=\"article:modified_time\" content=\"2022-09-15T11:51:20+00:00\" \/>\n<meta property=\"og:image\" content=\"https:\/\/v1.neformemeaulonen.com\/wp-content\/uploads\/2021\/02\/tonifikim_regjim2.png\" \/>\n\t<meta property=\"og:image:width\" content=\"1041\" \/>\n\t<meta property=\"og:image:height\" content=\"780\" \/>\n\t<meta property=\"og:image:type\" content=\"image\/png\" \/>\n<meta name=\"twitter:card\" content=\"summary_large_image\" \/>\n<meta name=\"twitter:label1\" content=\"Est. reading time\" \/>\n\t<meta name=\"twitter:data1\" content=\"1 minute\" \/>\n<script type=\"application\/ld+json\" class=\"yoast-schema-graph\">{\"@context\":\"https:\/\/schema.org\",\"@graph\":[{\"@type\":\"WebPage\",\"@id\":\"https:\/\/v1.neformemeaulonen.com\/mobile\/\",\"url\":\"https:\/\/v1.neformemeaulonen.com\/mobile\/\",\"name\":\"Mobile - N\u00eb form\u00eb me Aulonen\",\"isPartOf\":{\"@id\":\"https:\/\/v1.neformemeaulonen.com\/#website\"},\"datePublished\":\"2021-04-06T17:37:13+00:00\",\"dateModified\":\"2022-09-15T11:51:20+00:00\",\"description\":\"Ne forme me Aulonen\",\"breadcrumb\":{\"@id\":\"https:\/\/v1.neformemeaulonen.com\/mobile\/#breadcrumb\"},\"inLanguage\":\"en-US\",\"potentialAction\":[{\"@type\":\"ReadAction\",\"target\":[\"https:\/\/v1.neformemeaulonen.com\/mobile\/\"]}]},{\"@type\":\"BreadcrumbList\",\"@id\":\"https:\/\/v1.neformemeaulonen.com\/mobile\/#breadcrumb\",\"itemListElement\":[{\"@type\":\"ListItem\",\"position\":1,\"name\":\"Home\",\"item\":\"https:\/\/v1.neformemeaulonen.com\/\"},{\"@type\":\"ListItem\",\"position\":2,\"name\":\"Mobile\"}]},{\"@type\":\"WebSite\",\"@id\":\"https:\/\/v1.neformemeaulonen.com\/#website\",\"url\":\"https:\/\/v1.neformemeaulonen.com\/\",\"name\":\"N\u00eb form\u00eb me Aulonen\",\"description\":\"Aulona\",\"publisher\":{\"@id\":\"https:\/\/v1.neformemeaulonen.com\/#organization\"},\"potentialAction\":[{\"@type\":\"SearchAction\",\"target\":{\"@type\":\"EntryPoint\",\"urlTemplate\":\"https:\/\/v1.neformemeaulonen.com\/?s={search_term_string}\"},\"query-input\":\"required name=search_term_string\"}],\"inLanguage\":\"en-US\"},{\"@type\":\"Organization\",\"@id\":\"https:\/\/v1.neformemeaulonen.com\/#organization\",\"name\":\"Ne Forme Me Aulonen\",\"url\":\"https:\/\/v1.neformemeaulonen.com\/\",\"logo\":{\"@type\":\"ImageObject\",\"inLanguage\":\"en-US\",\"@id\":\"https:\/\/v1.neformemeaulonen.com\/#\/schema\/logo\/image\/\",\"url\":\"https:\/\/i0.wp.com\/neformemeaulonen.com\/wp-content\/uploads\/2021\/02\/cropped-logo-2.png?fit=512%2C512&ssl=1\",\"contentUrl\":\"https:\/\/i0.wp.com\/neformemeaulonen.com\/wp-content\/uploads\/2021\/02\/cropped-logo-2.png?fit=512%2C512&ssl=1\",\"width\":512,\"height\":512,\"caption\":\"Ne Forme Me Aulonen\"},\"image\":{\"@id\":\"https:\/\/v1.neformemeaulonen.com\/#\/schema\/logo\/image\/\"},\"sameAs\":[\"https:\/\/www.facebook.com\/Ne-forme-me-Aulonen-101759141608331\/\",\"https:\/\/www.instagram.com\/ne_forme_me_aulonen\/\"]}]}<\/script>\n<!-- \/ Yoast SEO plugin. -->","yoast_head_json":{"title":"Mobile - N\u00eb form\u00eb me Aulonen","description":"Ne forme me Aulonen","robots":{"index":"index","follow":"follow","max-snippet":"max-snippet:-1","max-image-preview":"max-image-preview:large","max-video-preview":"max-video-preview:-1"},"canonical":"https:\/\/v1.neformemeaulonen.com\/en\/mobile\/","og_locale":"en_US","og_type":"article","og_title":"Mobile - N\u00eb form\u00eb me Aulonen","og_description":"Ne forme me Aulonen","og_url":"https:\/\/v1.neformemeaulonen.com\/en\/mobile\/","og_site_name":"N\u00eb form\u00eb me Aulonen","article_publisher":"https:\/\/www.facebook.com\/Ne-forme-me-Aulonen-101759141608331\/","article_modified_time":"2022-09-15T11:51:20+00:00","og_image":[{"width":1041,"height":780,"url":"https:\/\/v1.neformemeaulonen.com\/wp-content\/uploads\/2021\/02\/tonifikim_regjim2.png","type":"image\/png"}],"twitter_card":"summary_large_image","twitter_misc":{"Est. reading time":"1 minute"},"schema":{"@context":"https:\/\/schema.org","@graph":[{"@type":"WebPage","@id":"https:\/\/v1.neformemeaulonen.com\/mobile\/","url":"https:\/\/v1.neformemeaulonen.com\/mobile\/","name":"Mobile - N\u00eb form\u00eb me Aulonen","isPartOf":{"@id":"https:\/\/v1.neformemeaulonen.com\/#website"},"datePublished":"2021-04-06T17:37:13+00:00","dateModified":"2022-09-15T11:51:20+00:00","description":"Ne forme me Aulonen","breadcrumb":{"@id":"https:\/\/v1.neformemeaulonen.com\/mobile\/#breadcrumb"},"inLanguage":"en-US","potentialAction":[{"@type":"ReadAction","target":["https:\/\/v1.neformemeaulonen.com\/mobile\/"]}]},{"@type":"BreadcrumbList","@id":"https:\/\/v1.neformemeaulonen.com\/mobile\/#breadcrumb","itemListElement":[{"@type":"ListItem","position":1,"name":"Home","item":"https:\/\/v1.neformemeaulonen.com\/"},{"@type":"ListItem","position":2,"name":"Mobile"}]},{"@type":"WebSite","@id":"https:\/\/v1.neformemeaulonen.com\/#website","url":"https:\/\/v1.neformemeaulonen.com\/","name":"N\u00eb form\u00eb me Aulonen","description":"Aulona","publisher":{"@id":"https:\/\/v1.neformemeaulonen.com\/#organization"},"potentialAction":[{"@type":"SearchAction","target":{"@type":"EntryPoint","urlTemplate":"https:\/\/v1.neformemeaulonen.com\/?s={search_term_string}"},"query-input":"required name=search_term_string"}],"inLanguage":"en-US"},{"@type":"Organization","@id":"https:\/\/v1.neformemeaulonen.com\/#organization","name":"Ne Forme Me Aulonen","url":"https:\/\/v1.neformemeaulonen.com\/","logo":{"@type":"ImageObject","inLanguage":"en-US","@id":"https:\/\/v1.neformemeaulonen.com\/#\/schema\/logo\/image\/","url":"https:\/\/i0.wp.com\/neformemeaulonen.com\/wp-content\/uploads\/2021\/02\/cropped-logo-2.png?fit=512%2C512&ssl=1","contentUrl":"https:\/\/i0.wp.com\/neformemeaulonen.com\/wp-content\/uploads\/2021\/02\/cropped-logo-2.png?fit=512%2C512&ssl=1","width":512,"height":512,"caption":"Ne Forme Me Aulonen"},"image":{"@id":"https:\/\/v1.neformemeaulonen.com\/#\/schema\/logo\/image\/"},"sameAs":["https:\/\/www.facebook.com\/Ne-forme-me-Aulonen-101759141608331\/","https:\/\/www.instagram.com\/ne_forme_me_aulonen\/"]}]}},"_links":{"self":[{"href":"https:\/\/v1.neformemeaulonen.com\/en\/wp-json\/wp\/v2\/pages\/14098","targetHints":{"allow":["GET"]}}],"collection":[{"href":"https:\/\/v1.neformemeaulonen.com\/en\/wp-json\/wp\/v2\/pages"}],"about":[{"href":"https:\/\/v1.neformemeaulonen.com\/en\/wp-json\/wp\/v2\/types\/page"}],"author":[{"embeddable":true,"href":"https:\/\/v1.neformemeaulonen.com\/en\/wp-json\/wp\/v2\/users\/2403"}],"replies":[{"embeddable":true,"href":"https:\/\/v1.neformemeaulonen.com\/en\/wp-json\/wp\/v2\/comments?post=14098"}],"version-history":[{"count":10,"href":"https:\/\/v1.neformemeaulonen.com\/en\/wp-json\/wp\/v2\/pages\/14098\/revisions"}],"predecessor-version":[{"id":34477,"href":"https:\/\/v1.neformemeaulonen.com\/en\/wp-json\/wp\/v2\/pages\/14098\/revisions\/34477"}],"wp:attachment":[{"href":"https:\/\/v1.neformemeaulonen.com\/en\/wp-json\/wp\/v2\/media?parent=14098"}],"curies":[{"name":"wp","href":"https:\/\/api.w.org\/{rel}","templated":true}]}}