{"id":10418,"date":"2021-01-18T13:00:18","date_gmt":"2021-01-18T12:00:18","guid":{"rendered":"https:\/\/nfma.stema.al\/?page_id=10418"},"modified":"2022-02-27T23:07:40","modified_gmt":"2022-02-27T21:07:40","slug":"kodi-etik","status":"publish","type":"page","link":"https:\/\/v1.neformemeaulonen.com\/en\/kodi-etik\/","title":{"rendered":"Kodi Etik"},"content":{"rendered":"<section class=\"wpb-content-wrapper\"><div class=\"vc_row wpb_row vc_row-fluid\"><div class=\"wpb_column vc_column_container vc_col-sm-12\"><div class=\"vc_column-inner\"><div class=\"wpb_wrapper\"><div class=\"vc_empty_space\"   style=\"height: 32px\"><span class=\"vc_empty_space_inner\"><\/span><\/div>\n\t<div class=\"wpb_text_column wpb_content_element\" >\n\t\t<div class=\"wpb_wrapper\">\n\t\t\t<p>We stand by our name: we give you transparent information about our identity, address and how to contact us in a convenient way (eg email, social media, phone) before placing an order.<br \/>\nIn case we act on behalf of another merchant, we also inform you of their identity. The essential characteristics of products and services are adequately described.<br \/>\nProducts will be delivered based on the product description and photo.  We remind you about the existence of a legal guarantee of conformity for the goods. We will be clear and transparent in our offer and the price you have to pay for our services or products before entering the ordering process. We will not charge you for additional services or products unless you expressly agree to these additional services or products.<br \/>\nBefore the deadline of the contract you will see the final prices, VAT, shipping costs and any other additional service.  We take care to provide a transparent, accessible and easy ordering process that gives you the opportunity to check your order and eventually correct it before the contract is finally completed. We will always confirm your order and give you information about your order and progress. We use fair, easily accessible and transparent contract terms in plain language that respect your rights. We will provide an easy way to communicate, print or download these contracts conditions.<br \/>\nWe offer transparent, convenient, widely accepted and secure payment methods (eg PayPal, payment through invoice). We use transparent, convenient, widely accepted and secure delivery systems based on information provided at transparent prices. We will deliver at the place and time as specified on offer.<\/p>\n<p>Before signing  the contract, we will provide clear and transparent information about you legal rights and obligations  (as well as if required by EU legislation) , the European standard form of withdrawal. We will ensure easy and transparent returns and refund procedures. You can always contact us in an easy and convenient way.\n We are committed to providing a transparent and easily accessible customer service and grievance system. We inform you about the possibility of out-of-court dispute resolution and display the link to the European Online Dispute Resolution platform on our website. We respect your privacy, protect your data and take care of a secure online environment. We are transparent and inform you about the collection and processing of your data and the purposes for which we use them, including information about cookies policy. Data is collected to execute the contract and improve our offer for you and your purchasing experience. Your data is collected in accordance with data protection and privacy legislation and, to the extent required by law, only with your explicit consent.<\/p>\n\n\t\t<\/div>\n\t<\/div>\n<\/div><\/div><\/div><\/div>\n<\/section>","protected":false},"excerpt":{"rendered":"Ne q\u00ebndrojm\u00eb p\u00ebr emrin ton\u00eb: ne ju japim informacion t\u00eb qarte mbi identitetin ton\u00eb, adres\u00ebn dhe si te na kontaktoni","protected":false},"author":2403,"featured_media":0,"parent":0,"menu_order":0,"comment_status":"closed","ping_status":"closed","template":"","meta":{"footnotes":""},"class_list":["post-10418","page","type-page","status-publish","hentry"],"yoast_head":"<!-- This site is optimized with the Yoast SEO plugin v22.6 - https:\/\/yoast.com\/wordpress\/plugins\/seo\/ -->\n<title>Kodi Etik - N\u00eb form\u00eb me Aulonen<\/title>\n<meta name=\"description\" content=\"Ne forme me Aulonen\" \/>\n<meta name=\"robots\" content=\"index, follow, max-snippet:-1, max-image-preview:large, max-video-preview:-1\" \/>\n<link rel=\"canonical\" href=\"https:\/\/v1.neformemeaulonen.com\/en\/kodi-etik\/\" \/>\n<meta property=\"og:locale\" content=\"en_US\" \/>\n<meta property=\"og:type\" content=\"article\" \/>\n<meta property=\"og:title\" content=\"Kodi Etik - N\u00eb form\u00eb me Aulonen\" \/>\n<meta property=\"og:description\" content=\"Ne forme me Aulonen\" \/>\n<meta property=\"og:url\" content=\"https:\/\/v1.neformemeaulonen.com\/en\/kodi-etik\/\" \/>\n<meta property=\"og:site_name\" content=\"N\u00eb form\u00eb me Aulonen\" \/>\n<meta property=\"article:publisher\" content=\"https:\/\/www.facebook.com\/Ne-forme-me-Aulonen-101759141608331\/\" \/>\n<meta property=\"article:modified_time\" content=\"2022-02-27T21:07:40+00:00\" \/>\n<meta property=\"og:image\" content=\"https:\/\/v1.neformemeaulonen.com\/wp-content\/uploads\/2021\/02\/tonifikim_regjim2.png\" \/>\n\t<meta property=\"og:image:width\" content=\"1041\" \/>\n\t<meta property=\"og:image:height\" content=\"780\" \/>\n\t<meta property=\"og:image:type\" content=\"image\/png\" \/>\n<meta name=\"twitter:card\" content=\"summary_large_image\" \/>\n<meta name=\"twitter:label1\" content=\"Est. reading time\" \/>\n\t<meta name=\"twitter:data1\" content=\"3 minutes\" \/>\n<script type=\"application\/ld+json\" class=\"yoast-schema-graph\">{\"@context\":\"https:\/\/schema.org\",\"@graph\":[{\"@type\":\"WebPage\",\"@id\":\"https:\/\/v1.neformemeaulonen.com\/kodi-etik\/\",\"url\":\"https:\/\/v1.neformemeaulonen.com\/kodi-etik\/\",\"name\":\"Kodi Etik - N\u00eb form\u00eb me Aulonen\",\"isPartOf\":{\"@id\":\"https:\/\/v1.neformemeaulonen.com\/#website\"},\"datePublished\":\"2021-01-18T12:00:18+00:00\",\"dateModified\":\"2022-02-27T21:07:40+00:00\",\"description\":\"Ne forme me Aulonen\",\"breadcrumb\":{\"@id\":\"https:\/\/v1.neformemeaulonen.com\/kodi-etik\/#breadcrumb\"},\"inLanguage\":\"en-US\",\"potentialAction\":[{\"@type\":\"ReadAction\",\"target\":[\"https:\/\/v1.neformemeaulonen.com\/kodi-etik\/\"]}]},{\"@type\":\"BreadcrumbList\",\"@id\":\"https:\/\/v1.neformemeaulonen.com\/kodi-etik\/#breadcrumb\",\"itemListElement\":[{\"@type\":\"ListItem\",\"position\":1,\"name\":\"Home\",\"item\":\"https:\/\/v1.neformemeaulonen.com\/\"},{\"@type\":\"ListItem\",\"position\":2,\"name\":\"Kodi Etik\"}]},{\"@type\":\"WebSite\",\"@id\":\"https:\/\/v1.neformemeaulonen.com\/#website\",\"url\":\"https:\/\/v1.neformemeaulonen.com\/\",\"name\":\"N\u00eb form\u00eb me Aulonen\",\"description\":\"Aulona\",\"publisher\":{\"@id\":\"https:\/\/v1.neformemeaulonen.com\/#organization\"},\"potentialAction\":[{\"@type\":\"SearchAction\",\"target\":{\"@type\":\"EntryPoint\",\"urlTemplate\":\"https:\/\/v1.neformemeaulonen.com\/?s={search_term_string}\"},\"query-input\":\"required name=search_term_string\"}],\"inLanguage\":\"en-US\"},{\"@type\":\"Organization\",\"@id\":\"https:\/\/v1.neformemeaulonen.com\/#organization\",\"name\":\"Ne Forme Me Aulonen\",\"url\":\"https:\/\/v1.neformemeaulonen.com\/\",\"logo\":{\"@type\":\"ImageObject\",\"inLanguage\":\"en-US\",\"@id\":\"https:\/\/v1.neformemeaulonen.com\/#\/schema\/logo\/image\/\",\"url\":\"https:\/\/i0.wp.com\/neformemeaulonen.com\/wp-content\/uploads\/2021\/02\/cropped-logo-2.png?fit=512%2C512&ssl=1\",\"contentUrl\":\"https:\/\/i0.wp.com\/neformemeaulonen.com\/wp-content\/uploads\/2021\/02\/cropped-logo-2.png?fit=512%2C512&ssl=1\",\"width\":512,\"height\":512,\"caption\":\"Ne Forme Me Aulonen\"},\"image\":{\"@id\":\"https:\/\/v1.neformemeaulonen.com\/#\/schema\/logo\/image\/\"},\"sameAs\":[\"https:\/\/www.facebook.com\/Ne-forme-me-Aulonen-101759141608331\/\",\"https:\/\/www.instagram.com\/ne_forme_me_aulonen\/\"]}]}<\/script>\n<!-- \/ Yoast SEO plugin. -->","yoast_head_json":{"title":"Kodi Etik - N\u00eb form\u00eb me Aulonen","description":"Ne forme me Aulonen","robots":{"index":"index","follow":"follow","max-snippet":"max-snippet:-1","max-image-preview":"max-image-preview:large","max-video-preview":"max-video-preview:-1"},"canonical":"https:\/\/v1.neformemeaulonen.com\/en\/kodi-etik\/","og_locale":"en_US","og_type":"article","og_title":"Kodi Etik - N\u00eb form\u00eb me Aulonen","og_description":"Ne forme me Aulonen","og_url":"https:\/\/v1.neformemeaulonen.com\/en\/kodi-etik\/","og_site_name":"N\u00eb form\u00eb me Aulonen","article_publisher":"https:\/\/www.facebook.com\/Ne-forme-me-Aulonen-101759141608331\/","article_modified_time":"2022-02-27T21:07:40+00:00","og_image":[{"width":1041,"height":780,"url":"https:\/\/v1.neformemeaulonen.com\/wp-content\/uploads\/2021\/02\/tonifikim_regjim2.png","type":"image\/png"}],"twitter_card":"summary_large_image","twitter_misc":{"Est. reading time":"3 minutes"},"schema":{"@context":"https:\/\/schema.org","@graph":[{"@type":"WebPage","@id":"https:\/\/v1.neformemeaulonen.com\/kodi-etik\/","url":"https:\/\/v1.neformemeaulonen.com\/kodi-etik\/","name":"Kodi Etik - N\u00eb form\u00eb me Aulonen","isPartOf":{"@id":"https:\/\/v1.neformemeaulonen.com\/#website"},"datePublished":"2021-01-18T12:00:18+00:00","dateModified":"2022-02-27T21:07:40+00:00","description":"Ne forme me Aulonen","breadcrumb":{"@id":"https:\/\/v1.neformemeaulonen.com\/kodi-etik\/#breadcrumb"},"inLanguage":"en-US","potentialAction":[{"@type":"ReadAction","target":["https:\/\/v1.neformemeaulonen.com\/kodi-etik\/"]}]},{"@type":"BreadcrumbList","@id":"https:\/\/v1.neformemeaulonen.com\/kodi-etik\/#breadcrumb","itemListElement":[{"@type":"ListItem","position":1,"name":"Home","item":"https:\/\/v1.neformemeaulonen.com\/"},{"@type":"ListItem","position":2,"name":"Kodi Etik"}]},{"@type":"WebSite","@id":"https:\/\/v1.neformemeaulonen.com\/#website","url":"https:\/\/v1.neformemeaulonen.com\/","name":"N\u00eb form\u00eb me Aulonen","description":"Aulona","publisher":{"@id":"https:\/\/v1.neformemeaulonen.com\/#organization"},"potentialAction":[{"@type":"SearchAction","target":{"@type":"EntryPoint","urlTemplate":"https:\/\/v1.neformemeaulonen.com\/?s={search_term_string}"},"query-input":"required name=search_term_string"}],"inLanguage":"en-US"},{"@type":"Organization","@id":"https:\/\/v1.neformemeaulonen.com\/#organization","name":"Ne Forme Me Aulonen","url":"https:\/\/v1.neformemeaulonen.com\/","logo":{"@type":"ImageObject","inLanguage":"en-US","@id":"https:\/\/v1.neformemeaulonen.com\/#\/schema\/logo\/image\/","url":"https:\/\/i0.wp.com\/neformemeaulonen.com\/wp-content\/uploads\/2021\/02\/cropped-logo-2.png?fit=512%2C512&ssl=1","contentUrl":"https:\/\/i0.wp.com\/neformemeaulonen.com\/wp-content\/uploads\/2021\/02\/cropped-logo-2.png?fit=512%2C512&ssl=1","width":512,"height":512,"caption":"Ne Forme Me Aulonen"},"image":{"@id":"https:\/\/v1.neformemeaulonen.com\/#\/schema\/logo\/image\/"},"sameAs":["https:\/\/www.facebook.com\/Ne-forme-me-Aulonen-101759141608331\/","https:\/\/www.instagram.com\/ne_forme_me_aulonen\/"]}]}},"_links":{"self":[{"href":"https:\/\/v1.neformemeaulonen.com\/en\/wp-json\/wp\/v2\/pages\/10418","targetHints":{"allow":["GET"]}}],"collection":[{"href":"https:\/\/v1.neformemeaulonen.com\/en\/wp-json\/wp\/v2\/pages"}],"about":[{"href":"https:\/\/v1.neformemeaulonen.com\/en\/wp-json\/wp\/v2\/types\/page"}],"author":[{"embeddable":true,"href":"https:\/\/v1.neformemeaulonen.com\/en\/wp-json\/wp\/v2\/users\/2403"}],"replies":[{"embeddable":true,"href":"https:\/\/v1.neformemeaulonen.com\/en\/wp-json\/wp\/v2\/comments?post=10418"}],"version-history":[{"count":0,"href":"https:\/\/v1.neformemeaulonen.com\/en\/wp-json\/wp\/v2\/pages\/10418\/revisions"}],"wp:attachment":[{"href":"https:\/\/v1.neformemeaulonen.com\/en\/wp-json\/wp\/v2\/media?parent=10418"}],"curies":[{"name":"wp","href":"https:\/\/api.w.org\/{rel}","templated":true}]}}